{"id":25442,"date":"2025-08-19T00:22:16","date_gmt":"2025-08-18T21:22:16","guid":{"rendered":"https:\/\/pesu24.ee\/?post_type=product&#038;p=25442"},"modified":"2026-04-04T08:48:33","modified_gmt":"2026-04-04T06:48:33","slug":"sukad-axami-v-7834","status":"publish","type":"product","link":"https:\/\/pesu24.ee\/en\/sukad\/sukad-axami-v-7834\/","title":{"rendered":"Sukad Axami V-7834"},"content":{"rendered":"<p><strong>Elegantsed ihuv\u00e4rvi (bee\u017eid) isehoidvad sukad Axami pesubr\u00e4ndilt. Kaunistatud sensuaalse t\u00e4toveeringu imitatsiooniga ja viimistletud musta pitsiga, mis hoiab sukkasid t\u00e4iuslikult ja mugavana.<\/strong><\/p>\n<p>Ideaalsed sukad igale pesukomplektile, nii sukahoidjaga kui ka ilma. N\u00e4iteks sobivad ideaalselt <a href=\"https:\/\/pesu24.ee\/en\/topid-rinnahoidjad\/tugikaartega-poolkorsett-rinnahoidja-axami-v-10081\/\">V-10081 poolkorseti<\/a> ja <a href=\"https:\/\/pesu24.ee\/en\/stringid-puksikud\/stringid-axami-v-10088\/\">V-10088 stringidega<\/a>.<\/p>\n<p><span style=\"color: #008000;\"><strong>OMADUSED<\/strong><\/span><\/p>\n<ul>\n<li>komplektis sukad<\/li>\n<li>sukad on isehoidvad<\/li>\n<li>kvaliteetne ja vastupidav kangas<\/li>\n<li>82% pol\u00fcamiid, 18% elastaan<\/li>\n<li>saadaval suuruses S\/M ja L\/XL<\/li>\n<\/ul>\n<p>Tutvu ka k\u00f5igi teiste <a href=\"https:\/\/pesu24.ee\/en\/omadus\/axami\/\">Axami pesudega<\/a>.<\/p>","protected":false},"excerpt":{"rendered":"<p>&#46;&#46;&#46;<\/p>","protected":false},"featured_media":25561,"comment_status":"open","ping_status":"closed","template":"","meta":{"_glsr_average":0,"_glsr_ranking":0,"_glsr_reviews":0},"product_brand":[502],"product_cat":[29],"product_tag":[333],"class_list":{"0":"post-25442","1":"product","2":"type-product","3":"status-publish","4":"has-post-thumbnail","6":"product_brand-axami","7":"product_cat-sukad","8":"product_tag-axami","9":"pa_suurus-l-xl","10":"pa_suurus-s-m","11":"pa_varvus-must","13":"first","14":"outofstock","15":"sold-individually","16":"taxable","17":"shipping-taxable","18":"product-type-variable"},"_links":{"self":[{"href":"https:\/\/pesu24.ee\/en\/wp-json\/wp\/v2\/product\/25442","targetHints":{"allow":["GET"]}}],"collection":[{"href":"https:\/\/pesu24.ee\/en\/wp-json\/wp\/v2\/product"}],"about":[{"href":"https:\/\/pesu24.ee\/en\/wp-json\/wp\/v2\/types\/product"}],"replies":[{"embeddable":true,"href":"https:\/\/pesu24.ee\/en\/wp-json\/wp\/v2\/comments?post=25442"}],"wp:featuredmedia":[{"embeddable":true,"href":"https:\/\/pesu24.ee\/en\/wp-json\/wp\/v2\/media\/25561"}],"wp:attachment":[{"href":"https:\/\/pesu24.ee\/en\/wp-json\/wp\/v2\/media?parent=25442"}],"wp:term":[{"taxonomy":"product_brand","embeddable":true,"href":"https:\/\/pesu24.ee\/en\/wp-json\/wp\/v2\/product_brand?post=25442"},{"taxonomy":"product_cat","embeddable":true,"href":"https:\/\/pesu24.ee\/en\/wp-json\/wp\/v2\/product_cat?post=25442"},{"taxonomy":"product_tag","embeddable":true,"href":"https:\/\/pesu24.ee\/en\/wp-json\/wp\/v2\/product_tag?post=25442"}],"curies":[{"name":"wp","href":"https:\/\/api.w.org\/{rel}","templated":true}]}}