{"id":25444,"date":"2025-08-19T00:22:16","date_gmt":"2025-08-18T21:22:16","guid":{"rendered":"https:\/\/pesu24.ee\/?post_type=product&#038;p=25444"},"modified":"2025-08-20T16:45:59","modified_gmt":"2025-08-20T13:45:59","slug":"sukad-obsessive-s814-beez-valge","status":"publish","type":"product","link":"https:\/\/pesu24.ee\/en\/sukad\/sukad-obsessive-s814-beez-valge\/","title":{"rendered":"Sukad Obsessive S814"},"content":{"rendered":"<p>Obsessive S814 puhul on tegemist klassikaliste sukkadega, mis on rikastatud valge aktsendiga. Peen ja tihe bee\u017e v\u00f5rk r\u00f5hutab kaunilt jalgu ja punane viimistlus kaunistab fantastiliselt teie reied.<\/p>\n<p>Pehmed ja elastsed materjalid tagavad t\u00e4ieliku mugavuse ning koos sukahoidjaga v\u00f5imaldab teil luua v\u00e4limuse, mis on t\u00e4is seksapiili.<\/p>\n<p><span style=\"color: #008000;\"><strong>KOMPLEKT SISALDAB:<\/strong><\/span><\/p>\n<ul>\n<li>sukad S814<\/li>\n<\/ul>\n<p><span style=\"color: #008000;\"><strong>DETAILS:<\/strong><\/span><\/p>\n<ul>\n<li>bee\u017e v\u00f5rk<\/li>\n<li>valged \u00e4\u00e4red<\/li>\n<li>stockings are not self-supported<\/li>\n<li>15 DEN<\/li>\n<li>mugav materjal (94% pol\u00fcamiid; 6% elastaan)<\/li>\n<\/ul>","protected":false},"excerpt":{"rendered":"<p>&#46;&#46;&#46;<\/p>","protected":false},"featured_media":25572,"comment_status":"open","ping_status":"closed","template":"","meta":{"_glsr_average":0,"_glsr_ranking":0,"_glsr_reviews":0},"product_brand":[500],"product_cat":[29],"product_tag":[160],"class_list":{"0":"post-25444","1":"product","2":"type-product","3":"status-publish","4":"has-post-thumbnail","6":"product_brand-obsessive","7":"product_cat-sukad","8":"product_tag-obsessive","9":"pa_suurus-l-xl","10":"pa_suurus-s-m","11":"pa_varvus-valge","13":"first","14":"instock","15":"sold-individually","16":"taxable","17":"shipping-taxable","18":"purchasable","19":"product-type-variable"},"_links":{"self":[{"href":"https:\/\/pesu24.ee\/en\/wp-json\/wp\/v2\/product\/25444","targetHints":{"allow":["GET"]}}],"collection":[{"href":"https:\/\/pesu24.ee\/en\/wp-json\/wp\/v2\/product"}],"about":[{"href":"https:\/\/pesu24.ee\/en\/wp-json\/wp\/v2\/types\/product"}],"replies":[{"embeddable":true,"href":"https:\/\/pesu24.ee\/en\/wp-json\/wp\/v2\/comments?post=25444"}],"wp:featuredmedia":[{"embeddable":true,"href":"https:\/\/pesu24.ee\/en\/wp-json\/wp\/v2\/media\/25572"}],"wp:attachment":[{"href":"https:\/\/pesu24.ee\/en\/wp-json\/wp\/v2\/media?parent=25444"}],"wp:term":[{"taxonomy":"product_brand","embeddable":true,"href":"https:\/\/pesu24.ee\/en\/wp-json\/wp\/v2\/product_brand?post=25444"},{"taxonomy":"product_cat","embeddable":true,"href":"https:\/\/pesu24.ee\/en\/wp-json\/wp\/v2\/product_cat?post=25444"},{"taxonomy":"product_tag","embeddable":true,"href":"https:\/\/pesu24.ee\/en\/wp-json\/wp\/v2\/product_tag?post=25444"}],"curies":[{"name":"wp","href":"https:\/\/api.w.org\/{rel}","templated":true}]}}