{"id":25658,"date":"2025-08-19T00:26:30","date_gmt":"2025-08-18T21:26:30","guid":{"rendered":"https:\/\/pesu24.ee\/?post_type=product&#038;p=25658"},"modified":"2025-11-27T08:09:17","modified_gmt":"2025-11-27T05:09:17","slug":"isehoidvad-punased-sukad-axami-v-7084","status":"publish","type":"product","link":"https:\/\/pesu24.ee\/en\/sukad\/isehoidvad-punased-sukad-axami-v-7084\/","title":{"rendered":"Isehoidvad punased sukad Axami V-7084"},"content":{"rendered":"<p><strong>Elegantsed punased isehoidvad sukad Axami pesubr\u00e4ndilt. Tugevdatud silikoonist s\u00e4\u00e4reosaga, kus vaheldumisi \u00fcks osa on punane ja teine l\u00e4bipaistev, mis loob visuaalselt kauni efekti.\u00a0<\/strong><\/p>\n<p>Ideaalsed sukad igale punasele pesukomplektile, nii sukahoidjaga kui ka ilma. N\u00e4iteks sobivad ideaalselt tulipunase rinnahoidja <a href=\"https:\/\/pesu24.ee\/en\/topid-rinnahoidjad\/rinnahoidja-axami-v-9531\/\">Axami V-9531<\/a> ja brasiilia stringidega <a href=\"https:\/\/pesu24.ee\/en\/stringid-puksikud\/brasiilia-stringid-axami-v-9535\/\">Axami V-9535<\/a>.<\/p>\n<p><span style=\"color: #008000;\"><strong>OMADUSED<\/strong><\/span><\/p>\n<ul>\n<li>komplektis punased sukad<\/li>\n<li>sukad on isehoidvad<\/li>\n<li>kvaliteetne ja vastupidav kangas<\/li>\n<li>puuvill 8%, elastaan 15%, pol\u00fcamiid 85%<\/li>\n<li>saadaval suuruses S\/M ja L\/XL<\/li>\n<\/ul>\n<p>Tutvu ka k\u00f5igi teiste\u00a0<a href=\"https:\/\/pesu24.ee\/en\/omadus\/axami\/\">Axami pesudega<\/a>.<\/p>","protected":false},"excerpt":{"rendered":"<p>&#46;&#46;&#46;<\/p>","protected":false},"featured_media":25675,"comment_status":"open","ping_status":"closed","template":"","meta":{"_glsr_average":0,"_glsr_ranking":0,"_glsr_reviews":0},"product_brand":[502],"product_cat":[29],"product_tag":[333,440],"class_list":{"0":"post-25658","1":"product","2":"type-product","3":"status-publish","4":"has-post-thumbnail","6":"product_brand-axami","7":"product_cat-sukad","8":"product_tag-axami","9":"product_tag-summer-love","10":"pa_suurus-l-xl","11":"pa_suurus-s-m","12":"pa_varvus-punane","14":"first","15":"outofstock","16":"sold-individually","17":"taxable","18":"shipping-taxable","19":"product-type-variable"},"_links":{"self":[{"href":"https:\/\/pesu24.ee\/en\/wp-json\/wp\/v2\/product\/25658","targetHints":{"allow":["GET"]}}],"collection":[{"href":"https:\/\/pesu24.ee\/en\/wp-json\/wp\/v2\/product"}],"about":[{"href":"https:\/\/pesu24.ee\/en\/wp-json\/wp\/v2\/types\/product"}],"replies":[{"embeddable":true,"href":"https:\/\/pesu24.ee\/en\/wp-json\/wp\/v2\/comments?post=25658"}],"wp:featuredmedia":[{"embeddable":true,"href":"https:\/\/pesu24.ee\/en\/wp-json\/wp\/v2\/media\/25675"}],"wp:attachment":[{"href":"https:\/\/pesu24.ee\/en\/wp-json\/wp\/v2\/media?parent=25658"}],"wp:term":[{"taxonomy":"product_brand","embeddable":true,"href":"https:\/\/pesu24.ee\/en\/wp-json\/wp\/v2\/product_brand?post=25658"},{"taxonomy":"product_cat","embeddable":true,"href":"https:\/\/pesu24.ee\/en\/wp-json\/wp\/v2\/product_cat?post=25658"},{"taxonomy":"product_tag","embeddable":true,"href":"https:\/\/pesu24.ee\/en\/wp-json\/wp\/v2\/product_tag?post=25658"}],"curies":[{"name":"wp","href":"https:\/\/api.w.org\/{rel}","templated":true}]}}