{"id":25659,"date":"2025-08-19T00:26:30","date_gmt":"2025-08-18T21:26:30","guid":{"rendered":"https:\/\/pesu24.ee\/?post_type=product&#038;p=25659"},"modified":"2025-11-13T11:10:26","modified_gmt":"2025-11-13T08:10:26","slug":"isehoidvad-beezid-sukad-axami-v-9644","status":"publish","type":"product","link":"https:\/\/pesu24.ee\/en\/sukad\/isehoidvad-beezid-sukad-axami-v-9644\/","title":{"rendered":"Isehoidvad bee\u017eid sukad Axami V-9644"},"content":{"rendered":"<p><strong>Elegantsed bee\u017eid isehoidvad sukad Axami pesubr\u00e4ndilt. Tugevdatud silikoonist s\u00e4\u00e4reosaga, kus vaheldumisi \u00fcks osa on bee\u017e ja teine l\u00e4bipaistev, mis loob visuaalselt kauni efekti.\u00a0<\/strong><\/p>\n<p>Ideaalsed sukad paljudele pesukomplektidele, nii sukahoidjaga kui ka ilma. N\u00e4iteks sobivad ideaalselt pehme rinnahoidjaga <a href=\"https:\/\/pesu24.ee\/en\/topid-rinnahoidjad\/pehme-rinnahoidja-axami-v-9521\/\">Axami V-9521<\/a>, sukahoidjaga <a href=\"https:\/\/pesu24.ee\/en\/aksessuaarid\/sukahoidja-axami-v-9522\/\">Axami V-9522<\/a> ja stringidega <a href=\"https:\/\/pesu24.ee\/en\/stringid-puksikud\/stringid-axami-v-9528\/\">Axami V-9522<\/a>, mis n\u00e4ha tootefotode viimasel fotol.<\/p>\n<p><span style=\"color: #008000;\"><strong>OMADUSED<\/strong><\/span><\/p>\n<ul>\n<li>komplektis bee\u017eid sukad<\/li>\n<li>sukad on isehoidvad<\/li>\n<li>kvaliteetne ja vastupidav kangas<\/li>\n<li>elastaan 15%, pol\u00fcamiid 85%<\/li>\n<li>saadaval suuruses S\/M ja L\/XL<\/li>\n<\/ul>\n<p>Tutvu ka k\u00f5igi teiste\u00a0<a href=\"https:\/\/pesu24.ee\/en\/omadus\/axami\/\">Axami pesudega<\/a>.<\/p>","protected":false},"excerpt":{"rendered":"<p>&#46;&#46;&#46;<\/p>","protected":false},"featured_media":25678,"comment_status":"open","ping_status":"closed","template":"","meta":{"_glsr_average":0,"_glsr_ranking":0,"_glsr_reviews":0},"product_brand":[502],"product_cat":[29],"product_tag":[333,440],"class_list":{"0":"post-25659","1":"product","2":"type-product","3":"status-publish","4":"has-post-thumbnail","6":"product_brand-axami","7":"product_cat-sukad","8":"product_tag-axami","9":"product_tag-summer-love","10":"pa_suurus-l-xl","11":"pa_suurus-s-m","12":"pa_varvus-beez","14":"first","15":"instock","16":"sold-individually","17":"taxable","18":"shipping-taxable","19":"purchasable","20":"product-type-variable"},"_links":{"self":[{"href":"https:\/\/pesu24.ee\/en\/wp-json\/wp\/v2\/product\/25659","targetHints":{"allow":["GET"]}}],"collection":[{"href":"https:\/\/pesu24.ee\/en\/wp-json\/wp\/v2\/product"}],"about":[{"href":"https:\/\/pesu24.ee\/en\/wp-json\/wp\/v2\/types\/product"}],"replies":[{"embeddable":true,"href":"https:\/\/pesu24.ee\/en\/wp-json\/wp\/v2\/comments?post=25659"}],"wp:featuredmedia":[{"embeddable":true,"href":"https:\/\/pesu24.ee\/en\/wp-json\/wp\/v2\/media\/25678"}],"wp:attachment":[{"href":"https:\/\/pesu24.ee\/en\/wp-json\/wp\/v2\/media?parent=25659"}],"wp:term":[{"taxonomy":"product_brand","embeddable":true,"href":"https:\/\/pesu24.ee\/en\/wp-json\/wp\/v2\/product_brand?post=25659"},{"taxonomy":"product_cat","embeddable":true,"href":"https:\/\/pesu24.ee\/en\/wp-json\/wp\/v2\/product_cat?post=25659"},{"taxonomy":"product_tag","embeddable":true,"href":"https:\/\/pesu24.ee\/en\/wp-json\/wp\/v2\/product_tag?post=25659"}],"curies":[{"name":"wp","href":"https:\/\/api.w.org\/{rel}","templated":true}]}}