{"id":25660,"date":"2025-08-19T00:26:30","date_gmt":"2025-08-18T21:26:30","guid":{"rendered":"https:\/\/pesu24.ee\/?post_type=product&#038;p=25660"},"modified":"2025-08-20T14:52:37","modified_gmt":"2025-08-20T11:52:37","slug":"garter-sukad-obsessive-s821","status":"publish","type":"product","link":"https:\/\/pesu24.ee\/en\/sukad\/garter-sukad-obsessive-s821\/","title":{"rendered":"Garter sukad Obsessive S821"},"content":{"rendered":"<p>Obsessive S821 garter sukad on valmistatud kvaliteetsest elastsest kangast, mis sobib h\u00e4sti jalgadele ja p\u00fcsib kindlalt \u00fcleval. Need sukad sobivad ideaalselt igap\u00e4evaseks kandmiseks v\u00f5i romantiliste \u00f5htute jaoks koos sobiva pesuga.\u00a0Sukkadel olevad loomamustrid r\u00f5hutavad nende temperamentset iseloomu ning lausa kutsuvad ennast kandma.<\/p>\n<p><span style=\"color: #008000;\"><strong>DETAILS:<\/strong><\/span><\/p>\n<ul>\n<li>kaunistatud loomamustritega<\/li>\n<li>saadaval universaalsuuruses &#8211; S\/M\/L<\/li>\n<li>avatud jalgevahe<\/li>\n<li>mugav ning elastne materjal (90% nailon, 10% elastaan)<\/li>\n<\/ul>","protected":false},"excerpt":{"rendered":"<p>&#46;&#46;&#46;<\/p>","protected":false},"featured_media":25706,"comment_status":"open","ping_status":"closed","template":"","meta":{"_glsr_average":0,"_glsr_ranking":0,"_glsr_reviews":0},"product_brand":[500],"product_cat":[29],"product_tag":[160],"class_list":{"0":"post-25660","1":"product","2":"type-product","3":"status-publish","4":"has-post-thumbnail","6":"product_brand-obsessive","7":"product_cat-sukad","8":"product_tag-obsessive","9":"pa_suurus-universaalsuurus","10":"pa_varvus-must","12":"first","13":"instock","14":"sold-individually","15":"taxable","16":"shipping-taxable","17":"purchasable","18":"product-type-simple"},"_links":{"self":[{"href":"https:\/\/pesu24.ee\/en\/wp-json\/wp\/v2\/product\/25660","targetHints":{"allow":["GET"]}}],"collection":[{"href":"https:\/\/pesu24.ee\/en\/wp-json\/wp\/v2\/product"}],"about":[{"href":"https:\/\/pesu24.ee\/en\/wp-json\/wp\/v2\/types\/product"}],"replies":[{"embeddable":true,"href":"https:\/\/pesu24.ee\/en\/wp-json\/wp\/v2\/comments?post=25660"}],"wp:featuredmedia":[{"embeddable":true,"href":"https:\/\/pesu24.ee\/en\/wp-json\/wp\/v2\/media\/25706"}],"wp:attachment":[{"href":"https:\/\/pesu24.ee\/en\/wp-json\/wp\/v2\/media?parent=25660"}],"wp:term":[{"taxonomy":"product_brand","embeddable":true,"href":"https:\/\/pesu24.ee\/en\/wp-json\/wp\/v2\/product_brand?post=25660"},{"taxonomy":"product_cat","embeddable":true,"href":"https:\/\/pesu24.ee\/en\/wp-json\/wp\/v2\/product_cat?post=25660"},{"taxonomy":"product_tag","embeddable":true,"href":"https:\/\/pesu24.ee\/en\/wp-json\/wp\/v2\/product_tag?post=25660"}],"curies":[{"name":"wp","href":"https:\/\/api.w.org\/{rel}","templated":true}]}}