{"id":25661,"date":"2025-08-19T00:26:30","date_gmt":"2025-08-18T21:26:30","guid":{"rendered":"https:\/\/pesu24.ee\/?post_type=product&#038;p=25661"},"modified":"2025-12-29T16:34:38","modified_gmt":"2025-12-29T13:34:38","slug":"isehoidvad-sukad-obsessive-heavenlly","status":"publish","type":"product","link":"https:\/\/pesu24.ee\/en\/sukad\/isehoidvad-sukad-obsessive-heavenlly\/","title":{"rendered":"Isehoidvad sukad Obsessive Heavenlly"},"content":{"rendered":"<p>Obsessive Heavenlly sukad on elegantne ja luksuslik lisand igale naise pesukollektsioonile. Need sukad on valmistatud kvaliteetsest materjalist, mis tagab vastupidavuse ja mugavuse kandmisel.<\/p>\n<p>Heavenlly sukad on \u00f5rnalt l\u00e4bipaistvad, lisades teie jalgadele sensuaalsust ja naiselikkust. Need on kaunistatud detailse pitsiga, mis annab neile luksusliku ja ahvatleva v\u00e4limuse. Sukad on varustatud elastse silikoonriba sisepinnaga (isehoidvad), mis tagavad kindla ja mugava paigal p\u00fcsimise kogu p\u00e4eva v\u00f5i \u00f5htu v\u00e4ltel.<\/p>\n<p>Obsessive Heavenlly sukad on saadaval erinevates suurustes, v\u00f5imaldades teil leida t\u00e4pselt teie kehakujule ja stiilieelistustele sobivad sukad. Need on ideaalsed kaaslased romantilisteks kohtinguteks v\u00f5i erilisteks s\u00fcndmusteks, lisades teie v\u00e4limusele elegantsi ja v\u00f5rgutavust.<\/p>\n<p>Olles nii stiilsed kui ka mugavad, annavad Obsessive Heavenlly sukad teile v\u00f5imaluse tunda end enesekindlalt ja seksikalt igas olukorras. Need sukad on t\u00e4iuslik viimistlus teie pesukomplektile, mis t\u00f5stab esile teie jalgade ilu ning loob v\u00f5rgutava ja pilkup\u00fc\u00fcdva v\u00e4limuse.<\/p>\n<p>Tutvuge ka teiste Obsessive Heavenlly pesukollektsiooni toodetega.<\/p>\n<p><span style=\"color: #008000;\"><strong>KOMPLEKT SISALDAB:<\/strong><\/span><\/p>\n<ul>\n<li>isehoidvad sukad Obsessive Heavenlly<\/li>\n<\/ul>\n<p><span style=\"color: #008000;\"><strong>DETAILS:<\/strong><\/span><\/p>\n<ul>\n<li>isehoidvad sukad<\/li>\n<li>kaunistatud pitsiga<\/li>\n<li>delikaatne l\u00e4bipaistev bee\u017e pits<\/li>\n<li>mugav &amp; elastne kangas (85% pol\u00fcamiid &amp; 15% elastaan)<\/li>\n<\/ul>\n<p><span style=\"color: #008000;\"><strong>VIDEO<\/strong><\/span><\/p>\n<div class=\"video-container\"><iframe loading=\"lazy\" title=\"DOKONAL\u00c9 PUN\u010cOCHY HEAVENLLY STOCKINGS - OBSESSIVE\" width=\"500\" height=\"281\" src=\"https:\/\/www.youtube.com\/embed\/PIyT9KqQhXc?feature=oembed&#038;wmode=opaque\" frameborder=\"0\" allow=\"accelerometer; autoplay; clipboard-write; encrypted-media; gyroscope; picture-in-picture; web-share\" referrerpolicy=\"strict-origin-when-cross-origin\" allowfullscreen><\/iframe><\/div>","protected":false},"excerpt":{"rendered":"<p>&#46;&#46;&#46;<\/p>","protected":false},"featured_media":25712,"comment_status":"open","ping_status":"closed","template":"","meta":{"_glsr_average":0,"_glsr_ranking":0,"_glsr_reviews":0},"product_brand":[500],"product_cat":[29],"product_tag":[443,160],"class_list":{"0":"post-25661","1":"product","2":"type-product","3":"status-publish","4":"has-post-thumbnail","6":"product_brand-obsessive","7":"product_cat-sukad","8":"product_tag-heavenlly","9":"product_tag-obsessive","10":"pa_suurus-m-l","11":"pa_suurus-xl-xxl","12":"pa_suurus-xs-s","13":"pa_varvus-valge","15":"first","16":"instock","17":"sold-individually","18":"taxable","19":"shipping-taxable","20":"purchasable","21":"product-type-variable"},"_links":{"self":[{"href":"https:\/\/pesu24.ee\/en\/wp-json\/wp\/v2\/product\/25661","targetHints":{"allow":["GET"]}}],"collection":[{"href":"https:\/\/pesu24.ee\/en\/wp-json\/wp\/v2\/product"}],"about":[{"href":"https:\/\/pesu24.ee\/en\/wp-json\/wp\/v2\/types\/product"}],"replies":[{"embeddable":true,"href":"https:\/\/pesu24.ee\/en\/wp-json\/wp\/v2\/comments?post=25661"}],"wp:featuredmedia":[{"embeddable":true,"href":"https:\/\/pesu24.ee\/en\/wp-json\/wp\/v2\/media\/25712"}],"wp:attachment":[{"href":"https:\/\/pesu24.ee\/en\/wp-json\/wp\/v2\/media?parent=25661"}],"wp:term":[{"taxonomy":"product_brand","embeddable":true,"href":"https:\/\/pesu24.ee\/en\/wp-json\/wp\/v2\/product_brand?post=25661"},{"taxonomy":"product_cat","embeddable":true,"href":"https:\/\/pesu24.ee\/en\/wp-json\/wp\/v2\/product_cat?post=25661"},{"taxonomy":"product_tag","embeddable":true,"href":"https:\/\/pesu24.ee\/en\/wp-json\/wp\/v2\/product_tag?post=25661"}],"curies":[{"name":"wp","href":"https:\/\/api.w.org\/{rel}","templated":true}]}}