{"id":25662,"date":"2025-08-19T00:26:30","date_gmt":"2025-08-18T21:26:30","guid":{"rendered":"https:\/\/pesu24.ee\/?post_type=product&#038;p=25662"},"modified":"2025-10-12T03:41:37","modified_gmt":"2025-10-12T00:41:37","slug":"sukad-axami-pampero-v-7064","status":"publish","type":"product","link":"https:\/\/pesu24.ee\/en\/sukad\/sukad-axami-pampero-v-7064\/","title":{"rendered":"Sukad Axami Pampero V-7064"},"content":{"rendered":"<p><strong>Siidiselt siledad mustad sukad Pampero V-7064. Sukad on isehoidvad ja suurep\u00e4rane t\u00e4iendus igale riietusele. <\/strong><\/p>\n<p>Nad t\u00e4idavad oma \u00fclesannet suurep\u00e4raselt nii igap\u00e4evastes olukordades kui ka suurematel \u00fcritustel &#8211; r\u00f5hutades teie jalgade ilu.<\/p>\n<p><strong><span style=\"color: #008000;\">OMADUSED<\/span><\/strong><\/p>\n<ul>\n<li>sukad on isehoidvad<\/li>\n<li>kvaliteetne kangas<\/li>\n<li>88% pol\u00fcamiid, 12% elastaan<\/li>\n<li>saadaval suurustes S\/M ja L\/XL<\/li>\n<li>suurus S\/M pikkus reiel on 58-64cm<\/li>\n<li>suurus L\/XL pikkus reiel on 66-74cm<\/li>\n<\/ul>","protected":false},"excerpt":{"rendered":"<p>&#46;&#46;&#46;<\/p>","protected":false},"featured_media":25717,"comment_status":"open","ping_status":"closed","template":"","meta":{"_glsr_average":0,"_glsr_ranking":0,"_glsr_reviews":0},"product_brand":[502],"product_cat":[29],"product_tag":[333],"class_list":{"0":"post-25662","1":"product","2":"type-product","3":"status-publish","4":"has-post-thumbnail","6":"product_brand-axami","7":"product_cat-sukad","8":"product_tag-axami","9":"pa_suurus-l-xl","10":"pa_suurus-s-m","11":"pa_varvus-must","13":"first","14":"instock","15":"sold-individually","16":"taxable","17":"shipping-taxable","18":"purchasable","19":"product-type-variable"},"_links":{"self":[{"href":"https:\/\/pesu24.ee\/en\/wp-json\/wp\/v2\/product\/25662","targetHints":{"allow":["GET"]}}],"collection":[{"href":"https:\/\/pesu24.ee\/en\/wp-json\/wp\/v2\/product"}],"about":[{"href":"https:\/\/pesu24.ee\/en\/wp-json\/wp\/v2\/types\/product"}],"replies":[{"embeddable":true,"href":"https:\/\/pesu24.ee\/en\/wp-json\/wp\/v2\/comments?post=25662"}],"wp:featuredmedia":[{"embeddable":true,"href":"https:\/\/pesu24.ee\/en\/wp-json\/wp\/v2\/media\/25717"}],"wp:attachment":[{"href":"https:\/\/pesu24.ee\/en\/wp-json\/wp\/v2\/media?parent=25662"}],"wp:term":[{"taxonomy":"product_brand","embeddable":true,"href":"https:\/\/pesu24.ee\/en\/wp-json\/wp\/v2\/product_brand?post=25662"},{"taxonomy":"product_cat","embeddable":true,"href":"https:\/\/pesu24.ee\/en\/wp-json\/wp\/v2\/product_cat?post=25662"},{"taxonomy":"product_tag","embeddable":true,"href":"https:\/\/pesu24.ee\/en\/wp-json\/wp\/v2\/product_tag?post=25662"}],"curies":[{"name":"wp","href":"https:\/\/api.w.org\/{rel}","templated":true}]}}