{"id":25663,"date":"2025-08-19T00:26:30","date_gmt":"2025-08-18T21:26:30","guid":{"rendered":"https:\/\/pesu24.ee\/?post_type=product&#038;p=25663"},"modified":"2025-08-21T14:27:50","modified_gmt":"2025-08-21T11:27:50","slug":"isehoidvad-valged-sukad-axami-v-9794","status":"publish","type":"product","link":"https:\/\/pesu24.ee\/en\/sukad\/isehoidvad-valged-sukad-axami-v-9794\/","title":{"rendered":"Isehoidvad valged sukad Axami V-9794"},"content":{"rendered":"<p><strong>Sensuaalsed, elastsed valged sukad Axami V-9794. Sukad on isehoidvad ja suurep\u00e4rane lisa mistahes pesule. Sukad on kaunistatud lillepitsimustriga ja sobivad ideaalselt igap\u00e4evaste kui ka erilist ning ainulaadsete stiilide ja r\u00f5ivaste t\u00e4ienduseks. <\/strong><\/p>\n<p>Sukkade s\u00e4\u00e4red on valmistatud elastsest v\u00f5rgust ja kogu see kombinatsioon kvaliteetsest kangast ning disainist panevad teid tundma end seksikalt ja naiselikult.<\/p>\n<p><span style=\"color: #008000;\"><strong>OMADUSED<\/strong><\/span><\/p>\n<ul>\n<li>komplektis valged sukad<\/li>\n<li>kvaliteetne kangas, mugav kanda<\/li>\n<li>88% pol\u00fcamiid, 12% elastaan<\/li>\n<li>saadaval suurustes S, M, L ja XL<\/li>\n<li>S vastab suurusele 2 ja pikkus reiel 58-60cm<\/li>\n<li>M vastab suurusele 3 ja pikkus reiel 62-64cm<\/li>\n<li>L vastab suurusele 4 ja pikkus reiel 66-68cm<\/li>\n<li>XL vastab suurusele 5 ja pikkus reiel 70-74cm<\/li>\n<\/ul>\n<p>Viimasel tootefotodel on avatud rinnahoidja <a href=\"https:\/\/pesu24.ee\/en\/topid-rinnahoidjad\/lumivalgest-pitsist-rinnahoidja-axami-v-9821\/\" target=\"_blank\" rel=\"noopener\">Axami V-9821<\/a> ja avatud stringid <a href=\"https:\/\/pesu24.ee\/en\/stringid-puksikud\/lumivalged-avatud-stringid-axami-v-9828\/\" target=\"_blank\" rel=\"noopener\">Axami V-9828<\/a>, mis on samuti saadaval meie e-poes ja tuleb osta eraldi.<\/p>\n<p>Lisaks sobivad suurep\u00e4raselt kokku ka ilma sukapaeladeta pihav\u00f6\u00f6ga <a href=\"https:\/\/pesu24.ee\/en\/aksessuaarid\/lumivalge-pihavoo-axami-v-9792\/\">Axami V-9792<\/a>, kinniste stringidega <a href=\"https:\/\/pesu24.ee\/en\/stringid-puksikud\/lumivalged-stringid-axami-v-9798\/\">Axami V-9798<\/a> ja teises stiilis avatud rinnahoidjaga <a href=\"https:\/\/pesu24.ee\/en\/topid-rinnahoidjad\/avatud-lumivalge-rinnahoidja-axami-v-9791\/\">Axami V-9791<\/a>.<\/p>","protected":false},"excerpt":{"rendered":"<p>&#46;&#46;&#46;<\/p>","protected":false},"featured_media":25725,"comment_status":"open","ping_status":"closed","template":"","meta":{"_glsr_average":0,"_glsr_ranking":0,"_glsr_reviews":0},"product_brand":[502],"product_cat":[29],"product_tag":[333,445],"class_list":{"0":"post-25663","1":"product","2":"type-product","3":"status-publish","4":"has-post-thumbnail","6":"product_brand-axami","7":"product_cat-sukad","8":"product_tag-axami","9":"product_tag-love-cave","10":"pa_suurus-l","11":"pa_suurus-m","12":"pa_suurus-s","13":"pa_suurus-xl","14":"pa_varvus-valge","16":"first","17":"instock","18":"sold-individually","19":"taxable","20":"shipping-taxable","21":"purchasable","22":"product-type-variable"},"_links":{"self":[{"href":"https:\/\/pesu24.ee\/en\/wp-json\/wp\/v2\/product\/25663","targetHints":{"allow":["GET"]}}],"collection":[{"href":"https:\/\/pesu24.ee\/en\/wp-json\/wp\/v2\/product"}],"about":[{"href":"https:\/\/pesu24.ee\/en\/wp-json\/wp\/v2\/types\/product"}],"replies":[{"embeddable":true,"href":"https:\/\/pesu24.ee\/en\/wp-json\/wp\/v2\/comments?post=25663"}],"wp:featuredmedia":[{"embeddable":true,"href":"https:\/\/pesu24.ee\/en\/wp-json\/wp\/v2\/media\/25725"}],"wp:attachment":[{"href":"https:\/\/pesu24.ee\/en\/wp-json\/wp\/v2\/media?parent=25663"}],"wp:term":[{"taxonomy":"product_brand","embeddable":true,"href":"https:\/\/pesu24.ee\/en\/wp-json\/wp\/v2\/product_brand?post=25663"},{"taxonomy":"product_cat","embeddable":true,"href":"https:\/\/pesu24.ee\/en\/wp-json\/wp\/v2\/product_cat?post=25663"},{"taxonomy":"product_tag","embeddable":true,"href":"https:\/\/pesu24.ee\/en\/wp-json\/wp\/v2\/product_tag?post=25663"}],"curies":[{"name":"wp","href":"https:\/\/api.w.org\/{rel}","templated":true}]}}