{"id":25669,"date":"2025-08-19T00:26:30","date_gmt":"2025-08-18T21:26:30","guid":{"rendered":"https:\/\/pesu24.ee\/?post_type=product&#038;p=25669"},"modified":"2025-08-20T16:44:31","modified_gmt":"2025-08-20T13:44:31","slug":"sukad-axami-v-7894","status":"publish","type":"product","link":"https:\/\/pesu24.ee\/en\/sukad\/sukad-axami-v-7894\/","title":{"rendered":"Sukad Axami V-7894"},"content":{"rendered":"<p><strong>Elegantsed bee\u017eikad-ihuv\u00e4rvi <a href=\"https:\/\/pesu24.ee\/en\/omadus\/candy-shop\/\">Candy Shop<\/a> pesukollektsiooni kuuluvad klassikalised, aga samal ajal v\u00e4ga v\u00f5luvad sukad Axami V-7894. Need on viimistletud mustade triipudega, mis tagab t\u00e4iusliku v\u00e4limuse ja kandmismugavuse. <\/strong><\/p>\n<p>Kombineerides mistahes pesuga, n\u00e4evad need koos lihtsalt suurep\u00e4rased v\u00e4lja.<\/p>\n<p><span style=\"color: #008000;\"><strong>OMADUSED<\/strong><\/span><\/p>\n<ul>\n<li>komplektis bee\u017eikad ihuv\u00e4rvi sukad<\/li>\n<li>sukad on isehoidvad<\/li>\n<li>elastne, kvaliteetne kangas<\/li>\n<li>82% pol\u00fcamiid, 18% elastaan<\/li>\n<li>saadaval suurustes S\/M ja L\/XL<\/li>\n<\/ul>\n<p>Tootefotodel on avatud rinnahoidja Axami V-7891, sukav\u00f6\u00f6 Axami V-7892 ja stringid Axami V-7898.\u00a0K\u00f5ik need tooted on saadaval meie e-poes ja need tuleb osta eraldi.<\/p>\n<hr \/>\n<p><span style=\"color: #008000;\"><strong>VIDEO<\/strong><\/span><\/p>\n<p>Axami <a href=\"https:\/\/pesu24.ee\/en\/omadus\/candy-shop\/\">Candy Shop<\/a> pesukollektsiooni tutvustav video.<\/p>\n<div style=\"width: 1280px;\" class=\"wp-video\"><video class=\"wp-video-shortcode\" id=\"video-25669-1\" width=\"1280\" height=\"720\" preload=\"metadata\" controls=\"controls\"><source type=\"video\/mp4\" src=\"https:\/\/loveshop.ee\/wp-content\/uploads\/2023\/05\/candy-shop.mp4?_=1\" \/><a href=\"https:\/\/loveshop.ee\/wp-content\/uploads\/2023\/05\/candy-shop.mp4\">https:\/\/loveshop.ee\/wp-content\/uploads\/2023\/05\/candy-shop.mp4<\/a><\/video><\/div>","protected":false},"excerpt":{"rendered":"<p>&#46;&#46;&#46;<\/p>","protected":false},"featured_media":25729,"comment_status":"open","ping_status":"closed","template":"","meta":{"_glsr_average":0,"_glsr_ranking":0,"_glsr_reviews":0},"product_brand":[502],"product_cat":[29],"product_tag":[333,446],"class_list":{"0":"post-25669","1":"product","2":"type-product","3":"status-publish","4":"has-post-thumbnail","6":"product_brand-axami","7":"product_cat-sukad","8":"product_tag-axami","9":"product_tag-candy-shop","10":"pa_suurus-l-xl","11":"pa_suurus-s-m","12":"pa_varvus-must","14":"first","15":"instock","16":"sold-individually","17":"taxable","18":"shipping-taxable","19":"purchasable","20":"product-type-variable"},"_links":{"self":[{"href":"https:\/\/pesu24.ee\/en\/wp-json\/wp\/v2\/product\/25669","targetHints":{"allow":["GET"]}}],"collection":[{"href":"https:\/\/pesu24.ee\/en\/wp-json\/wp\/v2\/product"}],"about":[{"href":"https:\/\/pesu24.ee\/en\/wp-json\/wp\/v2\/types\/product"}],"replies":[{"embeddable":true,"href":"https:\/\/pesu24.ee\/en\/wp-json\/wp\/v2\/comments?post=25669"}],"wp:featuredmedia":[{"embeddable":true,"href":"https:\/\/pesu24.ee\/en\/wp-json\/wp\/v2\/media\/25729"}],"wp:attachment":[{"href":"https:\/\/pesu24.ee\/en\/wp-json\/wp\/v2\/media?parent=25669"}],"wp:term":[{"taxonomy":"product_brand","embeddable":true,"href":"https:\/\/pesu24.ee\/en\/wp-json\/wp\/v2\/product_brand?post=25669"},{"taxonomy":"product_cat","embeddable":true,"href":"https:\/\/pesu24.ee\/en\/wp-json\/wp\/v2\/product_cat?post=25669"},{"taxonomy":"product_tag","embeddable":true,"href":"https:\/\/pesu24.ee\/en\/wp-json\/wp\/v2\/product_tag?post=25669"}],"curies":[{"name":"wp","href":"https:\/\/api.w.org\/{rel}","templated":true}]}}