{"id":25674,"date":"2025-08-19T00:26:30","date_gmt":"2025-08-18T21:26:30","guid":{"rendered":"https:\/\/pesu24.ee\/?post_type=product&#038;p=25674"},"modified":"2025-12-01T23:15:23","modified_gmt":"2025-12-01T20:15:23","slug":"sukad-obsessive-darkessia","status":"publish","type":"product","link":"https:\/\/pesu24.ee\/en\/sukad\/sukad-obsessive-darkessia\/","title":{"rendered":"Sukad Obsessive Darkessia"},"content":{"rendered":"<p>Obsessive Darkessia sukad on luksuslikud ja k\u00fctkestavad, mis toovad esile teia tumeda poole. Nende sukkade elegantne must pits ja siidised detailid annavad neile sensuaalse ja salap\u00e4rase ilme.<\/p>\n<p>Darkessia sukkadele on omistatud peaaegu kummaline v\u00f5lu, mis t\u00f5mbab teid enda poole. Pehmest ja kvaliteetsest materjalist valmistatud sukad pakuvad mugavust ja tunnetust, mis paneb teidenesekindlalt tundma.<\/p>\n<p>Nende ainulaadne disain ja t\u00e4iuslik viimistlus muudavad need sukad \u00fclimaks aksessuaariks, et v\u00e4ljendada oma unikaalset stiili ja lisada veidi m\u00fcstikat oma riietusele. Obsessive Darkessia sukad on valmistatud selleks, et esile tuua teie sisemine pimedus ja avaldada muljet igale pilgule.<\/p>\n<p><span style=\"color: #008000;\"><strong>KOMPLEKT SISALDAB:<\/strong><\/span><\/p>\n<ul>\n<li>sukad<\/li>\n<\/ul>\n<p><span style=\"color: #008000;\"><strong>DETAILS:<\/strong><\/span><\/p>\n<ul>\n<li>mustad v\u00f5rksukad<\/li>\n<li>t\u00f5stavad teie enesekindlust<\/li>\n<li>stockings are not self-supported<\/li>\n<li>mugav ja elastne kangas (95% pol\u00fcester; 5% elastaan)<\/li>\n<\/ul>\n<p><span style=\"color: #008000;\"><strong>VIDEO<\/strong><\/span><\/p>\n<div class=\"video-container\"><iframe loading=\"lazy\" title=\"S\u00cd\u0164OVAN\u00c9 PUN\u010cOCHY DARKESSIA STOCKINGS - OBSESSIVE\" width=\"500\" height=\"281\" src=\"https:\/\/www.youtube.com\/embed\/kA8doEdJsQg?feature=oembed&#038;wmode=opaque\" frameborder=\"0\" allow=\"accelerometer; autoplay; clipboard-write; encrypted-media; gyroscope; picture-in-picture; web-share\" referrerpolicy=\"strict-origin-when-cross-origin\" allowfullscreen><\/iframe><\/div>","protected":false},"excerpt":{"rendered":"<ul>\n<li>v\u00f5rgutavad bee\u017ei v\u00f5rgu ja punase pitsiga sukad<\/li>\n<li>stockings are not self-supported<\/li>\n<li>sobivad ideaalselt &#8220;838&#8221; korsetiga<\/li>\n<li>mugav materjal (85% pol\u00fcamiid; 15% elastaan)<\/li>\n<\/ul>","protected":false},"featured_media":25744,"comment_status":"open","ping_status":"closed","template":"","meta":{"_glsr_average":0,"_glsr_ranking":0,"_glsr_reviews":0},"product_brand":[500],"product_cat":[29],"product_tag":[160],"class_list":{"0":"post-25674","1":"product","2":"type-product","3":"status-publish","4":"has-post-thumbnail","6":"product_brand-obsessive","7":"product_cat-sukad","8":"product_tag-obsessive","9":"pa_suurus-l-xl","10":"pa_suurus-s-m","11":"pa_varvus-must","13":"first","14":"instock","15":"sold-individually","16":"taxable","17":"shipping-taxable","18":"purchasable","19":"product-type-variable"},"_links":{"self":[{"href":"https:\/\/pesu24.ee\/en\/wp-json\/wp\/v2\/product\/25674","targetHints":{"allow":["GET"]}}],"collection":[{"href":"https:\/\/pesu24.ee\/en\/wp-json\/wp\/v2\/product"}],"about":[{"href":"https:\/\/pesu24.ee\/en\/wp-json\/wp\/v2\/types\/product"}],"replies":[{"embeddable":true,"href":"https:\/\/pesu24.ee\/en\/wp-json\/wp\/v2\/comments?post=25674"}],"wp:featuredmedia":[{"embeddable":true,"href":"https:\/\/pesu24.ee\/en\/wp-json\/wp\/v2\/media\/25744"}],"wp:attachment":[{"href":"https:\/\/pesu24.ee\/en\/wp-json\/wp\/v2\/media?parent=25674"}],"wp:term":[{"taxonomy":"product_brand","embeddable":true,"href":"https:\/\/pesu24.ee\/en\/wp-json\/wp\/v2\/product_brand?post=25674"},{"taxonomy":"product_cat","embeddable":true,"href":"https:\/\/pesu24.ee\/en\/wp-json\/wp\/v2\/product_cat?post=25674"},{"taxonomy":"product_tag","embeddable":true,"href":"https:\/\/pesu24.ee\/en\/wp-json\/wp\/v2\/product_tag?post=25674"}],"curies":[{"name":"wp","href":"https:\/\/api.w.org\/{rel}","templated":true}]}}