{"id":25683,"date":"2025-08-19T00:26:59","date_gmt":"2025-08-18T21:26:59","guid":{"rendered":"https:\/\/pesu24.ee\/?post_type=product&#038;p=25683"},"modified":"2026-03-23T12:33:53","modified_gmt":"2026-03-23T10:33:53","slug":"sukad-obsessive-maderris","status":"publish","type":"product","link":"https:\/\/pesu24.ee\/en\/sukad\/sukad-obsessive-maderris\/","title":{"rendered":"Sukad Obsessive Maderris"},"content":{"rendered":"<p>Obsessive Madrerris sukkade puhul on p\u00f6\u00f6ratud erilist t\u00e4helepanu detailidele ja kvaliteedile, kasutades k\u00f5rgekvaliteedilisi kangaid ja kudumistehnikaid. Need sukad on tuntud oma elegantse ja sensuaalse disaini poolest, mis r\u00f5hutavad naise jalgu ja lisavad nende v\u00e4ljan\u00e4gemisele v\u00f5rgutavat nooti.<\/p>\n<p>Sukad on kaunistatud detailse pitsiga, mis annab neile luksusliku ja ahvatleva v\u00e4limuse.\u00a0Obsessive Maderris sukad on saadaval erinevates suurustes, v\u00f5imaldades teil leida t\u00e4pselt teie kehakujule ja stiilieelistustele sobivad sukad. Need on ideaalsed kaaslased romantilisteks kohtinguteks v\u00f5i erilisteks s\u00fcndmusteks, lisades teie v\u00e4limusele elegantsi ja v\u00f5rgutavust.<\/p>\n<p>Tutvuge ka teiste <a href=\"https:\/\/pesu24.ee\/en\/omadus\/obsessive-maderris\/\">Obsessive Maderris<\/a> pesukollektsiooni toodetega.<\/p>\n<p><span style=\"color: #008000;\"><strong>KOMPLEKT SISALDAB:<\/strong><\/span><\/p>\n<ul>\n<li>sukad<\/li>\n<\/ul>\n<p><span style=\"color: #008000;\"><strong>DETAILS:<\/strong><\/span><\/p>\n<ul>\n<li>sensuaalsed mustad sukad<\/li>\n<li>pitsist \u00e4\u00e4risega<\/li>\n<li>stockings are not self-supported<\/li>\n<li>mugav &amp; elastne kangas (85% pol\u00fcamiid &amp; 15% elastaan)<\/li>\n<\/ul>\n<p><span style=\"color: #008000;\"><strong>VIDEO<\/strong><\/span><\/p>\n<div class=\"video-container\"><iframe loading=\"lazy\" title=\"DOKONAL\u00c9 PUN\u010cOCHY MADERRIS STOCKINGS - OBSESSIVE\" width=\"500\" height=\"281\" src=\"https:\/\/www.youtube.com\/embed\/uSMFiBbL9ug?feature=oembed&#038;wmode=opaque\" frameborder=\"0\" allow=\"accelerometer; autoplay; clipboard-write; encrypted-media; gyroscope; picture-in-picture; web-share\" referrerpolicy=\"strict-origin-when-cross-origin\" allowfullscreen><\/iframe><\/div>","protected":false},"excerpt":{"rendered":"<p>&#46;&#46;&#46;<\/p>","protected":false},"featured_media":25748,"comment_status":"open","ping_status":"closed","template":"","meta":{"_glsr_average":0,"_glsr_ranking":0,"_glsr_reviews":0},"product_brand":[500],"product_cat":[29],"product_tag":[160,448],"class_list":{"0":"post-25683","1":"product","2":"type-product","3":"status-publish","4":"has-post-thumbnail","6":"product_brand-obsessive","7":"product_cat-sukad","8":"product_tag-obsessive","9":"product_tag-obsessive-maderris","10":"pa_suurus-m-l","11":"pa_suurus-xl-xxl","12":"pa_suurus-xs-s","13":"pa_varvus-must","15":"first","16":"instock","17":"sale","18":"sold-individually","19":"taxable","20":"shipping-taxable","21":"purchasable","22":"product-type-variable"},"_links":{"self":[{"href":"https:\/\/pesu24.ee\/en\/wp-json\/wp\/v2\/product\/25683","targetHints":{"allow":["GET"]}}],"collection":[{"href":"https:\/\/pesu24.ee\/en\/wp-json\/wp\/v2\/product"}],"about":[{"href":"https:\/\/pesu24.ee\/en\/wp-json\/wp\/v2\/types\/product"}],"replies":[{"embeddable":true,"href":"https:\/\/pesu24.ee\/en\/wp-json\/wp\/v2\/comments?post=25683"}],"wp:featuredmedia":[{"embeddable":true,"href":"https:\/\/pesu24.ee\/en\/wp-json\/wp\/v2\/media\/25748"}],"wp:attachment":[{"href":"https:\/\/pesu24.ee\/en\/wp-json\/wp\/v2\/media?parent=25683"}],"wp:term":[{"taxonomy":"product_brand","embeddable":true,"href":"https:\/\/pesu24.ee\/en\/wp-json\/wp\/v2\/product_brand?post=25683"},{"taxonomy":"product_cat","embeddable":true,"href":"https:\/\/pesu24.ee\/en\/wp-json\/wp\/v2\/product_cat?post=25683"},{"taxonomy":"product_tag","embeddable":true,"href":"https:\/\/pesu24.ee\/en\/wp-json\/wp\/v2\/product_tag?post=25683"}],"curies":[{"name":"wp","href":"https:\/\/api.w.org\/{rel}","templated":true}]}}