{"id":25687,"date":"2025-08-19T00:26:59","date_gmt":"2025-08-18T21:26:59","guid":{"rendered":"https:\/\/pesu24.ee\/?post_type=product&#038;p=25687"},"modified":"2025-08-20T16:41:20","modified_gmt":"2025-08-20T13:41:20","slug":"sukad-obsessive-bellastia","status":"publish","type":"product","link":"https:\/\/pesu24.ee\/en\/sukad\/sukad-obsessive-bellastia\/","title":{"rendered":"Sukad Obsessive Bellastia"},"content":{"rendered":"<p>Obsessive Bellastia sukad on sensuaalsed ja elegantse disainiga sukkp\u00fcksid, mis lisavad naiselikkust ja luksust igale riietusele. Need sukad on valmistatud kvaliteetsest materjalist ning neil on peen viimistlus.<\/p>\n<p>Bellastia sukadel on kaunis pits\u00e4\u00e4reosa, mis lisab neile eriti v\u00f5rgutava puudutuse. Need sukad on ideaalsed lisaks erilistele hetkedele v\u00f5i lihtsalt selleks, et tunda end enesekindlalt ja kaunina igal p\u00e4eval. Bellastia sukad on luksuslik valik, mis r\u00f5hutab teie ilu ja elegantsi.<\/p>\n<p>Tutvuge ka teiste <a href=\"https:\/\/pesu24.ee\/en\/omadus\/obsessive-bellastia\/\">Obsessive Bellastia<\/a> pesukollektsiooni toodetega.<\/p>\n<p><span style=\"color: #008000;\"><strong>KOMPLEKT SISALDAB:<\/strong><\/span><\/p>\n<ul>\n<li>sukad<\/li>\n<\/ul>\n<p><span style=\"color: #008000;\"><strong>DETAILS:<\/strong><\/span><\/p>\n<ul>\n<li>sensuaalsed nahatooni sukad<\/li>\n<li>must lillemotiiviga pits\u00e4\u00e4ris<\/li>\n<li>stockings are not self-supported<\/li>\n<li>mugav &amp; elastne kangas (85% pol\u00fcamiid &amp; 15% elastaan)<\/li>\n<\/ul>","protected":false},"excerpt":{"rendered":"<p>&#46;&#46;&#46;<\/p>","protected":false},"featured_media":25770,"comment_status":"open","ping_status":"closed","template":"","meta":{"_glsr_average":0,"_glsr_ranking":0,"_glsr_reviews":0},"product_brand":[500],"product_cat":[29],"product_tag":[160,454],"class_list":{"0":"post-25687","1":"product","2":"type-product","3":"status-publish","4":"has-post-thumbnail","6":"product_brand-obsessive","7":"product_cat-sukad","8":"product_tag-obsessive","9":"product_tag-obsessive-bellastia","10":"pa_suurus-m-l","11":"pa_suurus-xl-xxl","12":"pa_suurus-xs-s","13":"pa_varvus-must","15":"first","16":"instock","17":"sold-individually","18":"taxable","19":"shipping-taxable","20":"purchasable","21":"product-type-variable"},"_links":{"self":[{"href":"https:\/\/pesu24.ee\/en\/wp-json\/wp\/v2\/product\/25687","targetHints":{"allow":["GET"]}}],"collection":[{"href":"https:\/\/pesu24.ee\/en\/wp-json\/wp\/v2\/product"}],"about":[{"href":"https:\/\/pesu24.ee\/en\/wp-json\/wp\/v2\/types\/product"}],"replies":[{"embeddable":true,"href":"https:\/\/pesu24.ee\/en\/wp-json\/wp\/v2\/comments?post=25687"}],"wp:featuredmedia":[{"embeddable":true,"href":"https:\/\/pesu24.ee\/en\/wp-json\/wp\/v2\/media\/25770"}],"wp:attachment":[{"href":"https:\/\/pesu24.ee\/en\/wp-json\/wp\/v2\/media?parent=25687"}],"wp:term":[{"taxonomy":"product_brand","embeddable":true,"href":"https:\/\/pesu24.ee\/en\/wp-json\/wp\/v2\/product_brand?post=25687"},{"taxonomy":"product_cat","embeddable":true,"href":"https:\/\/pesu24.ee\/en\/wp-json\/wp\/v2\/product_cat?post=25687"},{"taxonomy":"product_tag","embeddable":true,"href":"https:\/\/pesu24.ee\/en\/wp-json\/wp\/v2\/product_tag?post=25687"}],"curies":[{"name":"wp","href":"https:\/\/api.w.org\/{rel}","templated":true}]}}