{"id":25690,"date":"2025-08-19T00:26:59","date_gmt":"2025-08-18T21:26:59","guid":{"rendered":"https:\/\/pesu24.ee\/?post_type=product&#038;p=25690"},"modified":"2026-01-02T14:13:22","modified_gmt":"2026-01-02T11:13:22","slug":"sukad-obsessive-ingridia","status":"publish","type":"product","link":"https:\/\/pesu24.ee\/en\/sukad\/sukad-obsessive-ingridia\/","title":{"rendered":"Sukad Obsessive Ingridia"},"content":{"rendered":"<p>R\u00f5hutage oma jalgade ilu Obsessive Ingridia bee\u017eide sukkadega, mis on t\u00e4iuslik viis oma enesekindluse ja naiselikkuse esiletoomiseks. Lisaks on sukkadel luksuslikust pitsist punane \u00e4\u00e4ris ning need muudavad teid t\u00e4helepanu keskpunktiks ja lisaks saate nautida meelierutavaid komplimente.<\/p>\n<p>Obsessive Ingridia sukkade ahvatlev disain teeb k\u00f5ik p\u00e4evas eriliseks ja pehme kangas tagab mugavuse kogu p\u00e4eva v\u00e4ltel. Kui soovite, et need hetked j\u00e4\u00e4ksid teile ja teie partnerile meeldej\u00e4\u00e4vaks, lisage nendele samav\u00f5rd k\u00fctkestav sukkpael.<\/p>\n<p>Tutvuge ka teiste <a href=\"https:\/\/pesu24.ee\/en\/omadus\/obsessive-ingridia\/\">Obsessive Ingridia<\/a>\u00a0pesukollektsiooni toodetega.<\/p>\n<p><span style=\"color: #008000;\"><strong>KOMPLEKT SISALDAB:<\/strong><\/span><\/p>\n<ul>\n<li>sukad<\/li>\n<\/ul>\n<p><span style=\"color: #008000;\"><strong>DETAILS:<\/strong><\/span><\/p>\n<ul>\n<li>sensuaalsed nahatooni sukad<\/li>\n<li>punane pits\u00e4\u00e4ris reitel<\/li>\n<li>stockings are not self-supported<\/li>\n<li>mugav &amp; elastne kangas (85% pol\u00fcamiid &amp; 15% elastaan)<\/li>\n<\/ul>","protected":false},"excerpt":{"rendered":"<p>&#46;&#46;&#46;<\/p>","protected":false},"featured_media":25788,"comment_status":"open","ping_status":"closed","template":"","meta":{"_glsr_average":0,"_glsr_ranking":0,"_glsr_reviews":0},"product_brand":[500],"product_cat":[29],"product_tag":[160,460],"class_list":{"0":"post-25690","1":"product","2":"type-product","3":"status-publish","4":"has-post-thumbnail","6":"product_brand-obsessive","7":"product_cat-sukad","8":"product_tag-obsessive","9":"product_tag-obsessive-ingridia","10":"pa_suurus-m-l","11":"pa_suurus-xl-xxl","12":"pa_suurus-xs-s","13":"pa_varvus-punane","15":"first","16":"instock","17":"sold-individually","18":"taxable","19":"shipping-taxable","20":"purchasable","21":"product-type-variable"},"_links":{"self":[{"href":"https:\/\/pesu24.ee\/en\/wp-json\/wp\/v2\/product\/25690","targetHints":{"allow":["GET"]}}],"collection":[{"href":"https:\/\/pesu24.ee\/en\/wp-json\/wp\/v2\/product"}],"about":[{"href":"https:\/\/pesu24.ee\/en\/wp-json\/wp\/v2\/types\/product"}],"replies":[{"embeddable":true,"href":"https:\/\/pesu24.ee\/en\/wp-json\/wp\/v2\/comments?post=25690"}],"wp:featuredmedia":[{"embeddable":true,"href":"https:\/\/pesu24.ee\/en\/wp-json\/wp\/v2\/media\/25788"}],"wp:attachment":[{"href":"https:\/\/pesu24.ee\/en\/wp-json\/wp\/v2\/media?parent=25690"}],"wp:term":[{"taxonomy":"product_brand","embeddable":true,"href":"https:\/\/pesu24.ee\/en\/wp-json\/wp\/v2\/product_brand?post=25690"},{"taxonomy":"product_cat","embeddable":true,"href":"https:\/\/pesu24.ee\/en\/wp-json\/wp\/v2\/product_cat?post=25690"},{"taxonomy":"product_tag","embeddable":true,"href":"https:\/\/pesu24.ee\/en\/wp-json\/wp\/v2\/product_tag?post=25690"}],"curies":[{"name":"wp","href":"https:\/\/api.w.org\/{rel}","templated":true}]}}