{"id":25692,"date":"2025-08-19T00:26:59","date_gmt":"2025-08-18T21:26:59","guid":{"rendered":"https:\/\/pesu24.ee\/?post_type=product&#038;p=25692"},"modified":"2025-12-20T14:32:29","modified_gmt":"2025-12-20T11:32:29","slug":"sukad-obsessive-s823","status":"publish","type":"product","link":"https:\/\/pesu24.ee\/en\/sukad\/sukad-obsessive-s823\/","title":{"rendered":"Sukad Obsessive S823"},"content":{"rendered":"<p>Kas soovite omada universaalset aksessuaari, mida saate kanda nii ametlikul kohtumisel kui ka romantilisel \u00f5htul? Seljuhul valige Obsessive S823 sukad, millega tunnete end mugavalt ja luksuslikult. K\u00f5ige pehmem v\u00f5rkmaterjal embab teie nahka \u00f5rnalt, vormides te jalgu ja hoiab neid suurep\u00e4raselt olenemata olukorrast.<\/p>\n<p><span style=\"color: #008000;\"><strong>KOMPLEKT SISALDAB:<\/strong><\/span><\/p>\n<ul>\n<li>sukad<\/li>\n<\/ul>\n<p><span style=\"color: #008000;\"><strong>DETAILS:<\/strong><\/span><\/p>\n<ul>\n<li>mustad sukad<\/li>\n<li>tavalise l\u00f5ikega &#8211; ideaalne igaks s\u00fcndmuseks<\/li>\n<li>peen v\u00f5rkmuster &#8211; r\u00f5hutab jalgu<\/li>\n<li>stockings are not self-supported<\/li>\n<li>universaalsuurus S\/M\/L<\/li>\n<li>mugav &amp; elastne kangas (22% pol\u00fcamiid &amp; 78% elastaan)<\/li>\n<\/ul>","protected":false},"excerpt":{"rendered":"<p>&#46;&#46;&#46;<\/p>","protected":false},"featured_media":25801,"comment_status":"open","ping_status":"closed","template":"","meta":{"_glsr_average":0,"_glsr_ranking":0,"_glsr_reviews":0},"product_brand":[500],"product_cat":[29],"product_tag":[160],"class_list":{"0":"post-25692","1":"product","2":"type-product","3":"status-publish","4":"has-post-thumbnail","6":"product_brand-obsessive","7":"product_cat-sukad","8":"product_tag-obsessive","9":"pa_suurus-universaalsuurus","10":"pa_varvus-must","12":"first","13":"instock","14":"sold-individually","15":"taxable","16":"shipping-taxable","17":"purchasable","18":"product-type-simple"},"_links":{"self":[{"href":"https:\/\/pesu24.ee\/en\/wp-json\/wp\/v2\/product\/25692","targetHints":{"allow":["GET"]}}],"collection":[{"href":"https:\/\/pesu24.ee\/en\/wp-json\/wp\/v2\/product"}],"about":[{"href":"https:\/\/pesu24.ee\/en\/wp-json\/wp\/v2\/types\/product"}],"replies":[{"embeddable":true,"href":"https:\/\/pesu24.ee\/en\/wp-json\/wp\/v2\/comments?post=25692"}],"wp:featuredmedia":[{"embeddable":true,"href":"https:\/\/pesu24.ee\/en\/wp-json\/wp\/v2\/media\/25801"}],"wp:attachment":[{"href":"https:\/\/pesu24.ee\/en\/wp-json\/wp\/v2\/media?parent=25692"}],"wp:term":[{"taxonomy":"product_brand","embeddable":true,"href":"https:\/\/pesu24.ee\/en\/wp-json\/wp\/v2\/product_brand?post=25692"},{"taxonomy":"product_cat","embeddable":true,"href":"https:\/\/pesu24.ee\/en\/wp-json\/wp\/v2\/product_cat?post=25692"},{"taxonomy":"product_tag","embeddable":true,"href":"https:\/\/pesu24.ee\/en\/wp-json\/wp\/v2\/product_tag?post=25692"}],"curies":[{"name":"wp","href":"https:\/\/api.w.org\/{rel}","templated":true}]}}