{"id":25695,"date":"2025-08-19T00:27:00","date_gmt":"2025-08-18T21:27:00","guid":{"rendered":"https:\/\/pesu24.ee\/?post_type=product&#038;p=25695"},"modified":"2025-08-21T15:14:53","modified_gmt":"2025-08-21T12:14:53","slug":"sukad-obsessive-s336","status":"publish","type":"product","link":"https:\/\/pesu24.ee\/en\/sukad\/sukad-obsessive-s336\/","title":{"rendered":"Sukad Obsessive S336"},"content":{"rendered":"<p>Kas teile meeldib olla t\u00e4helepanu keskpunktis? Sel juhul sobivad teile Obsessive S336 sukad, mis v\u00f5luvad ainulaadse disainiga. Peen v\u00f5rk ja mustad lainelised triibud t\u00f5mbavad t\u00e4helepanu ning muudavad magamistoa \u00f5hkkonna sensuaalseks ja kirglikuks. Elastne kangas m\u00e4hib su jalgu \u00f5rnalt, r\u00f5hutades paljastatud tagumikku.<\/p>\n<p><span style=\"color: #008000;\"><strong>KOMPLEKT SISALDAB:<\/strong><\/span><\/p>\n<ul>\n<li>sukad<\/li>\n<\/ul>\n<p><span style=\"color: #008000;\"><strong>DETAILS:<\/strong><\/span><\/p>\n<ul>\n<li>kaunistatud peene v\u00f5rgu ja triipudega<\/li>\n<li>avatud jalgevahe<\/li>\n<li>saadaval universaalsuuruses &#8211; S\/M\/L<\/li>\n<li>mugav &amp; elastne kangas (90% nailon &amp; 10% elastaan)<\/li>\n<\/ul>","protected":false},"excerpt":{"rendered":"<p>&#46;&#46;&#46;<\/p>","protected":false},"featured_media":25820,"comment_status":"open","ping_status":"closed","template":"","meta":{"_glsr_average":0,"_glsr_ranking":0,"_glsr_reviews":0},"product_brand":[500],"product_cat":[29],"product_tag":[160],"class_list":{"0":"post-25695","1":"product","2":"type-product","3":"status-publish","4":"has-post-thumbnail","6":"product_brand-obsessive","7":"product_cat-sukad","8":"product_tag-obsessive","9":"pa_suurus-universaalsuurus","10":"pa_varvus-must","12":"first","13":"instock","14":"sold-individually","15":"taxable","16":"shipping-taxable","17":"purchasable","18":"product-type-simple"},"_links":{"self":[{"href":"https:\/\/pesu24.ee\/en\/wp-json\/wp\/v2\/product\/25695","targetHints":{"allow":["GET"]}}],"collection":[{"href":"https:\/\/pesu24.ee\/en\/wp-json\/wp\/v2\/product"}],"about":[{"href":"https:\/\/pesu24.ee\/en\/wp-json\/wp\/v2\/types\/product"}],"replies":[{"embeddable":true,"href":"https:\/\/pesu24.ee\/en\/wp-json\/wp\/v2\/comments?post=25695"}],"wp:featuredmedia":[{"embeddable":true,"href":"https:\/\/pesu24.ee\/en\/wp-json\/wp\/v2\/media\/25820"}],"wp:attachment":[{"href":"https:\/\/pesu24.ee\/en\/wp-json\/wp\/v2\/media?parent=25695"}],"wp:term":[{"taxonomy":"product_brand","embeddable":true,"href":"https:\/\/pesu24.ee\/en\/wp-json\/wp\/v2\/product_brand?post=25695"},{"taxonomy":"product_cat","embeddable":true,"href":"https:\/\/pesu24.ee\/en\/wp-json\/wp\/v2\/product_cat?post=25695"},{"taxonomy":"product_tag","embeddable":true,"href":"https:\/\/pesu24.ee\/en\/wp-json\/wp\/v2\/product_tag?post=25695"}],"curies":[{"name":"wp","href":"https:\/\/api.w.org\/{rel}","templated":true}]}}