{"id":25696,"date":"2025-08-19T00:27:00","date_gmt":"2025-08-18T21:27:00","guid":{"rendered":"https:\/\/pesu24.ee\/?post_type=product&#038;p=25696"},"modified":"2026-01-02T14:13:22","modified_gmt":"2026-01-02T11:13:22","slug":"sukad-obsessive-nutris","status":"publish","type":"product","link":"https:\/\/pesu24.ee\/en\/sukad\/sukad-obsessive-nutris\/","title":{"rendered":"Sukad Obsessive Nutris"},"content":{"rendered":"<p>Avasta Obsessive Nutris sukad, mis \u00fchendavad klassikalise elegantsi modernse l\u00e4henemisega. Need kaunid sukad, valmistatud k\u00f5rgekvaliteetsest kangast, pakuvad mitte ainult luksuslikku v\u00e4limust, vaid ka \u00fclimat mugavust ja praktilisust. Pitsiline disain lisab sukadele sensuaalset ja elegantset nooti, samas kui keha tooni ja musta botaanilise viimistluse kontrast loob silmatorkava ja stiilse efekti.<\/p>\n<p>Nutrise sukad on loodud naisele, kes hindab t\u00e4iuslikku kombinatsiooni traditsioonilisest elegantsist ja kaasaegsest stiilist. Iga detail on hoolikalt l\u00e4bi m\u00f5eldud, et tagada sukade laitmatu istuvus ja igap\u00e4evane mugavus. Musta ja keha tooni m\u00e4nguline kontrast muudab need sukad mitte ainult visuaalselt k\u00f6itvaks, vaid ka unikaalseks aksessuaariks, mis t\u00e4iendab igat garderoobi.<\/p>\n<p>Lase Obsessive Nutris sukadel lisada oma stiilile t\u00e4iuslikku elegantsi ja v\u00f5lu. Need sukad on ideaalne valik, olgu tegemist erilise \u00f5htu v\u00f5i lihtsalt sooviga end luksuslikult tunda. Koge luksuslikku mugavust ja \u0161ikki v\u00e4limust, mida pakuvad need kaunid sukad, ja lase oma enesekindlusel s\u00e4rada igas olukorras.<\/p>\n<p><span style=\"color: #008000;\"><strong>DETAILS:<\/strong><\/span><\/p>\n<ul>\n<li>nahav\u00e4rvi sukad<\/li>\n<li>musta \u00e4\u00e4risega<\/li>\n<li>lillemustriga pits<\/li>\n<li>stockings are not self-supported<\/li>\n<li>15DEN<\/li>\n<li>pehme ja elastne materjal (90% pol\u00fcamiid; 10% elastaan)<\/li>\n<\/ul>","protected":false},"excerpt":{"rendered":"<ul>\n<li>sensuaalsed sukad v\u00e4ga elegantses stiilis<\/li>\n<li>\u00f5hukese musta v\u00f5rguga<\/li>\n<li>geomeetriline pits<\/li>\n<li>stockings are not self-supported<\/li>\n<li>pehme ja elastne materjal (85% pol\u00fcamiid; 15% elastaan)<\/li>\n<\/ul>","protected":false},"featured_media":25825,"comment_status":"open","ping_status":"closed","template":"","meta":{"_glsr_average":0,"_glsr_ranking":0,"_glsr_reviews":0},"product_brand":[500],"product_cat":[29],"product_tag":[160,471],"class_list":{"0":"post-25696","1":"product","2":"type-product","3":"status-publish","4":"has-post-thumbnail","6":"product_brand-obsessive","7":"product_cat-sukad","8":"product_tag-obsessive","9":"product_tag-obsessive-nutris","10":"pa_suurus-m-l","11":"pa_suurus-xl-xxl","12":"pa_suurus-xs-s","13":"pa_varvus-must","15":"first","16":"instock","17":"sold-individually","18":"taxable","19":"shipping-taxable","20":"purchasable","21":"product-type-variable"},"_links":{"self":[{"href":"https:\/\/pesu24.ee\/en\/wp-json\/wp\/v2\/product\/25696","targetHints":{"allow":["GET"]}}],"collection":[{"href":"https:\/\/pesu24.ee\/en\/wp-json\/wp\/v2\/product"}],"about":[{"href":"https:\/\/pesu24.ee\/en\/wp-json\/wp\/v2\/types\/product"}],"replies":[{"embeddable":true,"href":"https:\/\/pesu24.ee\/en\/wp-json\/wp\/v2\/comments?post=25696"}],"wp:featuredmedia":[{"embeddable":true,"href":"https:\/\/pesu24.ee\/en\/wp-json\/wp\/v2\/media\/25825"}],"wp:attachment":[{"href":"https:\/\/pesu24.ee\/en\/wp-json\/wp\/v2\/media?parent=25696"}],"wp:term":[{"taxonomy":"product_brand","embeddable":true,"href":"https:\/\/pesu24.ee\/en\/wp-json\/wp\/v2\/product_brand?post=25696"},{"taxonomy":"product_cat","embeddable":true,"href":"https:\/\/pesu24.ee\/en\/wp-json\/wp\/v2\/product_cat?post=25696"},{"taxonomy":"product_tag","embeddable":true,"href":"https:\/\/pesu24.ee\/en\/wp-json\/wp\/v2\/product_tag?post=25696"}],"curies":[{"name":"wp","href":"https:\/\/api.w.org\/{rel}","templated":true}]}}