{"id":25697,"date":"2025-09-09T00:00:00","date_gmt":"2025-09-08T21:00:00","guid":{"rendered":"https:\/\/pesu24.ee\/?post_type=product&#038;p=25697"},"modified":"2026-02-15T19:57:27","modified_gmt":"2026-02-15T17:57:27","slug":"sukad-obsessive-cupide-desir","status":"publish","type":"product","link":"https:\/\/pesu24.ee\/en\/sukad\/sukad-obsessive-cupide-desir\/","title":{"rendered":"Sukad Obsessive Cupide Desir (15 DEN)"},"content":{"rendered":"<p><strong>Sukad Obsessive Cupide Desir<\/strong> on \u00f5hukesed, kergelt l\u00e4bipaistvad sukad (15DEN), mis sobivad kokku k\u00f5ikide <a href=\"https:\/\/pesu24.ee\/en\/omadus\/obsessive-cupide-desir\/\">Obsessive Cupide Desir<\/a> pesukollektsiooni toodetega.<\/p>\n<div class=\"omadused\">\n<p>Omadused<\/p>\n<ul>\n<li>nahatooni sukad<\/li>\n<li>15 DEN<\/li>\n<li>punane pits\u00e4\u00e4ris<\/li>\n<li>stockings are not self-supported<\/li>\n<li>pehme ja elastne materjal (90% pol\u00fcamiid; 10% elastaan)<\/li>\n<\/ul>\n<\/div>","protected":false},"excerpt":{"rendered":"<p>Omadused<\/p>\n<ul>\n<li>nahatooni sukad<\/li>\n<li>15 DEN<\/li>\n<li>punane pits\u00e4\u00e4ris<\/li>\n<li>stockings are not self-supported<\/li>\n<li>pehme ja elastne materjal (90% pol\u00fcamiid; 10% elastaan)<\/li>\n<\/ul>","protected":false},"featured_media":25828,"comment_status":"open","ping_status":"closed","template":"","meta":{"_glsr_average":0,"_glsr_ranking":0,"_glsr_reviews":0},"product_brand":[500],"product_cat":[29],"product_tag":[160,473],"class_list":{"0":"post-25697","1":"product","2":"type-product","3":"status-publish","4":"has-post-thumbnail","6":"product_brand-obsessive","7":"product_cat-sukad","8":"product_tag-obsessive","9":"product_tag-obsessive-cupide-desir","10":"pa_suurus-l-xl","11":"pa_suurus-s-m","12":"pa_suurus-xxl-xxxl","13":"pa_varvus-punane","15":"first","16":"instock","17":"sold-individually","18":"taxable","19":"shipping-taxable","20":"purchasable","21":"product-type-variable"},"_links":{"self":[{"href":"https:\/\/pesu24.ee\/en\/wp-json\/wp\/v2\/product\/25697","targetHints":{"allow":["GET"]}}],"collection":[{"href":"https:\/\/pesu24.ee\/en\/wp-json\/wp\/v2\/product"}],"about":[{"href":"https:\/\/pesu24.ee\/en\/wp-json\/wp\/v2\/types\/product"}],"replies":[{"embeddable":true,"href":"https:\/\/pesu24.ee\/en\/wp-json\/wp\/v2\/comments?post=25697"}],"wp:featuredmedia":[{"embeddable":true,"href":"https:\/\/pesu24.ee\/en\/wp-json\/wp\/v2\/media\/25828"}],"wp:attachment":[{"href":"https:\/\/pesu24.ee\/en\/wp-json\/wp\/v2\/media?parent=25697"}],"wp:term":[{"taxonomy":"product_brand","embeddable":true,"href":"https:\/\/pesu24.ee\/en\/wp-json\/wp\/v2\/product_brand?post=25697"},{"taxonomy":"product_cat","embeddable":true,"href":"https:\/\/pesu24.ee\/en\/wp-json\/wp\/v2\/product_cat?post=25697"},{"taxonomy":"product_tag","embeddable":true,"href":"https:\/\/pesu24.ee\/en\/wp-json\/wp\/v2\/product_tag?post=25697"}],"curies":[{"name":"wp","href":"https:\/\/api.w.org\/{rel}","templated":true}]}}