{"id":25698,"date":"2025-08-25T18:27:00","date_gmt":"2025-08-25T15:27:00","guid":{"rendered":"https:\/\/pesu24.ee\/?post_type=product&#038;p=25698"},"modified":"2026-04-08T10:51:39","modified_gmt":"2026-04-08T08:51:39","slug":"sukad-beauty-night-obsidian","status":"publish","type":"product","link":"https:\/\/pesu24.ee\/en\/sukad\/sukad-beauty-night-obsidian\/","title":{"rendered":"Sukad Beauty Night Obsidian"},"content":{"rendered":"<p>Sukad Beauty Night Obsidian on elegantsi ja sensuaalsuse kehastus. \u00d5rnast, pooll\u00e4bipaistvast materjalist valmistatud sukad \u00fcmbritsevad jalgu v\u00f5rgutavalt, lisades kandjale ainulaadse graatsia.<\/p>\n<p>Sukki kaunistab \u00fclaosas rikkalik pitsist \u00e4\u00e4ris, mis loob rabava visuaalse efekti ja sobib suurep\u00e4raselt teiste <a href=\"https:\/\/pesu24.ee\/en\/brand\/beauty-night\/\">Beauty Night pesudega<\/a>.<\/p>\n<p>Need sukad on ideaalne valik naistele, kes soovivad tunda end erilisena ja elegantse ning kes hindavad mugavust ja kvaliteeti.<\/p>\n<p>Sukad sobivad suurep\u00e4raselt kandmiseks sukahoidjaga, tagades ideaalse istuvuse ja kandmismugavuse. K\u00f5rgekvaliteediline materjal tagab vastupidavuse ja pika kasutusea.<\/p>\n<p>Sukad Beauty Night Obsidian on pakendatud elegantsesse karpi, mis teeb neist suurep\u00e4rase kingituse, r\u00f5\u00f5mustades igat naist.<\/p>\n<div class=\"omadused\">\n<p>Omadused<\/p>\n<ul>\n<li>pooll\u00e4bipaistvast kangas sukad<\/li>\n<li>rikkalikult kaunistatud pitsist \u00e4\u00e4ris<\/li>\n<li>sobivad ideaalselt sukahoidjaga<\/li>\n<li><strong>20DEN<\/strong><\/li>\n<li>mugav ja elastne kangas (85% pol\u00fcamiid, 15% elastaan)<\/li>\n<li>S\/M suurus sobilik kuni 165cm kasvule ja L\/XL pikematele.<\/li>\n<\/ul>\n<\/div>","protected":false},"excerpt":{"rendered":"<p>&#46;&#46;&#46;<\/p>","protected":false},"featured_media":28135,"comment_status":"open","ping_status":"closed","template":"","meta":{"_glsr_average":0,"_glsr_ranking":0,"_glsr_reviews":0},"product_brand":[503],"product_cat":[29],"product_tag":[403],"class_list":{"0":"post-25698","1":"product","2":"type-product","3":"status-publish","4":"has-post-thumbnail","6":"product_brand-beauty-night","7":"product_cat-sukad","8":"product_tag-beauty-night","9":"pa_suurus-l-xl","10":"pa_suurus-s-m","11":"pa_suurus-xxl","12":"pa_varvus-must","14":"first","15":"instock","16":"sold-individually","17":"taxable","18":"shipping-taxable","19":"purchasable","20":"product-type-variable"},"_links":{"self":[{"href":"https:\/\/pesu24.ee\/en\/wp-json\/wp\/v2\/product\/25698","targetHints":{"allow":["GET"]}}],"collection":[{"href":"https:\/\/pesu24.ee\/en\/wp-json\/wp\/v2\/product"}],"about":[{"href":"https:\/\/pesu24.ee\/en\/wp-json\/wp\/v2\/types\/product"}],"replies":[{"embeddable":true,"href":"https:\/\/pesu24.ee\/en\/wp-json\/wp\/v2\/comments?post=25698"}],"wp:featuredmedia":[{"embeddable":true,"href":"https:\/\/pesu24.ee\/en\/wp-json\/wp\/v2\/media\/28135"}],"wp:attachment":[{"href":"https:\/\/pesu24.ee\/en\/wp-json\/wp\/v2\/media?parent=25698"}],"wp:term":[{"taxonomy":"product_brand","embeddable":true,"href":"https:\/\/pesu24.ee\/en\/wp-json\/wp\/v2\/product_brand?post=25698"},{"taxonomy":"product_cat","embeddable":true,"href":"https:\/\/pesu24.ee\/en\/wp-json\/wp\/v2\/product_cat?post=25698"},{"taxonomy":"product_tag","embeddable":true,"href":"https:\/\/pesu24.ee\/en\/wp-json\/wp\/v2\/product_tag?post=25698"}],"curies":[{"name":"wp","href":"https:\/\/api.w.org\/{rel}","templated":true}]}}