{"id":25699,"date":"2025-08-19T00:27:00","date_gmt":"2025-08-18T21:27:00","guid":{"rendered":"https:\/\/pesu24.ee\/?post_type=product&#038;p=25699"},"modified":"2026-03-01T20:08:00","modified_gmt":"2026-03-01T18:08:00","slug":"sukad-obsessive-stelisa","status":"publish","type":"product","link":"https:\/\/pesu24.ee\/en\/sukad\/sukad-obsessive-stelisa\/","title":{"rendered":"Sukad Obsessive Stelisa"},"content":{"rendered":"<p>Sukad Obsessive Stelisa toovad ajatu elegantsi ja naiselikkuse igasse hetke. Need mustad, pehmed ja elastsed sukad on loodud tagama t\u00e4iusliku v\u00e4limuse kogu \u00f5htu v\u00e4ltel. Disainitud Euroopa liidus, kasutades kvaliteetseid materjale, mis pakuvad suurep\u00e4rast kandmismugavust. Suurep\u00e4raselt sobivad need sukad iga naise garderoobi, tuues v\u00e4lja \u00f5rna ja lummava stiili, mida saab kergesti kombineerida teiste Obsessive kollektsiooni toodetega.<\/p>\n<p>Sukad on viimistletud kauni pitsiga, mis lisab neile sensuaalse ja naiseliku puudutuse. \u00d5rn volang reite \u00fcmber toob esile igat detaili, luues peene ja samas v\u00f5rgutava v\u00e4limuse. Tooted on valmistatud k\u00f5rgelt elastsetest kangastest, pakkudes erakordset mugavust igap\u00e4evaseks kandmiseks. Need sukad sobivad igaks olukorraks, kus soovitakse oma v\u00e4limusele anda elegantne ja eriline n\u00fcanss.<\/p>\n<p>Tooted on valmistatud 85% pol\u00fcamiidist ja 15% elastaanist ning pits detailid sisaldavad 90% pol\u00fcamiidi ja 10% elastaani, tagades toote vastupidavuse ja pikaajalise kvaliteedi. Loo oma t\u00e4iuslik v\u00e4limus ja naudi luksuslikku mugavust koos Sukad Obsessive Stelisa\u2019ga.<\/p>\n<p>Tutvuge ka teiste <a href=\"https:\/\/pesu24.ee\/en\/omadus\/obsessive-stelisa\/\">Obsessive Stelisa<\/a> pesukollektsiooni toodetega.<\/p>\n<p><span style=\"color: #008000;\"><strong>DETAILS:<\/strong><\/span><\/p>\n<ul>\n<li>stiilsed mustad sukad<\/li>\n<li>kaunistatud pitsiga<\/li>\n<li>stockings are not self-supported<\/li>\n<li>15DEN<\/li>\n<li>pehme ja elastne materjal (90% pol\u00fcamiid; 10% elastaan)<\/li>\n<li>toodetud EU-s<\/li>\n<\/ul>","protected":false},"excerpt":{"rendered":"<p>&#46;&#46;&#46;<\/p>","protected":false},"featured_media":25838,"comment_status":"open","ping_status":"closed","template":"","meta":{"_glsr_average":0,"_glsr_ranking":0,"_glsr_reviews":0},"product_brand":[500],"product_cat":[29],"product_tag":[160,478],"class_list":{"0":"post-25699","1":"product","2":"type-product","3":"status-publish","4":"has-post-thumbnail","6":"product_brand-obsessive","7":"product_cat-sukad","8":"product_tag-obsessive","9":"product_tag-obsessive-stelisa","10":"pa_suurus-l-xl","11":"pa_suurus-s-m","12":"pa_suurus-xxl-xxxl","13":"pa_varvus-must","15":"first","16":"instock","17":"sold-individually","18":"taxable","19":"shipping-taxable","20":"purchasable","21":"product-type-variable"},"_links":{"self":[{"href":"https:\/\/pesu24.ee\/en\/wp-json\/wp\/v2\/product\/25699","targetHints":{"allow":["GET"]}}],"collection":[{"href":"https:\/\/pesu24.ee\/en\/wp-json\/wp\/v2\/product"}],"about":[{"href":"https:\/\/pesu24.ee\/en\/wp-json\/wp\/v2\/types\/product"}],"replies":[{"embeddable":true,"href":"https:\/\/pesu24.ee\/en\/wp-json\/wp\/v2\/comments?post=25699"}],"wp:featuredmedia":[{"embeddable":true,"href":"https:\/\/pesu24.ee\/en\/wp-json\/wp\/v2\/media\/25838"}],"wp:attachment":[{"href":"https:\/\/pesu24.ee\/en\/wp-json\/wp\/v2\/media?parent=25699"}],"wp:term":[{"taxonomy":"product_brand","embeddable":true,"href":"https:\/\/pesu24.ee\/en\/wp-json\/wp\/v2\/product_brand?post=25699"},{"taxonomy":"product_cat","embeddable":true,"href":"https:\/\/pesu24.ee\/en\/wp-json\/wp\/v2\/product_cat?post=25699"},{"taxonomy":"product_tag","embeddable":true,"href":"https:\/\/pesu24.ee\/en\/wp-json\/wp\/v2\/product_tag?post=25699"}],"curies":[{"name":"wp","href":"https:\/\/api.w.org\/{rel}","templated":true}]}}