{"id":25872,"date":"2025-10-16T15:31:44","date_gmt":"2025-10-16T12:31:44","guid":{"rendered":"https:\/\/pesu24.ee\/?post_type=product&#038;p=25872"},"modified":"2025-10-17T13:37:50","modified_gmt":"2025-10-17T10:37:50","slug":"rinnahoidja-noir-handmade-f157","status":"publish","type":"product","link":"https:\/\/pesu24.ee\/en\/topid-rinnahoidjad\/rinnahoidja-noir-handmade-f157\/","title":{"rendered":"Rinnahoidja Noir Handmade F157"},"content":{"rendered":"<p>Noir Handmade F157 rinnahoidja on imelise <em>wet-look<\/em> stiiliga, mida on ka v\u00e4ga mugav kanda t\u00e4nu rinnakorvi all asetsevatele elastsetele paeltele. Tootel on reguleeritavad \u00f5lapaelad ja tagant haakidega kinnituv.<\/p>\n<p>Tootefotodel on sama kollektsiooni <a href=\"https:\/\/pesu24.ee\/en\/stringid-puksikud\/stringid-noir-handmade-f161\/\" target=\"_blank\" rel=\"noopener\">stringid F161 <\/a>ning <a href=\"https:\/\/pesu24.ee\/en\/sukad\/sukad-noir-handmade-f158\/\" target=\"_blank\" rel=\"noopener\">sukad F158<\/a> , <a href=\"https:\/\/pesu24.ee\/en\/aksessuaarid\/sukahoidja-noir-handmade-f156\/\" target=\"_blank\" rel=\"noopener\">sukahoidja F156<\/a> ja <a href=\"https:\/\/pesu24.ee\/en\/kleidid-seelikud\/miniseelik-noir-handmade-f126\/\" target=\"_blank\" rel=\"noopener\">miniseelik F126<\/a>. K\u00f5ik need tooted saa osta juurde eraldi, et luua t\u00e4iuslik komplekt.<\/p>\n<div class=\"omadused\">\n<p>Details<\/p>\n<ul>\n<li>pakendis ainult rinnahoidja &#8211; stringid kui ka muud tootefotodel olevad tooted tuleb eraldi juurde osta.<\/li>\n<li><em>wet-look<\/em> stiilis, elastne<\/li>\n<li>reguleeritavad \u00f5lapaelad<\/li>\n<li>tagant haakidega kinnituv<\/li>\n<li>rinnakorvi all elastsed paelad<\/li>\n<li>mugav ja elastne kangas (80% pol\u00fcamiid; 20% elastaan)<\/li>\n<\/ul>\n<p><span style=\"color: #ff0000;\"><strong>NB! SUURUSE VALIMISEL:<\/strong>\u00a0<\/span>K\u00f5ik Noir Handmade tooted on venivast kangast, kuid ideaalse sobivuse ja \u00fclevenitamise v\u00e4ltimiseks, <strong>soovitame julgelt valida<\/strong> \u00fcks number suurem ehk S-suuruse kandja valigu kindlalt suurus M, M-suuruse kandja L jne.<\/p>\n<\/div>","protected":false},"excerpt":{"rendered":"<p>&#46;&#46;&#46;<\/p>","protected":false},"featured_media":29278,"comment_status":"open","ping_status":"closed","template":"","meta":{"_glsr_average":0,"_glsr_ranking":0,"_glsr_reviews":0},"product_brand":[501],"product_cat":[423],"product_tag":[398,218],"class_list":{"0":"post-25872","1":"product","2":"type-product","3":"status-publish","4":"has-post-thumbnail","6":"product_brand-noir-handmade","7":"product_cat-topid-rinnahoidjad","8":"product_tag-latekspesu","9":"product_tag-noir-handmade","10":"pa_suurus-l","11":"pa_suurus-m","12":"pa_suurus-s","13":"pa_suurus-xl","14":"pa_varvus-must","16":"first","17":"instock","18":"sold-individually","19":"taxable","20":"shipping-taxable","21":"purchasable","22":"product-type-variable"},"_links":{"self":[{"href":"https:\/\/pesu24.ee\/en\/wp-json\/wp\/v2\/product\/25872","targetHints":{"allow":["GET"]}}],"collection":[{"href":"https:\/\/pesu24.ee\/en\/wp-json\/wp\/v2\/product"}],"about":[{"href":"https:\/\/pesu24.ee\/en\/wp-json\/wp\/v2\/types\/product"}],"replies":[{"embeddable":true,"href":"https:\/\/pesu24.ee\/en\/wp-json\/wp\/v2\/comments?post=25872"}],"wp:featuredmedia":[{"embeddable":true,"href":"https:\/\/pesu24.ee\/en\/wp-json\/wp\/v2\/media\/29278"}],"wp:attachment":[{"href":"https:\/\/pesu24.ee\/en\/wp-json\/wp\/v2\/media?parent=25872"}],"wp:term":[{"taxonomy":"product_brand","embeddable":true,"href":"https:\/\/pesu24.ee\/en\/wp-json\/wp\/v2\/product_brand?post=25872"},{"taxonomy":"product_cat","embeddable":true,"href":"https:\/\/pesu24.ee\/en\/wp-json\/wp\/v2\/product_cat?post=25872"},{"taxonomy":"product_tag","embeddable":true,"href":"https:\/\/pesu24.ee\/en\/wp-json\/wp\/v2\/product_tag?post=25872"}],"curies":[{"name":"wp","href":"https:\/\/api.w.org\/{rel}","templated":true}]}}