{"id":25873,"date":"2025-08-25T00:31:44","date_gmt":"2025-08-24T21:31:44","guid":{"rendered":"https:\/\/pesu24.ee\/?post_type=product&#038;p=25873"},"modified":"2025-12-15T15:09:27","modified_gmt":"2025-12-15T12:09:27","slug":"topp-noir-handmade-f220","status":"publish","type":"product","link":"https:\/\/pesu24.ee\/en\/topid-rinnahoidjad\/topp-noir-handmade-f220\/","title":{"rendered":"Topp Noir Handmade F220"},"content":{"rendered":"<p><strong>Noir Handmade F220 topp<\/strong> on valmistatud pooll\u00e4bipaistvast t\u00fcllist. Eest t\u00e4ielikult avatava lukuga.<\/p>\n<p>Tootefotodel olevad <a href=\"https:\/\/pesu24.ee\/en\/stringid-puksikud\/korge-pihaga-puksikud-noir-handmade-f235\/\">Noir Handmade F235 p\u00fcksikud<\/a> ja <a href=\"https:\/\/pesu24.ee\/en\/puksid-pukskostuumid\/puksid-noir-handmade-f233\/\" target=\"_blank\">F233 p\u00fcksid<\/a> komplekti ei kuulu, kuid saab soovi korral osta eraldi. <\/p>\n<p>Lisaks toode sobib ideaalselt kokku ka <a href=\"https:\/\/pesu24.ee\/en\/sukad\/trendikad-sukad-noir-handmade-f236\/\">F236 sukkadega<\/a>. <\/p>\n<div class=\"omadused\">\n<p>Omadused<\/p>\n<ul>\n<li>komplektis topp, <a href=\"https:\/\/pesu24.ee\/en\/stringid-puksikud\/korge-pihaga-puksikud-noir-handmade-f235\/\">p\u00fcksid<\/a> tuleb osta eraldi.<\/li>\n<li>valmistatud pooll\u00e4bipaistvast t\u00fcllist<\/li>\n<li>ees t\u00e4ielikult avatav lukk<\/li>\n<li>mugav ja elastne kangas (76% pol\u00fcester; 24% elastaan)<\/li>\n<\/ul>\n<\/div>\n<p><span style=\"color: #ff0000;\"><strong>NB!<\/strong><\/span> K\u00f5ik Noir Handmade tooted on venivast kangast, kuid ideaalse sobivuse ja \u00fclevenitamise v\u00e4ltimiseks, soovitame valida \u00fcks number suurem ehk igap\u00e4evaselt M-suuruse kandja valigu suurus L jne.<\/p>","protected":false},"excerpt":{"rendered":"<p>&#46;&#46;&#46;<\/p>","protected":false},"featured_media":28113,"comment_status":"open","ping_status":"closed","template":"","meta":{"_glsr_average":0,"_glsr_ranking":0,"_glsr_reviews":0},"product_brand":[501],"product_cat":[423],"product_tag":[398,218],"class_list":{"0":"post-25873","1":"product","2":"type-product","3":"status-publish","4":"has-post-thumbnail","6":"product_brand-noir-handmade","7":"product_cat-topid-rinnahoidjad","8":"product_tag-latekspesu","9":"product_tag-noir-handmade","10":"pa_suurus-l","11":"pa_suurus-m","12":"pa_suurus-s","13":"pa_suurus-xl","14":"pa_varvus-must","16":"first","17":"instock","18":"sold-individually","19":"taxable","20":"shipping-taxable","21":"purchasable","22":"product-type-variable"},"_links":{"self":[{"href":"https:\/\/pesu24.ee\/en\/wp-json\/wp\/v2\/product\/25873","targetHints":{"allow":["GET"]}}],"collection":[{"href":"https:\/\/pesu24.ee\/en\/wp-json\/wp\/v2\/product"}],"about":[{"href":"https:\/\/pesu24.ee\/en\/wp-json\/wp\/v2\/types\/product"}],"replies":[{"embeddable":true,"href":"https:\/\/pesu24.ee\/en\/wp-json\/wp\/v2\/comments?post=25873"}],"wp:featuredmedia":[{"embeddable":true,"href":"https:\/\/pesu24.ee\/en\/wp-json\/wp\/v2\/media\/28113"}],"wp:attachment":[{"href":"https:\/\/pesu24.ee\/en\/wp-json\/wp\/v2\/media?parent=25873"}],"wp:term":[{"taxonomy":"product_brand","embeddable":true,"href":"https:\/\/pesu24.ee\/en\/wp-json\/wp\/v2\/product_brand?post=25873"},{"taxonomy":"product_cat","embeddable":true,"href":"https:\/\/pesu24.ee\/en\/wp-json\/wp\/v2\/product_cat?post=25873"},{"taxonomy":"product_tag","embeddable":true,"href":"https:\/\/pesu24.ee\/en\/wp-json\/wp\/v2\/product_tag?post=25873"}],"curies":[{"name":"wp","href":"https:\/\/api.w.org\/{rel}","templated":true}]}}