{"id":25875,"date":"2025-08-19T00:31:44","date_gmt":"2025-08-18T21:31:44","guid":{"rendered":"https:\/\/pesu24.ee\/?post_type=product&#038;p=25875"},"modified":"2026-03-13T13:39:33","modified_gmt":"2026-03-13T11:39:33","slug":"korseti-stiilis-topp-noir-handmade-f130","status":"publish","type":"product","link":"https:\/\/pesu24.ee\/en\/topid-rinnahoidjad\/korseti-stiilis-topp-noir-handmade-f130\/","title":{"rendered":"Korseti stiilis topp Noir Handmade F130"},"content":{"rendered":"<p>Noir Handmade F130 on kelmikas korseti stiilis top, mis on valmistatud eco-nahast ja t\u00fcllist. Toote esi osas lisab seksikust ristuvad paelad ning varrukad ja selja osa on valmistatud pooll\u00e4bipaistvast t\u00fcllist.<\/p>\n<p>Mugavamaks selga panemiseks on topp&#8217;i k\u00fcljel peidetud lukk.<\/p>\n<p><span style=\"color: #008000;\"><strong>KOMPLEKT SISALDAB:<\/strong><\/span><\/p>\n<ul>\n<li>korseti stiilis topp<\/li>\n<\/ul>\n<p>Korseti stiilis topp Noir Handmade F130 sobib kokku j\u00e4rgmiste Noir Handmade toodetega: <a href=\"https:\/\/pesu24.ee\/en\/stringid-puksikud\/korge-pihaga-puksikud-noir-handmade-f138\/\">p\u00fcksikud F138<\/a>, <a href=\"https:\/\/pesu24.ee\/en\/sukad\/sukad-noir-handmade-f135\/\">sukad F135<\/a>, <a href=\"https:\/\/pesu24.ee\/en\/aksessuaarid\/puksid-noir-handmade-f115\/\">p\u00fcksid F115<\/a>.<\/p>\n<p><span style=\"color: #008000;\"><strong>DETAILS:<\/strong><\/span><\/p>\n<ul>\n<li><em>wet-look<\/em> ilmega<\/li>\n<li>valmistatud eco-nahast &amp; t\u00fcllist<\/li>\n<li>seksikust lisavad ees ristuvad paelad<\/li>\n<li>k\u00fcljel peidetud lukk<\/li>\n<li>mugav ja elastne kangas (80% pol\u00fcamiid; 20% elastaan)<\/li>\n<\/ul>","protected":false},"excerpt":{"rendered":"<p>&#46;&#46;&#46;<\/p>","protected":false},"featured_media":25928,"comment_status":"open","ping_status":"closed","template":"","meta":{"_glsr_average":0,"_glsr_ranking":0,"_glsr_reviews":0},"product_brand":[501],"product_cat":[423],"product_tag":[398,218],"class_list":{"0":"post-25875","1":"product","2":"type-product","3":"status-publish","4":"has-post-thumbnail","6":"product_brand-noir-handmade","7":"product_cat-topid-rinnahoidjad","8":"product_tag-latekspesu","9":"product_tag-noir-handmade","10":"pa_suurus-l","11":"pa_suurus-m","12":"pa_suurus-s","13":"pa_varvus-must","15":"first","16":"instock","17":"sold-individually","18":"taxable","19":"shipping-taxable","20":"purchasable","21":"product-type-variable"},"_links":{"self":[{"href":"https:\/\/pesu24.ee\/en\/wp-json\/wp\/v2\/product\/25875","targetHints":{"allow":["GET"]}}],"collection":[{"href":"https:\/\/pesu24.ee\/en\/wp-json\/wp\/v2\/product"}],"about":[{"href":"https:\/\/pesu24.ee\/en\/wp-json\/wp\/v2\/types\/product"}],"replies":[{"embeddable":true,"href":"https:\/\/pesu24.ee\/en\/wp-json\/wp\/v2\/comments?post=25875"}],"wp:featuredmedia":[{"embeddable":true,"href":"https:\/\/pesu24.ee\/en\/wp-json\/wp\/v2\/media\/25928"}],"wp:attachment":[{"href":"https:\/\/pesu24.ee\/en\/wp-json\/wp\/v2\/media?parent=25875"}],"wp:term":[{"taxonomy":"product_brand","embeddable":true,"href":"https:\/\/pesu24.ee\/en\/wp-json\/wp\/v2\/product_brand?post=25875"},{"taxonomy":"product_cat","embeddable":true,"href":"https:\/\/pesu24.ee\/en\/wp-json\/wp\/v2\/product_cat?post=25875"},{"taxonomy":"product_tag","embeddable":true,"href":"https:\/\/pesu24.ee\/en\/wp-json\/wp\/v2\/product_tag?post=25875"}],"curies":[{"name":"wp","href":"https:\/\/api.w.org\/{rel}","templated":true}]}}