{"id":25884,"date":"2025-08-19T00:31:45","date_gmt":"2025-08-18T21:31:45","guid":{"rendered":"https:\/\/pesu24.ee\/?post_type=product&#038;p=25884"},"modified":"2025-11-13T11:13:34","modified_gmt":"2025-11-13T08:13:34","slug":"avatud-rinnahoidja-axami-v-10011","status":"publish","type":"product","link":"https:\/\/pesu24.ee\/en\/topid-rinnahoidjad\/avatud-rinnahoidja-axami-v-10011\/","title":{"rendered":"Avatud rinnahoidja Axami V-10011"},"content":{"rendered":"<p><strong>T\u00e4ielikult avatud rinnahoidja eriti vallatuteks hetkedeks. Rinnahoidjal alustraadid ja tagant astmelise kinnitusega, mis tagab ideaalse sobivuse, hoidmise kui ka v\u00e4ga mugava kandmise.\u00a0<\/strong><\/p>\n<p>Peale selle saab rinnahoidjat \u00f5lapaeladest reguleerida ning soovi korral saab \u00f5lapaelad eemaldada, mis annab v\u00f5imaluse tuua naiselik ilus veel t\u00e4iuslikumalt esile tuua.<\/p>\n<p>Kuna rinnahoidja on t\u00e4ielikult reguleeritav, siis ideaalne sobivus tagatud. Peale selle v\u00e4ga meeldiv materjal, mida on m\u00f5nus puudutada ja keha vastas tunda. Tootefotodel olevad <a href=\"https:\/\/pesu24.ee\/en\/stringid-puksikud\/stringid-axami-v-10018\/\">V-10018 stringid<\/a> ja <a href=\"https:\/\/pesu24.ee\/en\/sukad\/sukad-axami-v-10014-isehoidvad\/\">V-10014 sukad<\/a> komplekti ei kuulu, aga need saab osta eraldi.<\/p>\n<p><span style=\"color: #008000;\"><strong>OMADUSED<\/strong><\/span><\/p>\n<ul>\n<li>komplektis rinnahoidja<\/li>\n<li>alumiste tugikaartega<\/li>\n<li>tagant astmelise kinnitusega<\/li>\n<li>adjustable shoulder straps<\/li>\n<li>\u00f5lapaelad saab eemaldada<\/li>\n<li>meeldiv materjal, mugav kanda<\/li>\n<li>m\u00f5nus puudutada ja keha vastas tunda<\/li>\n<li><a href=\"https:\/\/pesu24.ee\/en\/stringid-puksikud\/stringid-axami-v-10018\/\">V-10018 stringid<\/a> ja <a href=\"https:\/\/pesu24.ee\/en\/sukad\/sukad-axami-v-10014-isehoidvad\/\">V-10014 sukad<\/a> komplekti ei kuulu (saab osta eraldi)<\/li>\n<li>48% pol\u00fcamiid, 19% puuvill, 12% pol\u00fcuretaan, 8% pol\u00fcester, 7% elastaan, 6% viskoos<\/li>\n<li>saadaval suurustes XS kuni XL<\/li>\n<\/ul>\n<p>PS! Kui sobivat suurust valikus ei ole, v\u00f5ta julgesti \u00fchendust meie klienditoega aadressil support@pesu24.ee. Kui valik n\u00e4itab j\u00e4reltellimisel, siis see suurus on hetkel laost otsas ja p\u00e4rast ostu sooritamist see tellitakse (kuni 14 t\u00f6\u00f6p\u00e4eva).<\/p>\n<p>Samuti, kui antud pesu stiil meeldib, siis tutvu ka teiste Sensual Paradise <a href=\"https:\/\/pesu24.ee\/en\/omadus\/sensual-paradise-lilleline-motiiv\/\">lillelise motiivi pesuga<\/a>.<\/p>","protected":false},"excerpt":{"rendered":"<p>&#46;&#46;&#46;<\/p>","protected":false},"featured_media":25971,"comment_status":"open","ping_status":"closed","template":"","meta":{"_glsr_average":0,"_glsr_ranking":0,"_glsr_reviews":0},"product_brand":[502],"product_cat":[423],"product_tag":[333,334,433],"class_list":{"0":"post-25884","1":"product","2":"type-product","3":"status-publish","4":"has-post-thumbnail","6":"product_brand-axami","7":"product_cat-topid-rinnahoidjad","8":"product_tag-axami","9":"product_tag-sensual-paradise","10":"product_tag-sensual-paradise-lilleline-motiiv","11":"pa_suurus-l","12":"pa_suurus-m","13":"pa_suurus-s","14":"pa_suurus-xl","15":"pa_varvus-must","16":"pa_varvus-punane","18":"first","19":"instock","20":"sold-individually","21":"taxable","22":"shipping-taxable","23":"purchasable","24":"product-type-variable"},"_links":{"self":[{"href":"https:\/\/pesu24.ee\/en\/wp-json\/wp\/v2\/product\/25884","targetHints":{"allow":["GET"]}}],"collection":[{"href":"https:\/\/pesu24.ee\/en\/wp-json\/wp\/v2\/product"}],"about":[{"href":"https:\/\/pesu24.ee\/en\/wp-json\/wp\/v2\/types\/product"}],"replies":[{"embeddable":true,"href":"https:\/\/pesu24.ee\/en\/wp-json\/wp\/v2\/comments?post=25884"}],"wp:featuredmedia":[{"embeddable":true,"href":"https:\/\/pesu24.ee\/en\/wp-json\/wp\/v2\/media\/25971"}],"wp:attachment":[{"href":"https:\/\/pesu24.ee\/en\/wp-json\/wp\/v2\/media?parent=25884"}],"wp:term":[{"taxonomy":"product_brand","embeddable":true,"href":"https:\/\/pesu24.ee\/en\/wp-json\/wp\/v2\/product_brand?post=25884"},{"taxonomy":"product_cat","embeddable":true,"href":"https:\/\/pesu24.ee\/en\/wp-json\/wp\/v2\/product_cat?post=25884"},{"taxonomy":"product_tag","embeddable":true,"href":"https:\/\/pesu24.ee\/en\/wp-json\/wp\/v2\/product_tag?post=25884"}],"curies":[{"name":"wp","href":"https:\/\/api.w.org\/{rel}","templated":true}]}}