{"id":25886,"date":"2025-08-19T00:31:45","date_gmt":"2025-08-18T21:31:45","guid":{"rendered":"https:\/\/pesu24.ee\/?post_type=product&#038;p=25886"},"modified":"2025-09-22T14:05:16","modified_gmt":"2025-09-22T11:05:16","slug":"rinnahoidja-axami-v-10021","status":"publish","type":"product","link":"https:\/\/pesu24.ee\/en\/topid-rinnahoidjad\/rinnahoidja-axami-v-10021\/","title":{"rendered":"Rinnahoidja Axami V-10021"},"content":{"rendered":"<p><strong>Pooll\u00e4bipaistev rinnahoidja, mis \u00e4\u00e4ristatud punase ja musta pitsi kombinatsiooniga. L\u00e4bipaistev rinnaosa lisab atraktiivsust ja j\u00e4tab ruumi fantaasia jaoks.\u00a0<\/strong><\/p>\n<p>Rinnahoidja alutraatidega, mis tagab parima hoidmise ning dekolteel mustad risti rihmad toovad esile rinnad.\u00a0Tagant astmeline kinnitus, \u00f5lapaeladest reguleeritavus ja elastne materjal tagab ideaalse sobivuse.<\/p>\n<p>Tootefotodel olevad <a href=\"https:\/\/pesu24.ee\/en\/stringid-puksikud\/stringid-axami-v-10028\/\">V-10028 stringid<\/a> ei kuulu komplekti, aga need saab osta eraldi. Samuti sobib kokku ideaalselt teiste Sensual Paradise lillemotiivi pesudega, mis on leitavad <a href=\"https:\/\/pesu24.ee\/en\/omadus\/sensual-paradise-lilleline-motiiv\/\">SIIT<\/a>.<\/p>\n<p><span style=\"color: #008000;\"><strong>OMADUSED<\/strong><\/span><\/p>\n<ul>\n<li>komplektis rinnahoidja<\/li>\n<li>tootefotodel olevad <a href=\"https:\/\/pesu24.ee\/en\/stringid-puksikud\/stringid-axami-v-10028\/\">V-10028 stringid<\/a> tuleb osta eraldi<\/li>\n<li>rinnahoidjal tugikaared<\/li>\n<li>adjustable shoulder straps<\/li>\n<li>tagant astmelise kinnitusega<\/li>\n<li>elastne ja meeldiv kangas<\/li>\n<li>mugav kanda, m\u00f5nus keha vastas tunda<\/li>\n<li>pol\u00fcamiid 58%, puuvill 14%, pol\u00fcuretaan 10%, elastaan 7%, pol\u00fcester 6%, viskoos 5%<\/li>\n<li>saadaval suurustes XS kuni XL<\/li>\n<\/ul>\n<p>PS! Kui sobivat suurust valikus ei ole, v\u00f5ta julgesti \u00fchendust meie klienditoega aadressil\u00a0support@pesu24.ee.\u00a0Kui valik n\u00e4itab j\u00e4reltellimisel, siis see suurus on hetkel laost otsas ja p\u00e4rast ostu sooritamist see tellitakse (kuni 14 t\u00f6\u00f6p\u00e4eva).<\/p>","protected":false},"excerpt":{"rendered":"<p>&#46;&#46;&#46;<\/p>","protected":false},"featured_media":25976,"comment_status":"open","ping_status":"closed","template":"","meta":{"_glsr_average":0,"_glsr_ranking":0,"_glsr_reviews":0},"product_brand":[502],"product_cat":[423],"product_tag":[333,334,433],"class_list":{"0":"post-25886","1":"product","2":"type-product","3":"status-publish","4":"has-post-thumbnail","6":"product_brand-axami","7":"product_cat-topid-rinnahoidjad","8":"product_tag-axami","9":"product_tag-sensual-paradise","10":"product_tag-sensual-paradise-lilleline-motiiv","11":"pa_suurus-l","12":"pa_suurus-m","13":"pa_suurus-s","14":"pa_suurus-xl","15":"pa_varvus-must","16":"pa_varvus-punane","18":"first","19":"instock","20":"sold-individually","21":"taxable","22":"shipping-taxable","23":"purchasable","24":"product-type-variable"},"_links":{"self":[{"href":"https:\/\/pesu24.ee\/en\/wp-json\/wp\/v2\/product\/25886","targetHints":{"allow":["GET"]}}],"collection":[{"href":"https:\/\/pesu24.ee\/en\/wp-json\/wp\/v2\/product"}],"about":[{"href":"https:\/\/pesu24.ee\/en\/wp-json\/wp\/v2\/types\/product"}],"replies":[{"embeddable":true,"href":"https:\/\/pesu24.ee\/en\/wp-json\/wp\/v2\/comments?post=25886"}],"wp:featuredmedia":[{"embeddable":true,"href":"https:\/\/pesu24.ee\/en\/wp-json\/wp\/v2\/media\/25976"}],"wp:attachment":[{"href":"https:\/\/pesu24.ee\/en\/wp-json\/wp\/v2\/media?parent=25886"}],"wp:term":[{"taxonomy":"product_brand","embeddable":true,"href":"https:\/\/pesu24.ee\/en\/wp-json\/wp\/v2\/product_brand?post=25886"},{"taxonomy":"product_cat","embeddable":true,"href":"https:\/\/pesu24.ee\/en\/wp-json\/wp\/v2\/product_cat?post=25886"},{"taxonomy":"product_tag","embeddable":true,"href":"https:\/\/pesu24.ee\/en\/wp-json\/wp\/v2\/product_tag?post=25886"}],"curies":[{"name":"wp","href":"https:\/\/api.w.org\/{rel}","templated":true}]}}