{"id":25887,"date":"2025-08-19T00:31:45","date_gmt":"2025-08-18T21:31:45","guid":{"rendered":"https:\/\/pesu24.ee\/?post_type=product&#038;p=25887"},"modified":"2025-08-20T14:52:21","modified_gmt":"2025-08-20T11:52:21","slug":"rinnahoidja-obsessive-arienna","status":"publish","type":"product","link":"https:\/\/pesu24.ee\/en\/topid-rinnahoidjad\/rinnahoidja-obsessive-arienna\/","title":{"rendered":"Rinnahoidja Obsessive Arienna"},"content":{"rendered":"<p>Obsessive Arienna rinnahoidja on ideaalne valik romantiliseks \u00f5htuteks koos oma kallimaga. Selle ahvatlev ja pooll\u00e4bipaistev kangas ergutab kujutlusv\u00f5imet ja lisab seksuaalsust.<\/p>\n<p>Rinnahoidja tugikaared toetavad ja paljastavad piisavalt, et muuta \u00f5htu t\u00e4iuslikuks. Rinnahoidjal topelt \u00f5lapaelad on reguleeritavad ja toode on tagant astmelise kinnitusega.<\/p>\n<p><span style=\"color: #008000;\"><strong>KOMPLEKT SISALDAB:<\/strong><\/span><\/p>\n<ul>\n<li>rinnahoidja<\/li>\n<\/ul>\n<p>Rinnahoidja sobib kokku <a href=\"https:\/\/pesu24.ee\/en\/stringid-puksikud\/puksikud-obsessive-arienna\/\">Obsessive Arienna p\u00fcksikutega<\/a>.<\/p>\n<p><span style=\"color: #008000;\"><strong>DETAILS:<\/strong><\/span><\/p>\n<ul>\n<li>elegantse disainiga rinnahoidja<\/li>\n<li>sensuaalne pooll\u00e4bipaistev kangas<\/li>\n<li>tugikaared<\/li>\n<li>reguleeritavad topelt \u00f5lapaelad<\/li>\n<li>taga astmeline kinnitus<\/li>\n<li>ees ripats<\/li>\n<li>mugav &amp; elastne kangas (90% pol\u00fcamiid, 10% elastaan)<\/li>\n<\/ul>","protected":false},"excerpt":{"rendered":"<p>&#46;&#46;&#46;<\/p>","protected":false},"featured_media":25988,"comment_status":"open","ping_status":"closed","template":"","meta":{"_glsr_average":0,"_glsr_ranking":0,"_glsr_reviews":0},"product_brand":[500],"product_cat":[423],"product_tag":[160,434],"class_list":{"0":"post-25887","1":"product","2":"type-product","3":"status-publish","4":"has-post-thumbnail","6":"product_brand-obsessive","7":"product_cat-topid-rinnahoidjad","8":"product_tag-obsessive","9":"product_tag-obsessive-arienna","10":"pa_suurus-m-l","11":"pa_suurus-xl-xxl","12":"pa_suurus-xs-s","13":"pa_varvus-must","15":"first","16":"instock","17":"sold-individually","18":"taxable","19":"shipping-taxable","20":"purchasable","21":"product-type-variable"},"_links":{"self":[{"href":"https:\/\/pesu24.ee\/en\/wp-json\/wp\/v2\/product\/25887","targetHints":{"allow":["GET"]}}],"collection":[{"href":"https:\/\/pesu24.ee\/en\/wp-json\/wp\/v2\/product"}],"about":[{"href":"https:\/\/pesu24.ee\/en\/wp-json\/wp\/v2\/types\/product"}],"replies":[{"embeddable":true,"href":"https:\/\/pesu24.ee\/en\/wp-json\/wp\/v2\/comments?post=25887"}],"wp:featuredmedia":[{"embeddable":true,"href":"https:\/\/pesu24.ee\/en\/wp-json\/wp\/v2\/media\/25988"}],"wp:attachment":[{"href":"https:\/\/pesu24.ee\/en\/wp-json\/wp\/v2\/media?parent=25887"}],"wp:term":[{"taxonomy":"product_brand","embeddable":true,"href":"https:\/\/pesu24.ee\/en\/wp-json\/wp\/v2\/product_brand?post=25887"},{"taxonomy":"product_cat","embeddable":true,"href":"https:\/\/pesu24.ee\/en\/wp-json\/wp\/v2\/product_cat?post=25887"},{"taxonomy":"product_tag","embeddable":true,"href":"https:\/\/pesu24.ee\/en\/wp-json\/wp\/v2\/product_tag?post=25887"}],"curies":[{"name":"wp","href":"https:\/\/api.w.org\/{rel}","templated":true}]}}