{"id":25888,"date":"2025-10-21T00:31:45","date_gmt":"2025-10-20T21:31:45","guid":{"rendered":"https:\/\/pesu24.ee\/?post_type=product&#038;p=25888"},"modified":"2025-11-13T11:14:08","modified_gmt":"2025-11-13T08:14:08","slug":"rinnahoidja-axami-v-10101","status":"publish","type":"product","link":"https:\/\/pesu24.ee\/en\/topid-rinnahoidjad\/rinnahoidja-axami-v-10101\/","title":{"rendered":"Rinnahoidja Axami V-10101"},"content":{"rendered":"<p><strong>Axami pesubr\u00e4ndi tugikaartega ja polsterdustega rinnahoidja, mis tagab ideaalse kandmismugavuse. Kaunis lillemotiiv ja kuldsete kaunistustega paelakesed r\u00f5hutavad rinnakorvi.\u00a0<\/strong><\/p>\n<p>V\u00e4ga kvaliteetne, luksuslik ja elastne kangas. \u00d5lapaeladest reguleeritav ja tagant 3-astmelise kinnitusega, mis koos elastse kangaga tagab ideaalse sobivuse.<\/p>\n<p>Rinnahoidjaga sobib perfektselt kokku tootefotodel olevate sama pesukollektsiooni <a href=\"https:\/\/pesu24.ee\/en\/sukad\/sukad-axami-v-10104\/\">V-10104 sukkade<\/a> ja <a href=\"https:\/\/pesu24.ee\/en\/stringid-puksikud\/stringid-axami-v-10108\/\">V-10108 stringidega<\/a>.<\/p>\n<div class=\"omadused\">\n<p>Details<\/p>\n<ul>\n<li>komplektis rinnahoidja<\/li>\n<li>v\u00e4ga luksuslik disain, kvaliteetne kangas<\/li>\n<li>tugikaared, polsterdatud<\/li>\n<li>v\u00e4ga mugav kanda<\/li>\n<li>48% pol\u00fcamiid, 21% puuvill, 14% pol\u00fcuretaan, 9% pol\u00fcester, 7% elastaan<\/li>\n<\/ul>\n<\/div>","protected":false},"excerpt":{"rendered":"<p>&#46;&#46;&#46;<\/p>","protected":false},"featured_media":29319,"comment_status":"open","ping_status":"closed","template":"","meta":{"_glsr_average":0,"_glsr_ranking":0,"_glsr_reviews":0},"product_brand":[502],"product_cat":[423],"product_tag":[333,334],"class_list":{"0":"post-25888","1":"product","2":"type-product","3":"status-publish","4":"has-post-thumbnail","6":"product_brand-axami","7":"product_cat-topid-rinnahoidjad","8":"product_tag-axami","9":"product_tag-sensual-paradise","10":"pa_varvus-must","12":"first","13":"instock","14":"sold-individually","15":"taxable","16":"shipping-taxable","17":"purchasable","18":"product-type-variable"},"_links":{"self":[{"href":"https:\/\/pesu24.ee\/en\/wp-json\/wp\/v2\/product\/25888","targetHints":{"allow":["GET"]}}],"collection":[{"href":"https:\/\/pesu24.ee\/en\/wp-json\/wp\/v2\/product"}],"about":[{"href":"https:\/\/pesu24.ee\/en\/wp-json\/wp\/v2\/types\/product"}],"replies":[{"embeddable":true,"href":"https:\/\/pesu24.ee\/en\/wp-json\/wp\/v2\/comments?post=25888"}],"wp:featuredmedia":[{"embeddable":true,"href":"https:\/\/pesu24.ee\/en\/wp-json\/wp\/v2\/media\/29319"}],"wp:attachment":[{"href":"https:\/\/pesu24.ee\/en\/wp-json\/wp\/v2\/media?parent=25888"}],"wp:term":[{"taxonomy":"product_brand","embeddable":true,"href":"https:\/\/pesu24.ee\/en\/wp-json\/wp\/v2\/product_brand?post=25888"},{"taxonomy":"product_cat","embeddable":true,"href":"https:\/\/pesu24.ee\/en\/wp-json\/wp\/v2\/product_cat?post=25888"},{"taxonomy":"product_tag","embeddable":true,"href":"https:\/\/pesu24.ee\/en\/wp-json\/wp\/v2\/product_tag?post=25888"}],"curies":[{"name":"wp","href":"https:\/\/api.w.org\/{rel}","templated":true}]}}