{"id":25889,"date":"2025-08-19T00:31:45","date_gmt":"2025-08-18T21:31:45","guid":{"rendered":"https:\/\/pesu24.ee\/?post_type=product&#038;p=25889"},"modified":"2025-08-20T16:39:55","modified_gmt":"2025-08-20T13:39:55","slug":"rinnahoidja-axami-v-10061","status":"publish","type":"product","link":"https:\/\/pesu24.ee\/en\/topid-rinnahoidjad\/rinnahoidja-axami-v-10061\/","title":{"rendered":"Rinnahoidja Axami V-10061"},"content":{"rendered":"<p><strong>Silmatorkav, kuid klassikaline must rinnahoidja Axami pesubr\u00e4ndilt, mis n\u00e4eb v\u00e4ga ilus v\u00e4lja koos avatud kaelusega pluusidega. <\/strong><\/p>\n<p>Rinnahoidjal tugikaared ja polsterdused, \u00f5lapaeladest reguleeritav ja tagant astmelise kinnitusega. Lisaks on \u00f5lapaelasid v\u00f5imalik eemaldada.<\/p>\n<p>K\u00f5ik rinnahoidja aksessuaarid on kuldsed, mis lisavad veelgi rohkem elegantsust. Sobib ideaalselt kokku tootefotodel oleva <a href=\"https:\/\/pesu24.ee\/en\/stringid-puksikud\/stringid-axami-v-10068\/\">V-10068 stringidega<\/a> ning <a href=\"https:\/\/pesu24.ee\/en\/sukad\/sukad-axami-v-5204\/\">V-5204<\/a> v\u00f5i <a href=\"https:\/\/pesu24.ee\/en\/sukad\/sukad-axami-v-7694\/\">V-7694 sukkadega<\/a>.<\/p>\n<p><span style=\"color: #008000;\"><strong>OMADUSED<\/strong><\/span><\/p>\n<ul>\n<li>komplektis rinnahoidja<\/li>\n<li>tugikaartega, polsterdustega<\/li>\n<li>\u00f5lapaelad reguleeritavad<\/li>\n<li>\u00f5lapaelad eemaldatavad<\/li>\n<li>tagant astmelise kinnitustega<\/li>\n<li>polsterduste v\u00e4rvus bee\u017e<\/li>\n<li>must lillemotiiv<\/li>\n<li>elastne, v\u00e4ga kvaliteetne kangas<\/li>\n<li>v\u00f5imalikud suurused: 65CDE, 70ABCDE, 75ABCDE, 80ABCDE ja 85BCD<\/li>\n<\/ul>\n<p>PS! Kui soovitud suurust valikus ei ole, siis on antud suurus hetkel laost otsa saanud. Sel juhul v\u00f5ta julgesti \u00fchendust meie klienditoega aadressil support@pesu24.ee ja anname teada t\u00e4pse tarneaja.<\/p>","protected":false},"excerpt":{"rendered":"<p>&#46;&#46;&#46;<\/p>","protected":false},"featured_media":26008,"comment_status":"open","ping_status":"closed","template":"","meta":{"_glsr_average":0,"_glsr_ranking":0,"_glsr_reviews":0},"product_brand":[502],"product_cat":[423],"product_tag":[333,334],"class_list":{"0":"post-25889","1":"product","2":"type-product","3":"status-publish","4":"has-post-thumbnail","6":"product_brand-axami","7":"product_cat-topid-rinnahoidjad","8":"product_tag-axami","9":"product_tag-sensual-paradise","10":"pa_varvus-must","12":"first","13":"instock","14":"sold-individually","15":"taxable","16":"shipping-taxable","17":"purchasable","18":"product-type-variable"},"_links":{"self":[{"href":"https:\/\/pesu24.ee\/en\/wp-json\/wp\/v2\/product\/25889","targetHints":{"allow":["GET"]}}],"collection":[{"href":"https:\/\/pesu24.ee\/en\/wp-json\/wp\/v2\/product"}],"about":[{"href":"https:\/\/pesu24.ee\/en\/wp-json\/wp\/v2\/types\/product"}],"replies":[{"embeddable":true,"href":"https:\/\/pesu24.ee\/en\/wp-json\/wp\/v2\/comments?post=25889"}],"wp:featuredmedia":[{"embeddable":true,"href":"https:\/\/pesu24.ee\/en\/wp-json\/wp\/v2\/media\/26008"}],"wp:attachment":[{"href":"https:\/\/pesu24.ee\/en\/wp-json\/wp\/v2\/media?parent=25889"}],"wp:term":[{"taxonomy":"product_brand","embeddable":true,"href":"https:\/\/pesu24.ee\/en\/wp-json\/wp\/v2\/product_brand?post=25889"},{"taxonomy":"product_cat","embeddable":true,"href":"https:\/\/pesu24.ee\/en\/wp-json\/wp\/v2\/product_cat?post=25889"},{"taxonomy":"product_tag","embeddable":true,"href":"https:\/\/pesu24.ee\/en\/wp-json\/wp\/v2\/product_tag?post=25889"}],"curies":[{"name":"wp","href":"https:\/\/api.w.org\/{rel}","templated":true}]}}