{"id":25890,"date":"2025-08-19T00:31:45","date_gmt":"2025-08-18T21:31:45","guid":{"rendered":"https:\/\/pesu24.ee\/?post_type=product&#038;p=25890"},"modified":"2025-08-20T14:59:57","modified_gmt":"2025-08-20T11:59:57","slug":"tugikaartega-poolkorsett-rinnahoidja-axami-v-10081","status":"publish","type":"product","link":"https:\/\/pesu24.ee\/en\/topid-rinnahoidjad\/tugikaartega-poolkorsett-rinnahoidja-axami-v-10081\/","title":{"rendered":"Tugikaartega poolkorsett \/ rinnahoidja Axami V-10081"},"content":{"rendered":"<p><strong>Erakordne pooll\u00e4bipaistvast mustast pitsist ja rikkalike kaunistuste ning mustritega poolkorsett Axami pesubr\u00e4ndilt. Korseti rinnakorv tugikaartega ning ilma polsterdusteta.\u00a0\u00a0<\/strong><\/p>\n<p>Rinnakorvi alune osa vooderdatud ihuv\u00e4rvi \u00f5rna ja \u00f5hukese ihuv\u00e4rvi t\u00fclliga. Rindade ja seljaosal olevad paelad kaunistatud rohkete kuldsete elementidega.\u00a0\u00d5lapaeladest reguleeritav ja tagant astmelise kinnitusega.<\/p>\n<p>Sobib ideaalselt kokku tootefotodel olevate sama pesukollektsiooni <a href=\"https:\/\/pesu24.ee\/en\/stringid-puksikud\/stringid-axami-v-10088\/\">V-10088 stringidega<\/a> ja <a href=\"https:\/\/pesu24.ee\/en\/sukad\/sukad-axami-v-7834\/\">V-7834 sukkadega<\/a>.<\/p>\n<p><span style=\"color: #008000;\"><strong>OMADUSED<\/strong><\/span><\/p>\n<ul>\n<li>komplektis poolkorsett<\/li>\n<li>tugikaartega<\/li>\n<li>ilma polsterdusteta<\/li>\n<li>adjustable shoulder straps<\/li>\n<li>tagant astmelise kinnitusega<\/li>\n<li>elastne, kvaliteetne materjal<\/li>\n<li>87% pol\u00fcamiid, 13% elastaan<\/li>\n<li>v\u00f5imalikud suurused: 65CDE, 70ABCDE, 75ABCDE, 80ABCDE ja 85BCD<\/li>\n<\/ul>\n<p>PS! Kui soovitud suurust valikus ei ole, siis on antud suurus hetkel laost otsa saanud. Sel juhul v\u00f5ta julgesti \u00fchendust meie klienditoega aadressil support@pesu24.ee ja anname teada t\u00e4pse tarneaja.<\/p>","protected":false},"excerpt":{"rendered":"<p>&#46;&#46;&#46;<\/p>","protected":false},"featured_media":26021,"comment_status":"open","ping_status":"closed","template":"","meta":{"_glsr_average":0,"_glsr_ranking":0,"_glsr_reviews":0},"product_brand":[502],"product_cat":[423],"product_tag":[333,334],"class_list":{"0":"post-25890","1":"product","2":"type-product","3":"status-publish","4":"has-post-thumbnail","6":"product_brand-axami","7":"product_cat-topid-rinnahoidjad","8":"product_tag-axami","9":"product_tag-sensual-paradise","10":"pa_varvus-must","12":"first","13":"instock","14":"sold-individually","15":"taxable","16":"shipping-taxable","17":"purchasable","18":"product-type-variable"},"_links":{"self":[{"href":"https:\/\/pesu24.ee\/en\/wp-json\/wp\/v2\/product\/25890","targetHints":{"allow":["GET"]}}],"collection":[{"href":"https:\/\/pesu24.ee\/en\/wp-json\/wp\/v2\/product"}],"about":[{"href":"https:\/\/pesu24.ee\/en\/wp-json\/wp\/v2\/types\/product"}],"replies":[{"embeddable":true,"href":"https:\/\/pesu24.ee\/en\/wp-json\/wp\/v2\/comments?post=25890"}],"wp:featuredmedia":[{"embeddable":true,"href":"https:\/\/pesu24.ee\/en\/wp-json\/wp\/v2\/media\/26021"}],"wp:attachment":[{"href":"https:\/\/pesu24.ee\/en\/wp-json\/wp\/v2\/media?parent=25890"}],"wp:term":[{"taxonomy":"product_brand","embeddable":true,"href":"https:\/\/pesu24.ee\/en\/wp-json\/wp\/v2\/product_brand?post=25890"},{"taxonomy":"product_cat","embeddable":true,"href":"https:\/\/pesu24.ee\/en\/wp-json\/wp\/v2\/product_cat?post=25890"},{"taxonomy":"product_tag","embeddable":true,"href":"https:\/\/pesu24.ee\/en\/wp-json\/wp\/v2\/product_tag?post=25890"}],"curies":[{"name":"wp","href":"https:\/\/api.w.org\/{rel}","templated":true}]}}