{"id":25891,"date":"2025-08-19T00:31:45","date_gmt":"2025-08-18T21:31:45","guid":{"rendered":"https:\/\/pesu24.ee\/?post_type=product&#038;p=25891"},"modified":"2025-08-20T14:59:57","modified_gmt":"2025-08-20T11:59:57","slug":"rinnahoidja-axami-v-10051","status":"publish","type":"product","link":"https:\/\/pesu24.ee\/en\/topid-rinnahoidjad\/rinnahoidja-axami-v-10051\/","title":{"rendered":"Rinnahoidja Axami V-10051"},"content":{"rendered":"<p><strong>Tugikaartega ja osaliselt polsterdatud mustast pitsist rinnahoidja Axami V-10051. Rinnakorvi alumine osa polsterdatud, \u00fclemine osa l\u00e4bipaistvast elastsest t\u00fcllist.\u00a0<\/strong><\/p>\n<p>Rinnakorvi kohal neli ristuvat reguleeritavat paela. Samuti reguleeritav tagant \u00f5lapaeladest ja tagant astmelise (3 astet) haakidega kinnitusega, mis koos elastse kangaga, tugikaarte ja polsterdustega tagab ideaalse sobivuse ja kandmismugavuse.<\/p>\n<p>Rinnahoidja sobib ideaalselt kokku sama pesukollektsiooni <a href=\"https:\/\/pesu24.ee\/en\/stringid-puksikud\/stringid-axami-v-10058\/\">V-10058 stringidega<\/a> (vaata tootefotosid), mille saab osta eraldi. Lisaks soovitame juurde lisada mustad sukad, soovitatavalt tootefotodel olevad <a href=\"https:\/\/pesu24.ee\/en\/sukad\/sukad-axami-v-5204\/\">V-5204<\/a> v\u00f5i <a href=\"https:\/\/pesu24.ee\/en\/sukad\/sukad-axami-v-7694\/\">V-7694 sukad<\/a>.<\/p>\n<p><span style=\"color: #008000;\"><strong>OMADUSED<\/strong><\/span><\/p>\n<ul>\n<li>komplektis must rinnahoidja<\/li>\n<li>osaliselt polsterdatud, tugikaartega<\/li>\n<li>rinnakorvi alumine osa polsterdatud, \u00fclemine osa l\u00e4bipaistvast t\u00fcllist<\/li>\n<li>ees ristuvad neli paela on reguleeritavad<\/li>\n<li>tagant \u00f5lapaeladest reguleeritav<\/li>\n<li>tagant 3-astmelise kinnitusega (haagid)<\/li>\n<li>elastne, kvaliteetne kangas<\/li>\n<li>v\u00f5imalikud suurused: XS kuni XL<\/li>\n<\/ul>\n<p>PS! Kui sobivat suurust ei ole valikus, siis v\u00f5tke julgelt meiega e-maili teel \u00fchendust aadressil support@pesu24.ee. Kui aga toode on tellitav (j\u00e4reltellimisel), siis p\u00e4rast ostu vormistamist v\u00f5tame Teiega \u00fchendust t\u00e4psustamaks tarneaega.<\/p>","protected":false},"excerpt":{"rendered":"<p>&#46;&#46;&#46;<\/p>","protected":false},"featured_media":26034,"comment_status":"open","ping_status":"closed","template":"","meta":{"_glsr_average":0,"_glsr_ranking":0,"_glsr_reviews":0},"product_brand":[502],"product_cat":[423],"product_tag":[333,334],"class_list":{"0":"post-25891","1":"product","2":"type-product","3":"status-publish","4":"has-post-thumbnail","6":"product_brand-axami","7":"product_cat-topid-rinnahoidjad","8":"product_tag-axami","9":"product_tag-sensual-paradise","10":"pa_suurus-l","11":"pa_suurus-m","12":"pa_suurus-s","13":"pa_suurus-xl","14":"pa_varvus-must","16":"first","17":"instock","18":"sold-individually","19":"taxable","20":"shipping-taxable","21":"purchasable","22":"product-type-variable"},"_links":{"self":[{"href":"https:\/\/pesu24.ee\/en\/wp-json\/wp\/v2\/product\/25891","targetHints":{"allow":["GET"]}}],"collection":[{"href":"https:\/\/pesu24.ee\/en\/wp-json\/wp\/v2\/product"}],"about":[{"href":"https:\/\/pesu24.ee\/en\/wp-json\/wp\/v2\/types\/product"}],"replies":[{"embeddable":true,"href":"https:\/\/pesu24.ee\/en\/wp-json\/wp\/v2\/comments?post=25891"}],"wp:featuredmedia":[{"embeddable":true,"href":"https:\/\/pesu24.ee\/en\/wp-json\/wp\/v2\/media\/26034"}],"wp:attachment":[{"href":"https:\/\/pesu24.ee\/en\/wp-json\/wp\/v2\/media?parent=25891"}],"wp:term":[{"taxonomy":"product_brand","embeddable":true,"href":"https:\/\/pesu24.ee\/en\/wp-json\/wp\/v2\/product_brand?post=25891"},{"taxonomy":"product_cat","embeddable":true,"href":"https:\/\/pesu24.ee\/en\/wp-json\/wp\/v2\/product_cat?post=25891"},{"taxonomy":"product_tag","embeddable":true,"href":"https:\/\/pesu24.ee\/en\/wp-json\/wp\/v2\/product_tag?post=25891"}],"curies":[{"name":"wp","href":"https:\/\/api.w.org\/{rel}","templated":true}]}}