{"id":25892,"date":"2025-08-19T00:31:45","date_gmt":"2025-08-18T21:31:45","guid":{"rendered":"https:\/\/pesu24.ee\/?post_type=product&#038;p=25892"},"modified":"2025-09-22T14:06:10","modified_gmt":"2025-09-22T11:06:10","slug":"avatud-rinnahoidja-axami-v-10041","status":"publish","type":"product","link":"https:\/\/pesu24.ee\/en\/topid-rinnahoidjad\/avatud-rinnahoidja-axami-v-10041\/","title":{"rendered":"Avatud rinnahoidja Axami V-10041"},"content":{"rendered":"<p><strong>Avatud rinnahoidja Axami V-10041. Rinnahoidjal tugikaared ja osaliselt polsterdatud. \u00d5lapaeladest reguleeritav ja tagant 3-astmelise kinnitusega.\u00a0<\/strong><\/p>\n<p>Elastne ja kvaliteetne kangas, mis koos tugikaarte ja polsterdustega, reguleeritavuse ja astmelise kinnitusega tagab ideaalse sobivuse ja kandmismugavuse.<\/p>\n<p>Sobib suurep\u00e4raselt kokku tootefotodel oleva sama pesukollektsiooni <a href=\"https:\/\/pesu24.ee\/en\/stringid-puksikud\/stringid-axami-v-10048\/\">V-10048 stringidega<\/a>. Tootefotodel olevad nibukatted ei kuulu komplekti, aga endale meelep\u00e4rased saab osta eraldi <a href=\"https:\/\/pesu24.ee\/en\/aksessuaarid\/?s=nibukatted&amp;post_type=product\">nibukatete<\/a> kategooriast.<\/p>\n<p><span style=\"color: #008000;\"><strong>OMADUSED<\/strong><\/span><\/p>\n<ul>\n<li>komplektis avatud rinnahoidja<\/li>\n<li>rinnahoidjal tugikaared<\/li>\n<li>osaliselt polsterdatud<\/li>\n<li>adjustable shoulder straps<\/li>\n<li>tagant 3-astmelise kinnitusega<\/li>\n<li>elastne ja kvaliteetne kangas<\/li>\n<li>56% pol\u00fcamiid, 19% puuvill, 12% pol\u00fcuretaan, 8% pol\u00fcester, 5% elastaan<\/li>\n<li>saadaval suurustes XS kuni XL<\/li>\n<\/ul>\n<p>PS! Kui soovitud suurust valikus ei ole v\u00f5i on j\u00e4reltellitav, siis antud suurus on hetkel laost otsa saanud. Sel juhul v\u00f5ta julgesti \u00fchendust meie klienditoega aadressil support@pesu24.ee ja anname teada t\u00e4pse tarneaja.<\/p>","protected":false},"excerpt":{"rendered":"<p>&#46;&#46;&#46;<\/p>","protected":false},"featured_media":26040,"comment_status":"open","ping_status":"closed","template":"","meta":{"_glsr_average":0,"_glsr_ranking":0,"_glsr_reviews":0},"product_brand":[502],"product_cat":[423],"product_tag":[333,334],"class_list":{"0":"post-25892","1":"product","2":"type-product","3":"status-publish","4":"has-post-thumbnail","6":"product_brand-axami","7":"product_cat-topid-rinnahoidjad","8":"product_tag-axami","9":"product_tag-sensual-paradise","10":"pa_suurus-l","11":"pa_suurus-m","12":"pa_suurus-s","13":"pa_suurus-xl","14":"pa_varvus-must","15":"pa_varvus-punane","17":"first","18":"instock","19":"sold-individually","20":"taxable","21":"shipping-taxable","22":"purchasable","23":"product-type-variable"},"_links":{"self":[{"href":"https:\/\/pesu24.ee\/en\/wp-json\/wp\/v2\/product\/25892","targetHints":{"allow":["GET"]}}],"collection":[{"href":"https:\/\/pesu24.ee\/en\/wp-json\/wp\/v2\/product"}],"about":[{"href":"https:\/\/pesu24.ee\/en\/wp-json\/wp\/v2\/types\/product"}],"replies":[{"embeddable":true,"href":"https:\/\/pesu24.ee\/en\/wp-json\/wp\/v2\/comments?post=25892"}],"wp:featuredmedia":[{"embeddable":true,"href":"https:\/\/pesu24.ee\/en\/wp-json\/wp\/v2\/media\/26040"}],"wp:attachment":[{"href":"https:\/\/pesu24.ee\/en\/wp-json\/wp\/v2\/media?parent=25892"}],"wp:term":[{"taxonomy":"product_brand","embeddable":true,"href":"https:\/\/pesu24.ee\/en\/wp-json\/wp\/v2\/product_brand?post=25892"},{"taxonomy":"product_cat","embeddable":true,"href":"https:\/\/pesu24.ee\/en\/wp-json\/wp\/v2\/product_cat?post=25892"},{"taxonomy":"product_tag","embeddable":true,"href":"https:\/\/pesu24.ee\/en\/wp-json\/wp\/v2\/product_tag?post=25892"}],"curies":[{"name":"wp","href":"https:\/\/api.w.org\/{rel}","templated":true}]}}