{"id":25894,"date":"2025-08-19T00:31:45","date_gmt":"2025-08-18T21:31:45","guid":{"rendered":"https:\/\/pesu24.ee\/?post_type=product&#038;p=25894"},"modified":"2025-08-20T17:05:15","modified_gmt":"2025-08-20T14:05:15","slug":"rinnahoidja-axami-v-10001","status":"publish","type":"product","link":"https:\/\/pesu24.ee\/en\/topid-rinnahoidjad\/rinnahoidja-axami-v-10001\/","title":{"rendered":"Rinnahoidja Axami V-10001"},"content":{"rendered":"<p><strong>Pooll\u00e4bipaistva punase t\u00fclli ja musta pitsiga rinnahoidja. Rinnakorv tugikaartega ja valmistatud punasest t\u00fcllist, mille alumine osa osaliselt polsterdatud.\u00a0<\/strong><\/p>\n<p>Rinnakorvi kohal olevad paelad eest neljast kohas reguleeritavad (vaata tootefotosid), mis tagavad ideaalse sobivuse. Tagant samuti k\u00f5ik neli \u00f5lapaela reguleeritavad ning rinnahoidja suletav 3-astmelise kinnitusega.<\/p>\n<p>Valmistatud elastsest ja kvaliteetsest kangast, mis koos reguleeritavuse, astmelise kinnituse ning tugikaarte ja osalise polsterdustega tagab ideaalse sobivuse ja kandmismugavuse. Perfektse komplekti saamiseks lisa juurde tootefotodel olevad <a href=\"https:\/\/pesu24.ee\/en\/stringid-puksikud\/stringid-axami-v-10008\/\">V-10008 stringid<\/a>.<\/p>\n<p><strong><span style=\"color: #008000;\">OMADUSED<\/span><\/strong><\/p>\n<ul>\n<li>komplektis rinnahoidja<\/li>\n<li>tugikaared, osaliselt polsterdatud<\/li>\n<li>eest paelad reguleeritavad neljast kohast<\/li>\n<li>tagant k\u00f5ik neli \u00f5lapaela reguleeritavad<\/li>\n<li>tagant 3-astmelise kinnitusega<\/li>\n<li>elastne, kvaliteetne kangas<\/li>\n<li>k\u00f5ik see kokku tagab ideaalse sobivuse<\/li>\n<li>58% pol\u00fcamiid, 16% puuvill, 11% pol\u00fcuretaan, 8% elastaan, 7% pol\u00fcester<\/li>\n<li>saadaval suurustes XS kuni XL<\/li>\n<\/ul>\n<p>PS! Kui soovitud suurust valikus ei ole v\u00f5i on j\u00e4reltellitav, siis antud suurus on hetkel laost otsa saanud. Sel juhul v\u00f5ta julgesti \u00fchendust meie klienditoega aadressil support@pesu24.ee ja anname teada t\u00e4pse tarneaja.<\/p>","protected":false},"excerpt":{"rendered":"<p>&#46;&#46;&#46;<\/p>","protected":false},"featured_media":26057,"comment_status":"open","ping_status":"closed","template":"","meta":{"_glsr_average":0,"_glsr_ranking":0,"_glsr_reviews":0},"product_brand":[502],"product_cat":[423],"product_tag":[333,334],"class_list":{"0":"post-25894","1":"product","2":"type-product","3":"status-publish","4":"has-post-thumbnail","6":"product_brand-axami","7":"product_cat-topid-rinnahoidjad","8":"product_tag-axami","9":"product_tag-sensual-paradise","10":"pa_suurus-l","11":"pa_suurus-m","12":"pa_suurus-s","13":"pa_suurus-xl","14":"pa_suurus-xs","15":"pa_varvus-punane","17":"first","18":"instock","19":"sold-individually","20":"taxable","21":"shipping-taxable","22":"purchasable","23":"product-type-variable"},"_links":{"self":[{"href":"https:\/\/pesu24.ee\/en\/wp-json\/wp\/v2\/product\/25894","targetHints":{"allow":["GET"]}}],"collection":[{"href":"https:\/\/pesu24.ee\/en\/wp-json\/wp\/v2\/product"}],"about":[{"href":"https:\/\/pesu24.ee\/en\/wp-json\/wp\/v2\/types\/product"}],"replies":[{"embeddable":true,"href":"https:\/\/pesu24.ee\/en\/wp-json\/wp\/v2\/comments?post=25894"}],"wp:featuredmedia":[{"embeddable":true,"href":"https:\/\/pesu24.ee\/en\/wp-json\/wp\/v2\/media\/26057"}],"wp:attachment":[{"href":"https:\/\/pesu24.ee\/en\/wp-json\/wp\/v2\/media?parent=25894"}],"wp:term":[{"taxonomy":"product_brand","embeddable":true,"href":"https:\/\/pesu24.ee\/en\/wp-json\/wp\/v2\/product_brand?post=25894"},{"taxonomy":"product_cat","embeddable":true,"href":"https:\/\/pesu24.ee\/en\/wp-json\/wp\/v2\/product_cat?post=25894"},{"taxonomy":"product_tag","embeddable":true,"href":"https:\/\/pesu24.ee\/en\/wp-json\/wp\/v2\/product_tag?post=25894"}],"curies":[{"name":"wp","href":"https:\/\/api.w.org\/{rel}","templated":true}]}}