{"id":25895,"date":"2025-08-19T00:31:45","date_gmt":"2025-08-18T21:31:45","guid":{"rendered":"https:\/\/pesu24.ee\/?post_type=product&#038;p=25895"},"modified":"2026-01-02T00:15:09","modified_gmt":"2026-01-01T21:15:09","slug":"rinnahoidja-axami-v-10071","status":"publish","type":"product","link":"https:\/\/pesu24.ee\/en\/topid-rinnahoidjad\/rinnahoidja-axami-v-10071\/","title":{"rendered":"Rinnahoidja Axami V-10071"},"content":{"rendered":"<p><strong>Punasest pitsist rinnahoidja, mille rinnakorvid punasest lateksist. Rinnakorv tugikaartega, aga ilma polsterdusteta ning rinnakorvi lateksist sisemine osa vooderdatud mugavuse tagamiseks sametise t\u00fclliga.<\/strong><\/p>\n<p>Rindade keskelt \u00f5lapaeladeni jooksvad paelad on \u00f5lapaelade poolses otsas reguleeritavad, mis tagab ideaalse sobivuse. Rinnakorvi alumisel osa kaunistatud l\u00e4ikiva pooll\u00e4bipaistva tikandiga.<\/p>\n<p>Tagant \u00f5lapaeladest reguleeritav ja suletav 2-astmelise haak-kinnitusega, mis koos elastsete paeladega ja kvaliteetse kangaga tagab ideaalse sobivuse ja suurep\u00e4rase kandmismugavuse. Parima tulemuse saamiseks osta juurde ka tootefotodel olevad sama pesukollektsiooni <a href=\"https:\/\/pesu24.ee\/en\/stringid-puksikud\/stringid-axami-v-10078\/\">V-10078 stringid<\/a>.<\/p>\n<p><span style=\"color: #008000;\"><strong>OMADUSED<\/strong><\/span><\/p>\n<ul>\n<li>komplektis punasest pitsist rinnahoidja<\/li>\n<li>rinnakorvil tugikaared, polsterdused puuduvad<\/li>\n<li>rinnakorv lateksist<\/li>\n<li>lateksist siseosa vooderdatud sametise t\u00fclliga<\/li>\n<li>eest \u00f5lapaealade juurest reguleeritav<\/li>\n<li>tagant \u00f5lapaeladest reguleeritav<\/li>\n<li>tagant 2-astmelise kinnitusega<\/li>\n<li>elastne, kvaliteetne kangas<\/li>\n<li>pol\u00fcamiid 88%, elastaan 12%<\/li>\n<li>v\u00f5imalikud suurused: 65CDE, 70ABCDE, 75ABCDE, 80ABCDE ja 85BCD<\/li>\n<\/ul>\n<p>PS! Kui soovitud suurust valikus ei ole, siis antud suurus on hetkel laost otsa saanud. Sel juhul v\u00f5ta julgesti \u00fchendust meie klienditoega aadressil support@pesu24.ee ja anname teada t\u00e4pse tarneaja.<\/p>\n<p>Lisaks sama komplekt saadaval ka musta v\u00e4rvi, selleks tutvu <a href=\"https:\/\/pesu24.ee\/en\/topid-rinnahoidjad\/lateks-rinnahoidja-axami-v-9441\/\">V-9441 rinnahoidja<\/a> ja <a href=\"https:\/\/pesu24.ee\/en\/stringid-puksikud\/lateks-stringid-axami-v-9448\/\">V-9448 stringidega<\/a>.<\/p>","protected":false},"excerpt":{"rendered":"<p>&#46;&#46;&#46;<\/p>","protected":false},"featured_media":26068,"comment_status":"open","ping_status":"closed","template":"","meta":{"_glsr_average":0,"_glsr_ranking":0,"_glsr_reviews":0},"product_brand":[502],"product_cat":[423],"product_tag":[333,398,334],"class_list":{"0":"post-25895","1":"product","2":"type-product","3":"status-publish","4":"has-post-thumbnail","6":"product_brand-axami","7":"product_cat-topid-rinnahoidjad","8":"product_tag-axami","9":"product_tag-latekspesu","10":"product_tag-sensual-paradise","11":"pa_varvus-punane","13":"first","14":"instock","15":"sold-individually","16":"taxable","17":"shipping-taxable","18":"purchasable","19":"product-type-variable"},"_links":{"self":[{"href":"https:\/\/pesu24.ee\/en\/wp-json\/wp\/v2\/product\/25895","targetHints":{"allow":["GET"]}}],"collection":[{"href":"https:\/\/pesu24.ee\/en\/wp-json\/wp\/v2\/product"}],"about":[{"href":"https:\/\/pesu24.ee\/en\/wp-json\/wp\/v2\/types\/product"}],"replies":[{"embeddable":true,"href":"https:\/\/pesu24.ee\/en\/wp-json\/wp\/v2\/comments?post=25895"}],"wp:featuredmedia":[{"embeddable":true,"href":"https:\/\/pesu24.ee\/en\/wp-json\/wp\/v2\/media\/26068"}],"wp:attachment":[{"href":"https:\/\/pesu24.ee\/en\/wp-json\/wp\/v2\/media?parent=25895"}],"wp:term":[{"taxonomy":"product_brand","embeddable":true,"href":"https:\/\/pesu24.ee\/en\/wp-json\/wp\/v2\/product_brand?post=25895"},{"taxonomy":"product_cat","embeddable":true,"href":"https:\/\/pesu24.ee\/en\/wp-json\/wp\/v2\/product_cat?post=25895"},{"taxonomy":"product_tag","embeddable":true,"href":"https:\/\/pesu24.ee\/en\/wp-json\/wp\/v2\/product_tag?post=25895"}],"curies":[{"name":"wp","href":"https:\/\/api.w.org\/{rel}","templated":true}]}}