{"id":25897,"date":"2025-08-19T00:31:45","date_gmt":"2025-08-18T21:31:45","guid":{"rendered":"https:\/\/pesu24.ee\/?post_type=product&#038;p=25897"},"modified":"2025-08-28T10:30:59","modified_gmt":"2025-08-28T07:30:59","slug":"patenteeritud-kortsudevastane-rinnahoidja-axami-v-8931-must","status":"publish","type":"product","link":"https:\/\/pesu24.ee\/en\/topid-rinnahoidjad\/patenteeritud-kortsudevastane-rinnahoidja-axami-v-8931-must\/","title":{"rendered":"Patenteeritud kortsudevastane rinnahoidja Axami V-8931"},"content":{"rendered":"<p><strong>Naiselikule ja s\u00e4ravakaunile dekoltee piirkonnale m\u00f5eldud kortsudevastane rinnahoidja on midagi uut ilu ja nahahoolduse maailmas. See on uuenduslik projekt, mille on patenteerinud luksusliku naiste pesubr\u00e4nd Axami.<\/strong><\/p>\n<h2>Kortsudevastase rinnahoidja t\u00f6\u00f6p\u00f5him\u00f5te.<\/h2>\n<p>Iga naine tahab olla ilus, naiselik ja kaunis, aga paraku muutub nahk aastatega vanemaks ja l\u00f5dvemaks, kaotades elastsust, mis p\u00f5hjustab kortse. K\u00f5ige tavalisem p\u00f5hjus kortsude tekkimiseks dekoltee ja rindade piirkonnas on magamisasend.<\/p>\n<p>Kui magate vasakul v\u00f5i paremal k\u00fcljel, siis t\u00e4nu gravitatsioonile \u00fcks rind vajub allapoole, teise rinna peale, mist\u00f5ttu tekivad ajapikku dekoltee piirkondade ja rindade \u00fcmbrusesse kortsud ning venitusarmid. Seda k\u00f5ike on v\u00f5imalik v\u00e4ltida, suhteliselt lihtsalt ja odavalt.<\/p>\n<p>Ei ole vaja enam kulutada sadu eurosid kosmeetikahooldusele ja pinguldavatele kreemidele, et neist kortsudest vabaneda. Lihtsamaks lahenduseks on probleemi v\u00e4ltimine, kasutades patenteeritud kortsudevastast Axami rinnahoidjat.<\/p>\n<p>Axami kortsudevastane rinnahoidja ei lase \u00fchel rinnal vajuda ebaloomulikku asendisse magamise ajal, hoides rindasid kindlalt ja pinguldades kaela ning rinnapiirkonda. Rinnahoidja hoiab rinnad \u00fcksteisest lahus, nii et v\u00f5ite magada vasakul v\u00f5i paremal k\u00fcljel ning ei pea muretsema seet\u00f5ttu kortsude tekke p\u00e4rast.<\/p>\n<h2>Kortsudevastane rinnahoidja<\/h2>\n<p>Kortsudevastane rinnahoidja rinnakorvi vaheline osa on valmistatud pehmest ja \u00f5rnast mikrokiust. Tagant astmelise kinnitusega (3 astet) ja \u00f5lapaeladest reguleeritav ning v\u00e4ga elastne ja veniv, mis k\u00f5ik koos tagab ideaalse sobivuse.<\/p>\n<p>Saadaval kolmes v\u00e4rvitoonis: valge, must ja bee\u017e. Valge v\u00e4rv on leitav <a href=\"https:\/\/pesu24.ee\/en\/topid-rinnahoidjad\/patenteeritud-kortsudevastane-rinnahoidja-axami-v-8951-valge\/\">SIIT<\/a> ja bee\u017e <a href=\"https:\/\/pesu24.ee\/en\/topid-rinnahoidjad\/patenteeritud-kortsudevastane-rinnahoidja-axami-v-8941-beez\/\">SIIT<\/a>. Meie e-pood on hetkel ainus, kes Eestis m\u00fc\u00fcb Axami pesubr\u00e4ndi patenteeritud kortsudevastast rinnahoidjat.<\/p>","protected":false},"excerpt":{"rendered":"<p>&#46;&#46;&#46;<\/p>","protected":false},"featured_media":26081,"comment_status":"open","ping_status":"closed","template":"","meta":{"_glsr_average":0,"_glsr_ranking":0,"_glsr_reviews":0},"product_brand":[502],"product_cat":[423],"product_tag":[333],"class_list":{"0":"post-25897","1":"product","2":"type-product","3":"status-publish","4":"has-post-thumbnail","6":"product_brand-axami","7":"product_cat-topid-rinnahoidjad","8":"product_tag-axami","9":"pa_suurus-l","10":"pa_suurus-m","11":"pa_suurus-s","12":"pa_suurus-xl","13":"pa_varvus-must","15":"first","16":"instock","17":"sold-individually","18":"taxable","19":"shipping-taxable","20":"purchasable","21":"product-type-variable"},"_links":{"self":[{"href":"https:\/\/pesu24.ee\/en\/wp-json\/wp\/v2\/product\/25897","targetHints":{"allow":["GET"]}}],"collection":[{"href":"https:\/\/pesu24.ee\/en\/wp-json\/wp\/v2\/product"}],"about":[{"href":"https:\/\/pesu24.ee\/en\/wp-json\/wp\/v2\/types\/product"}],"replies":[{"embeddable":true,"href":"https:\/\/pesu24.ee\/en\/wp-json\/wp\/v2\/comments?post=25897"}],"wp:featuredmedia":[{"embeddable":true,"href":"https:\/\/pesu24.ee\/en\/wp-json\/wp\/v2\/media\/26081"}],"wp:attachment":[{"href":"https:\/\/pesu24.ee\/en\/wp-json\/wp\/v2\/media?parent=25897"}],"wp:term":[{"taxonomy":"product_brand","embeddable":true,"href":"https:\/\/pesu24.ee\/en\/wp-json\/wp\/v2\/product_brand?post=25897"},{"taxonomy":"product_cat","embeddable":true,"href":"https:\/\/pesu24.ee\/en\/wp-json\/wp\/v2\/product_cat?post=25897"},{"taxonomy":"product_tag","embeddable":true,"href":"https:\/\/pesu24.ee\/en\/wp-json\/wp\/v2\/product_tag?post=25897"}],"curies":[{"name":"wp","href":"https:\/\/api.w.org\/{rel}","templated":true}]}}