{"id":25919,"date":"2025-08-19T00:32:15","date_gmt":"2025-08-18T21:32:15","guid":{"rendered":"https:\/\/pesu24.ee\/?post_type=product&#038;p=25919"},"modified":"2025-11-18T11:16:47","modified_gmt":"2025-11-18T08:16:47","slug":"rinnahoidja-axami-v-9481","status":"publish","type":"product","link":"https:\/\/pesu24.ee\/en\/topid-rinnahoidjad\/rinnahoidja-axami-v-9481\/","title":{"rendered":"Rinnahoidja Axami V-9481"},"content":{"rendered":"<p><strong>Axami pesubr\u00e4ndi <a href=\"https:\/\/pesu24.ee\/en\/omadus\/malaca-loca\/\">Malaca Loca<\/a> pesukollektsiooni kuuluv rinnahoidja V-9481. Rinnakorv tugikaartega. \u00dclemine osa mustast l\u00e4bipaistvast pitsist ja alumine osa kaetud l\u00e4ikiva h\u00f5bedase kangaga.<\/strong><\/p>\n<p>Kaela tagant seotav, \u00f5lapaeladest reguleeritav ja tagant 3-astmelise kinnitusega, mis koos elastse ja kvaliteetse kangaga tagab ideaalse sobivuse kui ka kandmismugavuse.<\/p>\n<p>Toode saadaval suurustes 65C-65E, 70A-70E, 75A-75E, 80A-80E, 85B-85C. Kui antud suurust valikus ei ole, siis v\u00f5tke julgelt \u00fchendust support@pesu24.ee ja anname teada tarneaja.<\/p>\n<p>Lisaks tootefotodel olevad stringid komplekti ei kuulu, aga need saab osta eraldi. Tootefotodel on <a href=\"https:\/\/pesu24.ee\/en\/stringid-puksikud\/avatud-jalgevahega-stringid-axami-v-9483\/\" target=\"_blank\" rel=\"noopener\">Axami V-9483 stringid<\/a>.<\/p>\n<p><span style=\"color: #008000;\"><strong>DETAILS<\/strong><\/span><\/p>\n<ul>\n<li>komplektis rinnahoidja<\/li>\n<li>rinnahoidjal tugikaared<\/li>\n<li>kaela tagant seotav<\/li>\n<li>adjustable shoulder straps<\/li>\n<li>tagant 3-astmelise kinnitusega<\/li>\n<li>rinnakorvi \u00fclemine osa l\u00e4bipaistvast mustast pitsist<\/li>\n<li>alumine osa kaetud h\u00f5bedase l\u00e4ikega kangaga<\/li>\n<li>kvaliteetne ja elastne kangas<\/li>\n<li>mugav kanda, meeldiv puudutada<\/li>\n<li>60% pol\u00fcamiid, 14% puuvill, 10% elastaan, 10% pol\u00fcuretaan, 6% pol\u00fcester<\/li>\n<\/ul>\n<p>Kindlasti tutvuda toode m\u00f5\u00f5tude tabeliga ja lisaks soovitame tutvuda ka teiste <a href=\"https:\/\/pesu24.ee\/en\/omadus\/axami\/\">Axami pesudega<\/a>. Mistahes k\u00fcsimuste korral kirjutage julgelt support@pesu24.ee.<\/p>","protected":false},"excerpt":{"rendered":"<p>&#46;&#46;&#46;<\/p>","protected":false},"featured_media":26103,"comment_status":"open","ping_status":"closed","template":"","meta":{"_glsr_average":0,"_glsr_ranking":0,"_glsr_reviews":0},"product_brand":[502],"product_cat":[423],"product_tag":[333,436],"class_list":{"0":"post-25919","1":"product","2":"type-product","3":"status-publish","4":"has-post-thumbnail","6":"product_brand-axami","7":"product_cat-topid-rinnahoidjad","8":"product_tag-axami","9":"product_tag-malaca-loca","10":"pa_varvus-hall","11":"pa_varvus-must","13":"first","14":"instock","15":"sold-individually","16":"taxable","17":"shipping-taxable","18":"purchasable","19":"product-type-variable"},"_links":{"self":[{"href":"https:\/\/pesu24.ee\/en\/wp-json\/wp\/v2\/product\/25919","targetHints":{"allow":["GET"]}}],"collection":[{"href":"https:\/\/pesu24.ee\/en\/wp-json\/wp\/v2\/product"}],"about":[{"href":"https:\/\/pesu24.ee\/en\/wp-json\/wp\/v2\/types\/product"}],"replies":[{"embeddable":true,"href":"https:\/\/pesu24.ee\/en\/wp-json\/wp\/v2\/comments?post=25919"}],"wp:featuredmedia":[{"embeddable":true,"href":"https:\/\/pesu24.ee\/en\/wp-json\/wp\/v2\/media\/26103"}],"wp:attachment":[{"href":"https:\/\/pesu24.ee\/en\/wp-json\/wp\/v2\/media?parent=25919"}],"wp:term":[{"taxonomy":"product_brand","embeddable":true,"href":"https:\/\/pesu24.ee\/en\/wp-json\/wp\/v2\/product_brand?post=25919"},{"taxonomy":"product_cat","embeddable":true,"href":"https:\/\/pesu24.ee\/en\/wp-json\/wp\/v2\/product_cat?post=25919"},{"taxonomy":"product_tag","embeddable":true,"href":"https:\/\/pesu24.ee\/en\/wp-json\/wp\/v2\/product_tag?post=25919"}],"curies":[{"name":"wp","href":"https:\/\/api.w.org\/{rel}","templated":true}]}}