{"id":25920,"date":"2025-08-19T00:32:15","date_gmt":"2025-08-18T21:32:15","guid":{"rendered":"https:\/\/pesu24.ee\/?post_type=product&#038;p=25920"},"modified":"2025-08-21T16:20:50","modified_gmt":"2025-08-21T13:20:50","slug":"rinnahoidja-obsessive-belovya","status":"publish","type":"product","link":"https:\/\/pesu24.ee\/en\/topid-rinnahoidjad\/rinnahoidja-obsessive-belovya\/","title":{"rendered":"Rinnahoidja Obsessive Belovya"},"content":{"rendered":"<p>Rinnahoidja Obsessive Belovya rinnahoidja on seksapiili t\u00e4is aegumatu klassik, mis peab olema iga naise pesukollektsioonis. Uskumatult \u00f5rn ja meeldiv pits r\u00f5hutavad kaunilt teie rindu ning ehtedetail rinnakorvi vahel lisab tervikule elegantsi. Tugikaared ja pehme polsterdus t\u00f5stavad teie rinnakorvi esile.<\/p>\n<p><span style=\"color: #008000;\"><strong>KOMPLEKT SISALDAB:<\/strong><\/span><\/p>\n<ul>\n<li>rinnahoidja<\/li>\n<\/ul>\n<p>Rinnahoidja sobib kokku <a href=\"https:\/\/pesu24.ee\/en\/stringid-puksikud\/sukapaeltega-puksikud-obsessive-belovya\/\">Obsessive Belovya p\u00fcksikutega<\/a>.<\/p>\n<p><span style=\"color: #008000;\"><strong>DETAILS:<\/strong><\/span><\/p>\n<ul>\n<li>s\u00fcgavpunast tooni<\/li>\n<li>rinnakorvil tugikaared &amp; pehme polsterdus<\/li>\n<li>ees ripats<\/li>\n<li>taga astmeline kinnitus<\/li>\n<li>reguleeritavad \u00f5lapaelad<\/li>\n<li>mugav &amp; elastne kangas (90% pol\u00fcamiid, 10% elastaan)<\/li>\n<\/ul>","protected":false},"excerpt":{"rendered":"<p>&#46;&#46;&#46;<\/p>","protected":false},"featured_media":26109,"comment_status":"open","ping_status":"closed","template":"","meta":{"_glsr_average":0,"_glsr_ranking":0,"_glsr_reviews":0},"product_brand":[500],"product_cat":[423],"product_tag":[160,437],"class_list":{"0":"post-25920","1":"product","2":"type-product","3":"status-publish","4":"has-post-thumbnail","6":"product_brand-obsessive","7":"product_cat-topid-rinnahoidjad","8":"product_tag-obsessive","9":"product_tag-obsessive-belovya","10":"pa_suurus-m-l","11":"pa_suurus-xl-xxl","12":"pa_suurus-xs-s","13":"pa_varvus-punane","15":"first","16":"instock","17":"sold-individually","18":"taxable","19":"shipping-taxable","20":"purchasable","21":"product-type-variable"},"_links":{"self":[{"href":"https:\/\/pesu24.ee\/en\/wp-json\/wp\/v2\/product\/25920","targetHints":{"allow":["GET"]}}],"collection":[{"href":"https:\/\/pesu24.ee\/en\/wp-json\/wp\/v2\/product"}],"about":[{"href":"https:\/\/pesu24.ee\/en\/wp-json\/wp\/v2\/types\/product"}],"replies":[{"embeddable":true,"href":"https:\/\/pesu24.ee\/en\/wp-json\/wp\/v2\/comments?post=25920"}],"wp:featuredmedia":[{"embeddable":true,"href":"https:\/\/pesu24.ee\/en\/wp-json\/wp\/v2\/media\/26109"}],"wp:attachment":[{"href":"https:\/\/pesu24.ee\/en\/wp-json\/wp\/v2\/media?parent=25920"}],"wp:term":[{"taxonomy":"product_brand","embeddable":true,"href":"https:\/\/pesu24.ee\/en\/wp-json\/wp\/v2\/product_brand?post=25920"},{"taxonomy":"product_cat","embeddable":true,"href":"https:\/\/pesu24.ee\/en\/wp-json\/wp\/v2\/product_cat?post=25920"},{"taxonomy":"product_tag","embeddable":true,"href":"https:\/\/pesu24.ee\/en\/wp-json\/wp\/v2\/product_tag?post=25920"}],"curies":[{"name":"wp","href":"https:\/\/api.w.org\/{rel}","templated":true}]}}