{"id":25921,"date":"2025-08-19T00:32:15","date_gmt":"2025-08-18T21:32:15","guid":{"rendered":"https:\/\/pesu24.ee\/?post_type=product&#038;p=25921"},"modified":"2026-03-23T12:38:04","modified_gmt":"2026-03-23T10:38:04","slug":"topp-obsessive-hermeza-must","status":"publish","type":"product","link":"https:\/\/pesu24.ee\/en\/topid-rinnahoidjad\/topp-obsessive-hermeza-must\/","title":{"rendered":"Topp Obsessive Hermeza"},"content":{"rendered":"<p>Ainulaadne Obsessive Hermeza topp on kaasaegne ja v\u00e4ga naiselik aksessuaar, mis r\u00f5hutab imeliselt teie rindu. Bandeau-t\u00fc\u00fcpi l\u00f5ige ja v\u00f5rgutav\u00a0<em>wet-look<\/em> ilme loovad naiseliku ja ahvatleva kombinatsiooni.<\/p>\n<p><span style=\"color: #008000;\"><strong>KOMPLEKT SISALDAB:<\/strong><\/span><\/p>\n<ul>\n<li>topp<\/li>\n<\/ul>\n<p>Obsessive Hermeza topp sobib perfektselt kokku <a href=\"https:\/\/pesu24.ee\/en\/topid-rinnahoidjad\/topp-obsessive-hermeza-must\/\">Obsessive Hermeza l\u00fchikeste p\u00fckstega<\/a>.<\/p>\n<p><span style=\"color: #008000;\"><strong>DETAILS:<\/strong><\/span><\/p>\n<ul>\n<li>s\u00fcgavmusta tooni<\/li>\n<li><em>wet look\u00a0<\/em>ilme<\/li>\n<li>k\u00fcljelt lukuga avatav<\/li>\n<li>bandeau-t\u00fc\u00fcpi l\u00f5ige<\/li>\n<li>mugav ja elastne kangas (60% pol\u00fcerataan, 40% pol\u00fcamiid)<\/li>\n<\/ul>","protected":false},"excerpt":{"rendered":"<p>&#46;&#46;&#46;<\/p>","protected":false},"featured_media":26118,"comment_status":"open","ping_status":"closed","template":"","meta":{"_glsr_average":0,"_glsr_ranking":0,"_glsr_reviews":0},"product_brand":[500],"product_cat":[423],"product_tag":[160],"class_list":{"0":"post-25921","1":"product","2":"type-product","3":"status-publish","4":"has-post-thumbnail","6":"product_brand-obsessive","7":"product_cat-topid-rinnahoidjad","8":"product_tag-obsessive","9":"pa_suurus-l","10":"pa_suurus-m","11":"pa_suurus-s","12":"pa_suurus-xl","13":"pa_suurus-xs","14":"pa_varvus-must","16":"first","17":"instock","18":"sale","19":"sold-individually","20":"taxable","21":"shipping-taxable","22":"purchasable","23":"product-type-variable"},"_links":{"self":[{"href":"https:\/\/pesu24.ee\/en\/wp-json\/wp\/v2\/product\/25921","targetHints":{"allow":["GET"]}}],"collection":[{"href":"https:\/\/pesu24.ee\/en\/wp-json\/wp\/v2\/product"}],"about":[{"href":"https:\/\/pesu24.ee\/en\/wp-json\/wp\/v2\/types\/product"}],"replies":[{"embeddable":true,"href":"https:\/\/pesu24.ee\/en\/wp-json\/wp\/v2\/comments?post=25921"}],"wp:featuredmedia":[{"embeddable":true,"href":"https:\/\/pesu24.ee\/en\/wp-json\/wp\/v2\/media\/26118"}],"wp:attachment":[{"href":"https:\/\/pesu24.ee\/en\/wp-json\/wp\/v2\/media?parent=25921"}],"wp:term":[{"taxonomy":"product_brand","embeddable":true,"href":"https:\/\/pesu24.ee\/en\/wp-json\/wp\/v2\/product_brand?post=25921"},{"taxonomy":"product_cat","embeddable":true,"href":"https:\/\/pesu24.ee\/en\/wp-json\/wp\/v2\/product_cat?post=25921"},{"taxonomy":"product_tag","embeddable":true,"href":"https:\/\/pesu24.ee\/en\/wp-json\/wp\/v2\/product_tag?post=25921"}],"curies":[{"name":"wp","href":"https:\/\/api.w.org\/{rel}","templated":true}]}}