{"id":25936,"date":"2025-08-19T00:32:38","date_gmt":"2025-08-18T21:32:38","guid":{"rendered":"https:\/\/pesu24.ee\/?post_type=product&#038;p=25936"},"modified":"2025-08-20T14:59:57","modified_gmt":"2025-08-20T11:59:57","slug":"rinnahoidja-axami-v-9451","status":"publish","type":"product","link":"https:\/\/pesu24.ee\/en\/topid-rinnahoidjad\/rinnahoidja-axami-v-9451\/","title":{"rendered":"Rinnahoidja Axami V-9451"},"content":{"rendered":"<p><strong>Mustast pitsist rinnahoidja Axami V-9451. Rinnakorv tugikaartega ja polsterdustega. Dekoltee keskosas kaunis h\u00f5bedane kett-kaunistus.<\/strong><\/p>\n<p>\u00d5lapaeladest reguleeritav ja tagant 3-astmelise kinnitusega. Samuti kaela tagant reguleeritav ning soovi korral saab \u00f5lapaelad eemaldada.<\/p>\n<p>Toode saadaval suurustes 65C-65E, 70A-70E, 75A-75E, 80A-80E, 85B-85C. Kui antud suurust valikus ei ole, siis v\u00f5tke julgelt \u00fchendust support@pesu24.ee ja anname teada tarneaja.<\/p>\n<p>Tootefotodel olevad <a href=\"https:\/\/pesu24.ee\/en\/stringid-puksikud\/stringid-axami-v-9455\/\">V-9455 stringid<\/a> ja <a href=\"https:\/\/pesu24.ee\/en\/sukad\/sukad-axami-v-7694\/\">V-7694 sukad<\/a> komplekti ei kuulu, aga need saab osta eraldi.<\/p>\n<p><span style=\"color: #008000;\"><strong>DETAILS<\/strong><\/span><\/p>\n<ul>\n<li>komplektis rinnahoidja<\/li>\n<li>rinnahoidjal tugikaared, polsterdused<\/li>\n<li>\u00f5lapaeladest reguleeritav, tagant astmelise kinnitusega<\/li>\n<li>\u00f5lapaelad eemaldatavad<\/li>\n<li>kaelatagant reguleeritav<\/li>\n<li>kvaliteetne ja elastne kangas, tagab suurep\u00e4rase kandmismugavuse<\/li>\n<li>59% pol\u00fcamiid, 16% puuvill, 11% pol\u00fcuretaan, 7% elastaan, 7% pol\u00fcester<\/li>\n<\/ul>\n<p>Kindlasti tutvuda toode m\u00f5\u00f5tude tabeliga ja lisaks soovitame tutvuda ka teiste <a href=\"https:\/\/pesu24.ee\/en\/omadus\/axami\/\">Axami pesudega<\/a>. Mistahes k\u00fcsimuste korral kirjutage julgelt support@pesu24.ee.<\/p>","protected":false},"excerpt":{"rendered":"<p>&#46;&#46;&#46;<\/p>","protected":false},"featured_media":26134,"comment_status":"open","ping_status":"closed","template":"","meta":{"_glsr_average":0,"_glsr_ranking":0,"_glsr_reviews":0},"product_brand":[502],"product_cat":[423],"product_tag":[333,436],"class_list":{"0":"post-25936","1":"product","2":"type-product","3":"status-publish","4":"has-post-thumbnail","6":"product_brand-axami","7":"product_cat-topid-rinnahoidjad","8":"product_tag-axami","9":"product_tag-malaca-loca","10":"pa_varvus-must","12":"first","13":"instock","14":"sold-individually","15":"taxable","16":"shipping-taxable","17":"purchasable","18":"product-type-variable"},"_links":{"self":[{"href":"https:\/\/pesu24.ee\/en\/wp-json\/wp\/v2\/product\/25936","targetHints":{"allow":["GET"]}}],"collection":[{"href":"https:\/\/pesu24.ee\/en\/wp-json\/wp\/v2\/product"}],"about":[{"href":"https:\/\/pesu24.ee\/en\/wp-json\/wp\/v2\/types\/product"}],"replies":[{"embeddable":true,"href":"https:\/\/pesu24.ee\/en\/wp-json\/wp\/v2\/comments?post=25936"}],"wp:featuredmedia":[{"embeddable":true,"href":"https:\/\/pesu24.ee\/en\/wp-json\/wp\/v2\/media\/26134"}],"wp:attachment":[{"href":"https:\/\/pesu24.ee\/en\/wp-json\/wp\/v2\/media?parent=25936"}],"wp:term":[{"taxonomy":"product_brand","embeddable":true,"href":"https:\/\/pesu24.ee\/en\/wp-json\/wp\/v2\/product_brand?post=25936"},{"taxonomy":"product_cat","embeddable":true,"href":"https:\/\/pesu24.ee\/en\/wp-json\/wp\/v2\/product_cat?post=25936"},{"taxonomy":"product_tag","embeddable":true,"href":"https:\/\/pesu24.ee\/en\/wp-json\/wp\/v2\/product_tag?post=25936"}],"curies":[{"name":"wp","href":"https:\/\/api.w.org\/{rel}","templated":true}]}}