{"id":25937,"date":"2025-08-19T00:32:38","date_gmt":"2025-08-18T21:32:38","guid":{"rendered":"https:\/\/pesu24.ee\/?post_type=product&#038;p=25937"},"modified":"2025-08-20T16:39:07","modified_gmt":"2025-08-20T13:39:07","slug":"rinnahoidja-axami-v-9501","status":"publish","type":"product","link":"https:\/\/pesu24.ee\/en\/topid-rinnahoidjad\/rinnahoidja-axami-v-9501\/","title":{"rendered":"Rinnahoidja Axami V-9501"},"content":{"rendered":"<p><strong>See originaalse disainiga mustast pitsist rinnahoidja Axami V-9501 paneb partneri pead p\u00f6\u00f6ritama. Erakordne disain, \u00f5rn ja kvaliteetne kangas on kompliment teie ilule, tagades \u00fchtlasi k\u00f5rgeima kandmismugavuse.<\/strong><\/p>\n<p>Rinnakorv tugikaartega, aga ilma polsterdusteta. \u00d5lapaeladest reguleeritav ning tagant kahe mitmeastmelise kinnitusega. M\u00f5lemal kinnitusel kolm astet.<\/p>\n<p>Toode saadaval suurustes 65C-65E, 70A-70E, 75A-75E, 80A-80E, 85B-85C. Kui antud suurust valikus ei ole, siis v\u00f5tke julgelt \u00fchendust support@pesu24.ee ja anname teada tarneaja.\u00a0Tootefotodel olevad Axami <a href=\"https:\/\/pesu24.ee\/en\/stringid-puksikud\/stringid-axami-v-9508\/\">V-9508 stringid<\/a> komplekti ei kuulu, aga need saab osta eraldi.<\/p>\n<p><span style=\"color: #008000;\"><strong>DETAILS<\/strong><\/span><\/p>\n<ul>\n<li>komplektis mustast pitsist rinnahoidja<\/li>\n<li>rinnakorv tugikaartega, <span style=\"text-decoration: underline;\">ilma polsterdusteta<\/span><\/li>\n<li>\u00f5lapaeladest reguleeritav, tagant kahekordse mitmeastmelise kinnitusega (vaata tootefotosid).<\/li>\n<li>elastne, kvaliteetne kangas, mis tagab parima kandmismugavuse<\/li>\n<li>59% pol\u00fcamiid, 30% viskoos, 11% pol\u00fcester.<\/li>\n<\/ul>\n<p>Kindlasti tutvuda toode m\u00f5\u00f5tude tabeliga ja lisaks soovitame tutvuda ka teiste <a href=\"https:\/\/pesu24.ee\/en\/omadus\/axami\/\">Axami pesudega<\/a>. Mistahes k\u00fcsimuste korral kirjutage julgelt support@pesu24.ee.<\/p>","protected":false},"excerpt":{"rendered":"<p>&#46;&#46;&#46;<\/p>","protected":false},"featured_media":26141,"comment_status":"open","ping_status":"closed","template":"","meta":{"_glsr_average":0,"_glsr_ranking":0,"_glsr_reviews":0},"product_brand":[502],"product_cat":[423],"product_tag":[333,436],"class_list":{"0":"post-25937","1":"product","2":"type-product","3":"status-publish","4":"has-post-thumbnail","6":"product_brand-axami","7":"product_cat-topid-rinnahoidjad","8":"product_tag-axami","9":"product_tag-malaca-loca","10":"pa_varvus-must","12":"first","13":"instock","14":"sold-individually","15":"taxable","16":"shipping-taxable","17":"purchasable","18":"product-type-variable"},"_links":{"self":[{"href":"https:\/\/pesu24.ee\/en\/wp-json\/wp\/v2\/product\/25937","targetHints":{"allow":["GET"]}}],"collection":[{"href":"https:\/\/pesu24.ee\/en\/wp-json\/wp\/v2\/product"}],"about":[{"href":"https:\/\/pesu24.ee\/en\/wp-json\/wp\/v2\/types\/product"}],"replies":[{"embeddable":true,"href":"https:\/\/pesu24.ee\/en\/wp-json\/wp\/v2\/comments?post=25937"}],"wp:featuredmedia":[{"embeddable":true,"href":"https:\/\/pesu24.ee\/en\/wp-json\/wp\/v2\/media\/26141"}],"wp:attachment":[{"href":"https:\/\/pesu24.ee\/en\/wp-json\/wp\/v2\/media?parent=25937"}],"wp:term":[{"taxonomy":"product_brand","embeddable":true,"href":"https:\/\/pesu24.ee\/en\/wp-json\/wp\/v2\/product_brand?post=25937"},{"taxonomy":"product_cat","embeddable":true,"href":"https:\/\/pesu24.ee\/en\/wp-json\/wp\/v2\/product_cat?post=25937"},{"taxonomy":"product_tag","embeddable":true,"href":"https:\/\/pesu24.ee\/en\/wp-json\/wp\/v2\/product_tag?post=25937"}],"curies":[{"name":"wp","href":"https:\/\/api.w.org\/{rel}","templated":true}]}}