{"id":25938,"date":"2025-08-19T00:32:38","date_gmt":"2025-08-18T21:32:38","guid":{"rendered":"https:\/\/pesu24.ee\/?post_type=product&#038;p=25938"},"modified":"2025-08-21T14:27:05","modified_gmt":"2025-08-21T11:27:05","slug":"lateks-rinnahoidja-axami-v-9441","status":"publish","type":"product","link":"https:\/\/pesu24.ee\/en\/topid-rinnahoidjad\/lateks-rinnahoidja-axami-v-9441\/","title":{"rendered":"Lateks rinnahoidja Axami V-9441"},"content":{"rendered":"<p><strong>Must lateksist rinnahoidja Axami V-9441. Kvaliteetne ja elastne kangas sobitub fantastiliselt ja kohandub teie kehaga. Peale selle v\u00e4ga mugav kanda ja meeldiv keha vastas tunda.<\/strong><\/p>\n<p>Rinnakorv tugikaartega ja ilma polsterdusteta. \u00d5lapaeladest t\u00e4ielikult reguleeritav ja tagant 2-astmelise kinnitusega. Sama komplekt saadaval ka punast v\u00e4rvi, selleks tutvu <a href=\"https:\/\/pesu24.ee\/en\/topid-rinnahoidjad\/rinnahoidja-axami-v-10071\/\">V-10071 rinnahoidja<\/a> ja <a href=\"https:\/\/pesu24.ee\/en\/stringid-puksikud\/stringid-axami-v-10078\/\">V-10078 stringidega<\/a>.<\/p>\n<p>Toode saadaval suurustes 65C-65E, 70A-70E, 75A-75E, 80A-80E, 85B-85C. Kui antud suurust valikus ei ole, siis v\u00f5tke julgelt \u00fchendust support@pesu24.ee ja anname teada tarneaja. Tootefotodel olevad <a href=\"https:\/\/pesu24.ee\/en\/stringid-puksikud\/lateks-stringid-axami-v-9448\/\">Axami V-9448 stringid<\/a> komplekti ei kuulu, aga need saab osta eraldi.<\/p>\n<p><span style=\"color: #008000;\"><strong>DETAILS<\/strong><\/span><\/p>\n<ul>\n<li>komplektis must lateksist rinnahoidja<\/li>\n<li>\u00f5lapaeladest t\u00e4ielikult reguleeritav, tagant astmelise kinnitusega<\/li>\n<li>elastne kangas ning reguleeritavad paelad tagavad ideaalse sobivuse<\/li>\n<li>luksuslik kangas ja disain tagab perfektse sobivuse ja kandmismugavuse<\/li>\n<li>pol\u00fcamiid 56%, pol\u00fcester 38%, elastaan 6%<\/li>\n<\/ul>\n<p>Kindlasti tutvuda toode m\u00f5\u00f5tude tabeliga ja lisaks soovitame tutvuda ka teiste <a href=\"https:\/\/pesu24.ee\/en\/omadus\/axami\/\">Axami pesudega<\/a>. Mistahes k\u00fcsimuste korral kirjutage julgelt support@pesu24.ee.<\/p>","protected":false},"excerpt":{"rendered":"<p>&#46;&#46;&#46;<\/p>","protected":false},"featured_media":26150,"comment_status":"open","ping_status":"closed","template":"","meta":{"_glsr_average":0,"_glsr_ranking":0,"_glsr_reviews":0},"product_brand":[502],"product_cat":[423],"product_tag":[333,398,436],"class_list":{"0":"post-25938","1":"product","2":"type-product","3":"status-publish","4":"has-post-thumbnail","6":"product_brand-axami","7":"product_cat-topid-rinnahoidjad","8":"product_tag-axami","9":"product_tag-latekspesu","10":"product_tag-malaca-loca","11":"pa_varvus-must","13":"first","14":"instock","15":"sold-individually","16":"taxable","17":"shipping-taxable","18":"purchasable","19":"product-type-variable"},"_links":{"self":[{"href":"https:\/\/pesu24.ee\/en\/wp-json\/wp\/v2\/product\/25938","targetHints":{"allow":["GET"]}}],"collection":[{"href":"https:\/\/pesu24.ee\/en\/wp-json\/wp\/v2\/product"}],"about":[{"href":"https:\/\/pesu24.ee\/en\/wp-json\/wp\/v2\/types\/product"}],"replies":[{"embeddable":true,"href":"https:\/\/pesu24.ee\/en\/wp-json\/wp\/v2\/comments?post=25938"}],"wp:featuredmedia":[{"embeddable":true,"href":"https:\/\/pesu24.ee\/en\/wp-json\/wp\/v2\/media\/26150"}],"wp:attachment":[{"href":"https:\/\/pesu24.ee\/en\/wp-json\/wp\/v2\/media?parent=25938"}],"wp:term":[{"taxonomy":"product_brand","embeddable":true,"href":"https:\/\/pesu24.ee\/en\/wp-json\/wp\/v2\/product_brand?post=25938"},{"taxonomy":"product_cat","embeddable":true,"href":"https:\/\/pesu24.ee\/en\/wp-json\/wp\/v2\/product_cat?post=25938"},{"taxonomy":"product_tag","embeddable":true,"href":"https:\/\/pesu24.ee\/en\/wp-json\/wp\/v2\/product_tag?post=25938"}],"curies":[{"name":"wp","href":"https:\/\/api.w.org\/{rel}","templated":true}]}}