{"id":25952,"date":"2025-08-19T00:33:00","date_gmt":"2025-08-18T21:33:00","guid":{"rendered":"https:\/\/pesu24.ee\/?post_type=product&#038;p=25952"},"modified":"2025-08-20T16:35:46","modified_gmt":"2025-08-20T13:35:46","slug":"rinnahoidja-axami-v-9461","status":"publish","type":"product","link":"https:\/\/pesu24.ee\/en\/topid-rinnahoidjad\/rinnahoidja-axami-v-9461\/","title":{"rendered":"Rinnahoidja Axami V-9461"},"content":{"rendered":"<p><strong>Mustast pitsist rinnahoidja Axami V-9461. Rinnakorv bee\u017eide polsterduste ja tugikaartega, \u00f5la \u2013 ja kaelapaeladest reguleeritav ning tagant 3-astmelise kinnitusega.<\/strong><\/p>\n<p>Suletav kaelatagant haagiga ja reguleeritav. Lisaks k\u00f5igele sellele on v\u00f5imalik \u00f5lapaelad lihtsalt eemaldada. Valmistatud v\u00e4ga kvaliteetsest ja elastsest kangast, mida tagab suurep\u00e4rase kandmismugavuse.<\/p>\n<p>Toode saadaval suurustes 65C-65E, 70A-70E, 75A-75E, 80A-80E, 85B-85C. Kui antud suurust valikus ei ole, siis v\u00f5tke julgelt \u00fchendust support@pesu24.ee ja anname teada tarneaja.<\/p>\n<p>Tootefotodel olevad <a href=\"https:\/\/pesu24.ee\/en\/stringid-puksikud\/stringid-axami-v-9465\/\">Axami V-9465 stringid<\/a> komplekti ei kuulu, aga need saab osta eraldi.<\/p>\n<p><span style=\"color: #008000;\"><strong>DETAILS<\/strong><\/span><\/p>\n<ul>\n<li>komplektis kvaliteetne mustast pitsist rinnahoidja<\/li>\n<li>rinnahoidjal bee\u017eid polsterdused, tugikaared<\/li>\n<li>\u00f5lapaelad reguleeritavad, tagant 3-astmelise kinnitusega<\/li>\n<li>kaelapaela tagant suletav, reguleeritavad<\/li>\n<li>\u00f5lapaelad eemaldatavad<\/li>\n<li>mugav kanda, ideaalne sobivus<\/li>\n<li>58% pol\u00fcamiid, 16% puuvill, 11% pol\u00fcuretaan, 8% elastaan, 7% pol\u00fcester.<\/li>\n<\/ul>\n<p>Kindlasti tutvuda toode m\u00f5\u00f5tude tabeliga ja lisaks soovitame tutvuda ka teiste <a href=\"https:\/\/pesu24.ee\/en\/omadus\/axami\/\">Axami pesudega<\/a>. Mistahes k\u00fcsimuste korral kirjutage julgelt support@pesu24.ee.<\/p>","protected":false},"excerpt":{"rendered":"<p>&#46;&#46;&#46;<\/p>","protected":false},"featured_media":26157,"comment_status":"open","ping_status":"closed","template":"","meta":{"_glsr_average":0,"_glsr_ranking":0,"_glsr_reviews":0},"product_brand":[502],"product_cat":[423],"product_tag":[333,436],"class_list":{"0":"post-25952","1":"product","2":"type-product","3":"status-publish","4":"has-post-thumbnail","6":"product_brand-axami","7":"product_cat-topid-rinnahoidjad","8":"product_tag-axami","9":"product_tag-malaca-loca","10":"pa_varvus-must","12":"first","13":"instock","14":"sold-individually","15":"taxable","16":"shipping-taxable","17":"purchasable","18":"product-type-variable"},"_links":{"self":[{"href":"https:\/\/pesu24.ee\/en\/wp-json\/wp\/v2\/product\/25952","targetHints":{"allow":["GET"]}}],"collection":[{"href":"https:\/\/pesu24.ee\/en\/wp-json\/wp\/v2\/product"}],"about":[{"href":"https:\/\/pesu24.ee\/en\/wp-json\/wp\/v2\/types\/product"}],"replies":[{"embeddable":true,"href":"https:\/\/pesu24.ee\/en\/wp-json\/wp\/v2\/comments?post=25952"}],"wp:featuredmedia":[{"embeddable":true,"href":"https:\/\/pesu24.ee\/en\/wp-json\/wp\/v2\/media\/26157"}],"wp:attachment":[{"href":"https:\/\/pesu24.ee\/en\/wp-json\/wp\/v2\/media?parent=25952"}],"wp:term":[{"taxonomy":"product_brand","embeddable":true,"href":"https:\/\/pesu24.ee\/en\/wp-json\/wp\/v2\/product_brand?post=25952"},{"taxonomy":"product_cat","embeddable":true,"href":"https:\/\/pesu24.ee\/en\/wp-json\/wp\/v2\/product_cat?post=25952"},{"taxonomy":"product_tag","embeddable":true,"href":"https:\/\/pesu24.ee\/en\/wp-json\/wp\/v2\/product_tag?post=25952"}],"curies":[{"name":"wp","href":"https:\/\/api.w.org\/{rel}","templated":true}]}}