{"id":25953,"date":"2025-08-19T00:33:00","date_gmt":"2025-08-18T21:33:00","guid":{"rendered":"https:\/\/pesu24.ee\/?post_type=product&#038;p=25953"},"modified":"2025-12-10T21:42:46","modified_gmt":"2025-12-10T18:42:46","slug":"rinnahoidja-axami-v-9491","status":"publish","type":"product","link":"https:\/\/pesu24.ee\/en\/topid-rinnahoidjad\/rinnahoidja-axami-v-9491\/","title":{"rendered":"Rinnahoidja Axami V-9491"},"content":{"rendered":"<p><strong>V\u00f5luv mustast pitsist rinnahoidja Axami V-9491, mille rinnakorv pehme ja l\u00e4bipaistvast pitsist, ilma polsterdusteta ja rinnakorvi aluse siseosa vooderdatud bee\u017ei t\u00fclliga.<\/strong><\/p>\n<p>Elastne ja kvaliteetne kangas ning luksuslik disain ja kombinatsioon tagab suurep\u00e4rase kandmismugavuse ning sobivuse, mis koos <a href=\"https:\/\/pesu24.ee\/en\/stringid-puksikud\/stringid-axami-v-9498\/\">V-9498 stringide<\/a> ja <a href=\"https:\/\/pesu24.ee\/en\/sukad\/sukad-axami-v-7834\/\">V-7834 sukkadega<\/a> annab kokku kauni pesukomplekti.<\/p>\n<p>Peale elastsuse on rinnahoidja \u00f5lapaeladest t\u00e4ielikult reguleeritav ja tagant astmelise kinnitusega ning saadaval laias valikus suurustes.<br \/>\nToode saadaval suurustes 65C-65E, 70A-70E, 75A-75E, 80A-80E, 85B-85C. Kui antud suurust valikus ei ole, siis v\u00f5tke julgelt \u00fchendust support@pesu24.ee ja anname teada tarneaja.<\/p>\n<p><span style=\"color: #008000;\"><strong>DETAILS<\/strong><\/span><\/p>\n<ul>\n<li>komplektis mustast pitsist rinnahoidja, mille rinnakorvi alune osa vooderdatud bee\u017ei t\u00fclliga.<\/li>\n<li>rinnakorvil tugikaared, l\u00e4bipaistev pits, ilma polstserdusteta<\/li>\n<li>\u00f5lapaeladest reguleeritav, tagant astmelise kinnitusega<\/li>\n<li>elastne ja kvaliteetne kangas tagab parima kandmismugavuse ja sobivuse<\/li>\n<li>pol\u00fcamiid 87%, elastaan 10% ja pol\u00fcester 3%.<\/li>\n<\/ul>\n<p>Kindlasti tutvuda toode m\u00f5\u00f5tude tabeliga ja lisaks soovitame tutvuda ka teiste <a href=\"https:\/\/pesu24.ee\/en\/omadus\/axami\/\">Axami pesudega<\/a>. Mistahes k\u00fcsimuste korral kirjutage julgelt support@pesu24.ee.<\/p>","protected":false},"excerpt":{"rendered":"<p>&#46;&#46;&#46;<\/p>","protected":false},"featured_media":26166,"comment_status":"open","ping_status":"closed","template":"","meta":{"_glsr_average":0,"_glsr_ranking":0,"_glsr_reviews":0},"product_brand":[502],"product_cat":[423],"product_tag":[333,436],"class_list":{"0":"post-25953","1":"product","2":"type-product","3":"status-publish","4":"has-post-thumbnail","6":"product_brand-axami","7":"product_cat-topid-rinnahoidjad","8":"product_tag-axami","9":"product_tag-malaca-loca","10":"pa_varvus-must","12":"first","13":"instock","14":"sold-individually","15":"taxable","16":"shipping-taxable","17":"purchasable","18":"product-type-variable"},"_links":{"self":[{"href":"https:\/\/pesu24.ee\/en\/wp-json\/wp\/v2\/product\/25953","targetHints":{"allow":["GET"]}}],"collection":[{"href":"https:\/\/pesu24.ee\/en\/wp-json\/wp\/v2\/product"}],"about":[{"href":"https:\/\/pesu24.ee\/en\/wp-json\/wp\/v2\/types\/product"}],"replies":[{"embeddable":true,"href":"https:\/\/pesu24.ee\/en\/wp-json\/wp\/v2\/comments?post=25953"}],"wp:featuredmedia":[{"embeddable":true,"href":"https:\/\/pesu24.ee\/en\/wp-json\/wp\/v2\/media\/26166"}],"wp:attachment":[{"href":"https:\/\/pesu24.ee\/en\/wp-json\/wp\/v2\/media?parent=25953"}],"wp:term":[{"taxonomy":"product_brand","embeddable":true,"href":"https:\/\/pesu24.ee\/en\/wp-json\/wp\/v2\/product_brand?post=25953"},{"taxonomy":"product_cat","embeddable":true,"href":"https:\/\/pesu24.ee\/en\/wp-json\/wp\/v2\/product_cat?post=25953"},{"taxonomy":"product_tag","embeddable":true,"href":"https:\/\/pesu24.ee\/en\/wp-json\/wp\/v2\/product_tag?post=25953"}],"curies":[{"name":"wp","href":"https:\/\/api.w.org\/{rel}","templated":true}]}}