{"id":25968,"date":"2025-10-23T00:33:20","date_gmt":"2025-10-22T21:33:20","guid":{"rendered":"https:\/\/pesu24.ee\/?post_type=product&#038;p=25968"},"modified":"2025-11-18T13:27:47","modified_gmt":"2025-11-18T10:27:47","slug":"pehme-rinnahoidja-axami-v-9521","status":"publish","type":"product","link":"https:\/\/pesu24.ee\/en\/topid-rinnahoidjad\/pehme-rinnahoidja-axami-v-9521\/","title":{"rendered":"Pehme rinnahoidja Axami V-9521"},"content":{"rendered":"<p><strong>Axami <a href=\"https:\/\/pesu24.ee\/en\/omadus\/summer-love\/\">Summer Love pesukollektsiooni<\/a> kuuluv puuderroosa rinnahoidja, mis kaunistatud kuldsete tikanditega, sobitud ideaalselt ning t\u00e4iendavad p\u00e4evitunud keha. <\/strong><\/p>\n<p>Rinnakorv alustraatidega, samas pehme ilma polsterdusteta. Tagan 3-astmeline kinnitus ja \u00f5lapaeladest reguleerimine koos elastne ja kvaliteetse kangaga, tagab ideaalse sobivuse.<\/p>\n<p>Rinnahoidjaga sobib ideaalselt kokku tootefotodel olevate stringidega <a href=\"https:\/\/pesu24.ee\/en\/stringid-puksikud\/stringid-axami-v-9528\/\">Axami V-9528<\/a> ja sukahoidjaga <a href=\"https:\/\/pesu24.ee\/en\/aksessuaarid\/sukahoidja-axami-v-9522\/\">Axami V-9522<\/a> ning sukkadega <a href=\"https:\/\/pesu24.ee\/en\/sukad\/isehoidvad-beezid-sukad-axami-v-9644\/\">Axami V-9644<\/a>. Peale selle sobivad ka ideaalselt p\u00fcksikud <a href=\"https:\/\/pesu24.ee\/en\/stringid-puksikud\/puksikud-axami-v-9513\/\">Axami V-9513<\/a> ja stringid <a href=\"https:\/\/pesu24.ee\/en\/stringid-puksikud\/stringid-axami-v-9518\/\">Axami V-9518<\/a>.<\/p>\n<div class=\"omadused\">\n<p>Details<\/p>\n<ul>\n<li>komplektis puuderroosa rinnahoidja<\/li>\n<li>rinnakorv alustraatidega, pehme ilma polsterdusteta<\/li>\n<li>k\u00f5ik \u00f5lapaelad reguleeritavad<\/li>\n<li>tagant 3-astmelise kinnitusega<\/li>\n<li>kvaliteetne kangas<\/li>\n<\/ul>\n<p>NB! Rinnahoidja on saadaval suurustes 65C-65E, 70A-70F, 75A-75G, 80A-80F, 85B-85E. Juhul kui eeltoodud valikust sobilikku suurust men\u00fc\u00fcs ei ole, siis v\u00f5tke meiega julgelt \u00fchendust live vestluse v\u00f5i e-maili teel (support@pesu24.ee) ja t\u00e4psustame koheselt, millal antud suurus lattu saabub.<\/p>\n<\/div>","protected":false},"excerpt":{"rendered":"<p>&#46;&#46;&#46;<\/p>","protected":false},"featured_media":29325,"comment_status":"open","ping_status":"closed","template":"","meta":{"_glsr_average":0,"_glsr_ranking":0,"_glsr_reviews":0},"product_brand":[502],"product_cat":[423],"product_tag":[333,199,440],"class_list":{"0":"post-25968","1":"product","2":"type-product","3":"status-publish","4":"has-post-thumbnail","6":"product_brand-axami","7":"product_cat-topid-rinnahoidjad","8":"product_tag-axami","9":"product_tag-roosa-naiste-pesu","10":"product_tag-summer-love","11":"pa_varvus-roosa","13":"first","14":"instock","15":"sold-individually","16":"taxable","17":"shipping-taxable","18":"purchasable","19":"product-type-variable"},"_links":{"self":[{"href":"https:\/\/pesu24.ee\/en\/wp-json\/wp\/v2\/product\/25968","targetHints":{"allow":["GET"]}}],"collection":[{"href":"https:\/\/pesu24.ee\/en\/wp-json\/wp\/v2\/product"}],"about":[{"href":"https:\/\/pesu24.ee\/en\/wp-json\/wp\/v2\/types\/product"}],"replies":[{"embeddable":true,"href":"https:\/\/pesu24.ee\/en\/wp-json\/wp\/v2\/comments?post=25968"}],"wp:featuredmedia":[{"embeddable":true,"href":"https:\/\/pesu24.ee\/en\/wp-json\/wp\/v2\/media\/29325"}],"wp:attachment":[{"href":"https:\/\/pesu24.ee\/en\/wp-json\/wp\/v2\/media?parent=25968"}],"wp:term":[{"taxonomy":"product_brand","embeddable":true,"href":"https:\/\/pesu24.ee\/en\/wp-json\/wp\/v2\/product_brand?post=25968"},{"taxonomy":"product_cat","embeddable":true,"href":"https:\/\/pesu24.ee\/en\/wp-json\/wp\/v2\/product_cat?post=25968"},{"taxonomy":"product_tag","embeddable":true,"href":"https:\/\/pesu24.ee\/en\/wp-json\/wp\/v2\/product_tag?post=25968"}],"curies":[{"name":"wp","href":"https:\/\/api.w.org\/{rel}","templated":true}]}}