{"id":25969,"date":"2025-08-19T00:33:20","date_gmt":"2025-08-18T21:33:20","guid":{"rendered":"https:\/\/pesu24.ee\/?post_type=product&#038;p=25969"},"modified":"2025-12-29T13:31:54","modified_gmt":"2025-12-29T10:31:54","slug":"push-up-rinnahoidja-axami-v-9511","status":"publish","type":"product","link":"https:\/\/pesu24.ee\/en\/topid-rinnahoidjad\/push-up-rinnahoidja-axami-v-9511\/","title":{"rendered":"Push-up rinnahoidja Axami V-9511"},"content":{"rendered":"<p><strong>See luksuslikkusega hiilgav rinnahoidja t\u00e4iendab iga suvise, p\u00e4ikesepaistelise riietuse ja seet\u00f5ttu kuulub ka Axami pesukollektsiooni <a href=\"https:\/\/pesu24.ee\/en\/omadus\/summer-love\/\">Summer Love<\/a>. <\/strong><\/p>\n<p>\u00d5rn puuderroosa pits ja kuldselt s\u00e4ravad tikandid toovad esile teie naiseliku keha ja s\u00e4ra ning tihedalt istuv rinnahoidja t\u00f5stab ja r\u00f5hutab kergelt teie naiselikke vorme.<\/p>\n<p>Rinnahoidja rinnakorv alustraatide ja polsterdustega. K\u00f5ik neli \u00f5lapaela t\u00e4ielikult reguleeritavad. Peale selle saab \u00f5lapaelad eemaldada. Rinnahoidja tagant 3-astmelise kinnituse, mis kvaliteetse ja elastse kanga ning laia suuruste valikuga tagab ideaalse sobivuse.<\/p>\n<p><span style=\"color: #008000;\"><strong>OMADUSED<\/strong><\/span><\/p>\n<ul>\n<li>puuderoosa push-up rinnahoidja<\/li>\n<li>rinnakorv alustraatidega, polsterdatud<\/li>\n<li>kaunistatud kuldsete tikanditega<\/li>\n<li>\u00f5lapaelad t\u00e4ielikult reguleeritavad<\/li>\n<li>k\u00f5ik neli \u00f5lapaela eemaldatavad<\/li>\n<li>tagant 3-astmeline kinnitus<\/li>\n<\/ul>\n<p>Rinnahoidjaga sobib ideaalselt kokku tootefotodel <a href=\"https:\/\/pesu24.ee\/en\/stringid-puksikud\/puksikud-axami-v-9513\/\">p\u00fcksikutega V-9513<\/a>. Samuti sama pesukollektsiooni <a href=\"https:\/\/pesu24.ee\/en\/stringid-puksikud\/stringid-axami-v-9518\/\">stringidega V-9518<\/a> ja <a href=\"https:\/\/pesu24.ee\/en\/stringid-puksikud\/stringid-axami-v-9528\/\">stringidega V-9528<\/a> ning <a href=\"https:\/\/pesu24.ee\/en\/aksessuaarid\/sukahoidja-axami-v-9522\/\">sukahoidjaga V-9522<\/a>.<\/p>\n<p>NB! Rinnahoidja on saadaval suurustes 65C-65E, 70A-70E, 75A-75E, 80A-80E, 85B-85D. Juhul, kui eeltoodud valikust sobilikku suurust men\u00fc\u00fcs ei ole, siis v\u00f5tke meiega julgelt \u00fchendust live vestluse v\u00f5i e-maili teel (support@pesu24.ee) ja t\u00e4psustame koheselt, millal antud suurus lattu saabub.<\/p>","protected":false},"excerpt":{"rendered":"<p>&#46;&#46;&#46;<\/p>","protected":false},"featured_media":26198,"comment_status":"open","ping_status":"closed","template":"","meta":{"_glsr_average":0,"_glsr_ranking":0,"_glsr_reviews":0},"product_brand":[502],"product_cat":[423],"product_tag":[333,199,440],"class_list":{"0":"post-25969","1":"product","2":"type-product","3":"status-publish","4":"has-post-thumbnail","6":"product_brand-axami","7":"product_cat-topid-rinnahoidjad","8":"product_tag-axami","9":"product_tag-roosa-naiste-pesu","10":"product_tag-summer-love","11":"pa_varvus-roosa","13":"first","14":"instock","15":"sold-individually","16":"taxable","17":"shipping-taxable","18":"purchasable","19":"product-type-variable"},"_links":{"self":[{"href":"https:\/\/pesu24.ee\/en\/wp-json\/wp\/v2\/product\/25969","targetHints":{"allow":["GET"]}}],"collection":[{"href":"https:\/\/pesu24.ee\/en\/wp-json\/wp\/v2\/product"}],"about":[{"href":"https:\/\/pesu24.ee\/en\/wp-json\/wp\/v2\/types\/product"}],"replies":[{"embeddable":true,"href":"https:\/\/pesu24.ee\/en\/wp-json\/wp\/v2\/comments?post=25969"}],"wp:featuredmedia":[{"embeddable":true,"href":"https:\/\/pesu24.ee\/en\/wp-json\/wp\/v2\/media\/26198"}],"wp:attachment":[{"href":"https:\/\/pesu24.ee\/en\/wp-json\/wp\/v2\/media?parent=25969"}],"wp:term":[{"taxonomy":"product_brand","embeddable":true,"href":"https:\/\/pesu24.ee\/en\/wp-json\/wp\/v2\/product_brand?post=25969"},{"taxonomy":"product_cat","embeddable":true,"href":"https:\/\/pesu24.ee\/en\/wp-json\/wp\/v2\/product_cat?post=25969"},{"taxonomy":"product_tag","embeddable":true,"href":"https:\/\/pesu24.ee\/en\/wp-json\/wp\/v2\/product_tag?post=25969"}],"curies":[{"name":"wp","href":"https:\/\/api.w.org\/{rel}","templated":true}]}}