{"id":25986,"date":"2025-08-19T00:33:45","date_gmt":"2025-08-18T21:33:45","guid":{"rendered":"https:\/\/pesu24.ee\/?post_type=product&#038;p=25986"},"modified":"2025-08-20T14:59:56","modified_gmt":"2025-08-20T11:59:56","slug":"poolkorsett-rinnahoidja-axami-v-9581","status":"publish","type":"product","link":"https:\/\/pesu24.ee\/en\/topid-rinnahoidjad\/poolkorsett-rinnahoidja-axami-v-9581\/","title":{"rendered":"Poolkorsett-rinnahoidja Axami V-9581"},"content":{"rendered":"<p><strong>See ainulaadne punane rinnahoidja-poolkorsett V-9581 kuulub <a href=\"https:\/\/pesu24.ee\/en\/omadus\/summer-love\/\">Summer Love pesukollektsiooni<\/a>. L\u00f5ige ja taevalik \u00f5rnus toovad esile naiseliku ilu ning seljal olev rohkete paelade kombinatsioon naiselikud kurvid.\u00a0<\/strong><\/p>\n<p>Poolkorsett on valmistatud pehmest pitsist, mille rinnakorv alustraatidega, aga ilma polsterdusteta (pehme). Peale selle, et \u00f5lapaelad on reguleeritavad, siis on v\u00f5imalik \u00f5lapaelad eemaldada.<\/p>\n<p>Tagant poolkorsett tagant kahe kolmeastmelise kinnitusega, mis koos elastsete paeltega tagab ideaalse sobivuse. Kangas (ka rinnakorvidel) pool-l\u00e4bipaistev.<\/p>\n<p><span style=\"color: #008000;\"><strong>OMADUSED<\/strong><\/span><\/p>\n<ul>\n<li>komplektis punane poolkorsett rinnahoidja<\/li>\n<li>rinnakorv alustraatidega, pehme ilma polsterdusteta<\/li>\n<li>\u00f5lapaelad t\u00e4ielikult reguleeritavad<\/li>\n<li>\u00f5lapaelad eemaldatavad<\/li>\n<li>tagan kaks kolmeastmelist kinnitust<\/li>\n<li>v\u00e4ga elastsed paelad<\/li>\n<li>saadaval ka rukkilille sinist v\u00e4rvi (tutvu <a href=\"https:\/\/pesu24.ee\/en\/stringid-puksikud\/poolkorsett-rinnahoidja-axami-v-9611\/\">V-9611 poolkorsetiga<\/a>)<\/li>\n<\/ul>\n<p>Poolkorsetiga sobivad kokku tootefotodel olevad punased <a href=\"https:\/\/pesu24.ee\/en\/stringid-puksikud\/stringid-axami-v-9588\/\">stringid V-9588<\/a>. Lisaks sama toode on saadaval ka rukkilille sinist v\u00e4rvi, selleks tutvu sinise <a href=\"https:\/\/pesu24.ee\/en\/stringid-puksikud\/poolkorsett-rinnahoidja-axami-v-9611\/\">poolkorsetiga V-9611<\/a> ja <a href=\"https:\/\/pesu24.ee\/en\/stringid-puksikud\/stringid-axami-v-9618\/\">stringidega V-9618<\/a>.<\/p>\n<p>NB! Rinnahoidja on saadaval suurustes 65C-65E, 70A-70E, 75A-75E, 80A-80E, 85B-85D. Juhul, kui eeltoodud valikust sobilikku suurust men\u00fc\u00fcs ei ole, siis v\u00f5tke meiega julgelt \u00fchendust live vestluse v\u00f5i e-maili teel (support@pesu24.ee) ja t\u00e4psustame koheselt, millal antud suurus lattu saabub.<\/p>","protected":false},"excerpt":{"rendered":"<p>&#46;&#46;&#46;<\/p>","protected":false},"featured_media":26212,"comment_status":"open","ping_status":"closed","template":"","meta":{"_glsr_average":0,"_glsr_ranking":0,"_glsr_reviews":0},"product_brand":[502],"product_cat":[423],"product_tag":[333,440],"class_list":{"0":"post-25986","1":"product","2":"type-product","3":"status-publish","4":"has-post-thumbnail","6":"product_brand-axami","7":"product_cat-topid-rinnahoidjad","8":"product_tag-axami","9":"product_tag-summer-love","10":"pa_varvus-punane","12":"first","13":"instock","14":"sold-individually","15":"taxable","16":"shipping-taxable","17":"purchasable","18":"product-type-variable"},"_links":{"self":[{"href":"https:\/\/pesu24.ee\/en\/wp-json\/wp\/v2\/product\/25986","targetHints":{"allow":["GET"]}}],"collection":[{"href":"https:\/\/pesu24.ee\/en\/wp-json\/wp\/v2\/product"}],"about":[{"href":"https:\/\/pesu24.ee\/en\/wp-json\/wp\/v2\/types\/product"}],"replies":[{"embeddable":true,"href":"https:\/\/pesu24.ee\/en\/wp-json\/wp\/v2\/comments?post=25986"}],"wp:featuredmedia":[{"embeddable":true,"href":"https:\/\/pesu24.ee\/en\/wp-json\/wp\/v2\/media\/26212"}],"wp:attachment":[{"href":"https:\/\/pesu24.ee\/en\/wp-json\/wp\/v2\/media?parent=25986"}],"wp:term":[{"taxonomy":"product_brand","embeddable":true,"href":"https:\/\/pesu24.ee\/en\/wp-json\/wp\/v2\/product_brand?post=25986"},{"taxonomy":"product_cat","embeddable":true,"href":"https:\/\/pesu24.ee\/en\/wp-json\/wp\/v2\/product_cat?post=25986"},{"taxonomy":"product_tag","embeddable":true,"href":"https:\/\/pesu24.ee\/en\/wp-json\/wp\/v2\/product_tag?post=25986"}],"curies":[{"name":"wp","href":"https:\/\/api.w.org\/{rel}","templated":true}]}}