{"id":25987,"date":"2025-08-19T00:33:45","date_gmt":"2025-08-18T21:33:45","guid":{"rendered":"https:\/\/pesu24.ee\/?post_type=product&#038;p=25987"},"modified":"2025-08-20T14:59:56","modified_gmt":"2025-08-20T11:59:56","slug":"rinnahoidja-axami-v-9531","status":"publish","type":"product","link":"https:\/\/pesu24.ee\/en\/topid-rinnahoidjad\/rinnahoidja-axami-v-9531\/","title":{"rendered":"Rinnahoidja Axami V-9531"},"content":{"rendered":"<p><strong><a href=\"https:\/\/pesu24.ee\/en\/omadus\/summer-love\/\">Summer Love<\/a> pesukollektsiooni kuuluv ahvatlev tulipunane rinnahoidja Axami V-9531, mis on eelseisva hooaja absoluutne hitt. Valmistatud elastsest ja kvaliteetsest kangast, mis tagab ideaalse sobivuse.\u00a0<\/strong><\/p>\n<p>Rinnakorv polsterdatud ja tugikaartega. \u00d5lapaelad t\u00e4ielikult reguleeritavad ja peale selle eemaldatavad. Rinnahoidjal taga 3-astmeline kinnitus ja kuklal konksuga kinnitus.<\/p>\n<p><span style=\"color: #008000;\"><strong>OMADUSED<\/strong><\/span><\/p>\n<ul>\n<li>komplektis punane rinnahoidja<\/li>\n<li>rinnakorv polsterdatud ja tugikaartega<\/li>\n<li>\u00f5lapaelad reguleeritavad<\/li>\n<li>\u00f5lapaelad eemaldatavad<\/li>\n<li>tagant 3-astmeline kinnitus<\/li>\n<li>kuklal konksuga kinnitus<\/li>\n<li>saadaval ka valget v\u00e4rvi (tutvu rinnahoidjaga <a href=\"https:\/\/pesu24.ee\/en\/topid-rinnahoidjad\/rinnahoidja-axami-v-9541\/\">Axami V-9541<\/a>)<\/li>\n<\/ul>\n<p>Selle rinnahoidjaga sobib kokku tootefotodel olev sama komplekti brasiilia stringid <a href=\"https:\/\/pesu24.ee\/en\/stringid-puksikud\/brasiilia-stringid-axami-v-9535\/\">Axami V-9535<\/a> ja sukad <a href=\"https:\/\/pesu24.ee\/en\/sukad\/isehoidvad-punased-sukad-axami-v-7084\/\">Axami V-7084<\/a>. Lisaks sama komplekt on saadaval ka valget v\u00e4rvi. Selleks tutvu valgete brasiilia stringidega <a href=\"https:\/\/pesu24.ee\/en\/stringid-puksikud\/brasiilia-stringid-axami-v-9545\/\">Axami V-9545<\/a> ja rinnahoidjaga <a href=\"https:\/\/pesu24.ee\/en\/topid-rinnahoidjad\/rinnahoidja-axami-v-9541\/\">Axami V-9541<\/a>.<\/p>\n<p>PANE T\u00c4HELE! Rinnahoidja on saadaval suurustes 65C-65E, 70A-70E, 75A-75E, 80A-80E, 85B-85D. Juhul, kui eeltoodud valikust sobilikku suurust men\u00fc\u00fcs ei ole, siis v\u00f5tke meiega julgelt \u00fchendust online vestluse v\u00f5i e-maili teel (support@pesu24.ee) ja t\u00e4psustame koheselt, millal antud suurus lattu saabub.<\/p>","protected":false},"excerpt":{"rendered":"<p>&#46;&#46;&#46;<\/p>","protected":false},"featured_media":26218,"comment_status":"open","ping_status":"closed","template":"","meta":{"_glsr_average":0,"_glsr_ranking":0,"_glsr_reviews":0},"product_brand":[502],"product_cat":[423],"product_tag":[333,440],"class_list":{"0":"post-25987","1":"product","2":"type-product","3":"status-publish","4":"has-post-thumbnail","6":"product_brand-axami","7":"product_cat-topid-rinnahoidjad","8":"product_tag-axami","9":"product_tag-summer-love","10":"pa_varvus-punane","12":"first","13":"instock","14":"sold-individually","15":"taxable","16":"shipping-taxable","17":"purchasable","18":"product-type-variable"},"_links":{"self":[{"href":"https:\/\/pesu24.ee\/en\/wp-json\/wp\/v2\/product\/25987","targetHints":{"allow":["GET"]}}],"collection":[{"href":"https:\/\/pesu24.ee\/en\/wp-json\/wp\/v2\/product"}],"about":[{"href":"https:\/\/pesu24.ee\/en\/wp-json\/wp\/v2\/types\/product"}],"replies":[{"embeddable":true,"href":"https:\/\/pesu24.ee\/en\/wp-json\/wp\/v2\/comments?post=25987"}],"wp:featuredmedia":[{"embeddable":true,"href":"https:\/\/pesu24.ee\/en\/wp-json\/wp\/v2\/media\/26218"}],"wp:attachment":[{"href":"https:\/\/pesu24.ee\/en\/wp-json\/wp\/v2\/media?parent=25987"}],"wp:term":[{"taxonomy":"product_brand","embeddable":true,"href":"https:\/\/pesu24.ee\/en\/wp-json\/wp\/v2\/product_brand?post=25987"},{"taxonomy":"product_cat","embeddable":true,"href":"https:\/\/pesu24.ee\/en\/wp-json\/wp\/v2\/product_cat?post=25987"},{"taxonomy":"product_tag","embeddable":true,"href":"https:\/\/pesu24.ee\/en\/wp-json\/wp\/v2\/product_tag?post=25987"}],"curies":[{"name":"wp","href":"https:\/\/api.w.org\/{rel}","templated":true}]}}