{"id":26005,"date":"2025-08-19T00:34:11","date_gmt":"2025-08-18T21:34:11","guid":{"rendered":"https:\/\/pesu24.ee\/?post_type=product&#038;p=26005"},"modified":"2025-08-21T14:27:41","modified_gmt":"2025-08-21T11:27:41","slug":"pehme-poolkorsett-rinnahoidja-axami-v-9551","status":"publish","type":"product","link":"https:\/\/pesu24.ee\/en\/topid-rinnahoidjad\/pehme-poolkorsett-rinnahoidja-axami-v-9551\/","title":{"rendered":"Pehme poolkorsett-rinnahoidja Axami V-9551"},"content":{"rendered":"<p><strong><a href=\"https:\/\/pesu24.ee\/en\/omadus\/summer-love\/\">Summer Love<\/a> pesukollektsiooni kuuluv kaunis marjapunane poolkorsett-rinnahoidja Axami V-9551. Rinnakorvi vahel l\u00e4ikiv ribats ja lehv.\u00a0<\/strong><\/p>\n<p>Rinnakorv tugikaartega, aga pehme ja ilma polsterdusteta ning l\u00e4bipaistev kangas toob esile dekoltee ilu. \u00d5lapaeladest reguleeritav ja tagant kahe astmelise kuue konksu kinnitusega ning k\u00fclgedel tugevdused.<\/p>\n<p><span style=\"color: #008000;\"><strong>OMADUSED<\/strong><\/span><\/p>\n<ul>\n<li>komplektis marjapunane poolkorsett-rinnahoidja<\/li>\n<li>rinnakorv pehme, ilma polsterdusteta<\/li>\n<li>rinnakorvil tugikaared<\/li>\n<li>\u00f5lapaelad reguleeritavad<\/li>\n<li>tagant 2-astmelise kuue konksu kinnitusega<\/li>\n<li>k\u00fclgedel tugevdused<\/li>\n<li>pooll\u00e4bipaistev kangas<\/li>\n<li>v\u00e4ga mugav kanda, meeldiv keha vastas tunda<\/li>\n<\/ul>\n<p>See rinnahoidja-poolkorsett sobib kokku tootefotodel olevate stringidega <a href=\"https:\/\/pesu24.ee\/en\/stringid-puksikud\/roosad-stringid-axami-v-9558\/\">Axami V-9558<\/a> ja sukahoidjaga <a href=\"https:\/\/pesu24.ee\/en\/sukahoidjad\/punane-sukahoidja-axami-v-9552\/\">Axami V-9552<\/a> kui ka bee\u017eide sukkadega <a href=\"https:\/\/pesu24.ee\/en\/sukad\/isehoidvad-beezid-sukad-axami-v-9644\/\">Axami V-9644<\/a>.<\/p>\n<p>NB! See rinnahoidja-poolkorsett on saadaval suurustes 65C-65E, 70A-70E, 75A-75E, 80A-80E ja 85B-80D. Kui eeltoodud suurust suuruste men\u00fc\u00fc valikus puudub, siis v\u00f5tke meiega julgelt online vestluse v\u00f5i e-maili (support@pesu24.ee) teel ning anname teada, millal antud suurus lattu saab.<\/p>","protected":false},"excerpt":{"rendered":"<p>&#46;&#46;&#46;<\/p>","protected":false},"featured_media":26232,"comment_status":"open","ping_status":"closed","template":"","meta":{"_glsr_average":0,"_glsr_ranking":0,"_glsr_reviews":0},"product_brand":[502],"product_cat":[423],"product_tag":[333,440],"class_list":{"0":"post-26005","1":"product","2":"type-product","3":"status-publish","4":"has-post-thumbnail","6":"product_brand-axami","7":"product_cat-topid-rinnahoidjad","8":"product_tag-axami","9":"product_tag-summer-love","10":"pa_varvus-punane","12":"first","13":"instock","14":"sold-individually","15":"taxable","16":"shipping-taxable","17":"purchasable","18":"product-type-variable"},"_links":{"self":[{"href":"https:\/\/pesu24.ee\/en\/wp-json\/wp\/v2\/product\/26005","targetHints":{"allow":["GET"]}}],"collection":[{"href":"https:\/\/pesu24.ee\/en\/wp-json\/wp\/v2\/product"}],"about":[{"href":"https:\/\/pesu24.ee\/en\/wp-json\/wp\/v2\/types\/product"}],"replies":[{"embeddable":true,"href":"https:\/\/pesu24.ee\/en\/wp-json\/wp\/v2\/comments?post=26005"}],"wp:featuredmedia":[{"embeddable":true,"href":"https:\/\/pesu24.ee\/en\/wp-json\/wp\/v2\/media\/26232"}],"wp:attachment":[{"href":"https:\/\/pesu24.ee\/en\/wp-json\/wp\/v2\/media?parent=26005"}],"wp:term":[{"taxonomy":"product_brand","embeddable":true,"href":"https:\/\/pesu24.ee\/en\/wp-json\/wp\/v2\/product_brand?post=26005"},{"taxonomy":"product_cat","embeddable":true,"href":"https:\/\/pesu24.ee\/en\/wp-json\/wp\/v2\/product_cat?post=26005"},{"taxonomy":"product_tag","embeddable":true,"href":"https:\/\/pesu24.ee\/en\/wp-json\/wp\/v2\/product_tag?post=26005"}],"curies":[{"name":"wp","href":"https:\/\/api.w.org\/{rel}","templated":true}]}}