{"id":26031,"date":"2025-08-19T00:34:59","date_gmt":"2025-08-18T21:34:59","guid":{"rendered":"https:\/\/pesu24.ee\/?post_type=product&#038;p=26031"},"modified":"2025-11-05T13:29:55","modified_gmt":"2025-11-05T10:29:55","slug":"avatud-punane-rinnahoidja-axami-v-9771","status":"publish","type":"product","link":"https:\/\/pesu24.ee\/en\/topid-rinnahoidjad\/avatud-punane-rinnahoidja-axami-v-9771\/","title":{"rendered":"Avatud punane rinnahoidja Axami V-9771"},"content":{"rendered":"<p>See punane ja fenomenaalne push-up rinnahoidja V-9771 on Axami <a href=\"https:\/\/pesu24.ee\/en\/omadus\/love-cave\/\">Love Cave<\/a> pesukollektsiooni v\u00e4rske ettepanek julgetele naistele, kellele meeldib m\u00e4ngida romantilise stiiliga erootilises vormis.<\/p>\n<p>Rinnahoidjal on tugikaared ja ees rinnakorvil kuldsed kaunistused ning punane lillemotiiviga pits. Tagant 3-astmelise kinnitusega ja t\u00e4ielikult \u00f5lapaeladest reguleeritav, mis tagab ideaalse sobivuse ja kandmismugavuse.<\/p>\n<p><span style=\"color: #008000;\"><strong>OMADUSED<\/strong><\/span><\/p>\n<ul>\n<li>komplektis push-up rinnahoidja<\/li>\n<li>rinnahoidja rinnakorv avatud<\/li>\n<li>tugikaared, tagant 3-astmelise kinnitusega<\/li>\n<li>adjustable shoulder straps<\/li>\n<li>v\u00e4ga mugav kanda, kvaliteetne kangas<\/li>\n<li>36% pol\u00fcamiid, 33% puuvill, 15% pol\u00fcester, 9% pol\u00fcuretaan, 7% elastaan<\/li>\n<li>saadaval suurustes XS, S, M, L, XL<\/li>\n<\/ul>\n<p>Juhul kui sobivat suurust suuruste valikust ei leia, siis v\u00f5tke palun \u00fchendust klienditoega aadressil support@pesu24.ee ja anname teada tarneaja.<\/p>\n<p>Lisaks tootefotodel on sukapaeladeta pihav\u00f6\u00f6 <a href=\"https:\/\/pesu24.ee\/en\/aksessuaarid\/punane-pihavoo-axami-v-9772\/\">Axami V-9772<\/a> ja punased lipsuga kaunistatud stringid <a href=\"https:\/\/pesu24.ee\/en\/stringid-puksikud\/punased-stringid-axami-v-9778\/\">Axami V-9778<\/a>. K\u00f5ik need tooted on meie e-poes olemas ja soovi korral tuleb need osta eraldi.<\/p>","protected":false},"excerpt":{"rendered":"<p>&#46;&#46;&#46;<\/p>","protected":false},"featured_media":26247,"comment_status":"open","ping_status":"closed","template":"","meta":{"_glsr_average":0,"_glsr_ranking":0,"_glsr_reviews":0},"product_brand":[502],"product_cat":[423],"product_tag":[333,445],"class_list":{"0":"post-26031","1":"product","2":"type-product","3":"status-publish","4":"has-post-thumbnail","6":"product_brand-axami","7":"product_cat-topid-rinnahoidjad","8":"product_tag-axami","9":"product_tag-love-cave","10":"pa_suurus-l","11":"pa_suurus-m","12":"pa_suurus-s","13":"pa_suurus-xl","14":"pa_varvus-punane","16":"first","17":"instock","18":"sold-individually","19":"taxable","20":"shipping-taxable","21":"purchasable","22":"product-type-variable"},"_links":{"self":[{"href":"https:\/\/pesu24.ee\/en\/wp-json\/wp\/v2\/product\/26031","targetHints":{"allow":["GET"]}}],"collection":[{"href":"https:\/\/pesu24.ee\/en\/wp-json\/wp\/v2\/product"}],"about":[{"href":"https:\/\/pesu24.ee\/en\/wp-json\/wp\/v2\/types\/product"}],"replies":[{"embeddable":true,"href":"https:\/\/pesu24.ee\/en\/wp-json\/wp\/v2\/comments?post=26031"}],"wp:featuredmedia":[{"embeddable":true,"href":"https:\/\/pesu24.ee\/en\/wp-json\/wp\/v2\/media\/26247"}],"wp:attachment":[{"href":"https:\/\/pesu24.ee\/en\/wp-json\/wp\/v2\/media?parent=26031"}],"wp:term":[{"taxonomy":"product_brand","embeddable":true,"href":"https:\/\/pesu24.ee\/en\/wp-json\/wp\/v2\/product_brand?post=26031"},{"taxonomy":"product_cat","embeddable":true,"href":"https:\/\/pesu24.ee\/en\/wp-json\/wp\/v2\/product_cat?post=26031"},{"taxonomy":"product_tag","embeddable":true,"href":"https:\/\/pesu24.ee\/en\/wp-json\/wp\/v2\/product_tag?post=26031"}],"curies":[{"name":"wp","href":"https:\/\/api.w.org\/{rel}","templated":true}]}}