{"id":26442,"date":"2025-08-19T00:42:16","date_gmt":"2025-08-18T21:42:16","guid":{"rendered":"https:\/\/pesu24.ee\/?post_type=product&#038;p=26442"},"modified":"2025-12-29T11:09:35","modified_gmt":"2025-12-29T08:09:35","slug":"lumivalgest-pitsist-rinnahoidja-axami-v-9821","status":"publish","type":"product","link":"https:\/\/pesu24.ee\/en\/topid-rinnahoidjad\/lumivalgest-pitsist-rinnahoidja-axami-v-9821\/","title":{"rendered":"Lumivalgest pitsist rinnahoidja Axami V-9821"},"content":{"rendered":"<p><strong>Avastage Axami <a href=\"https:\/\/pesu24.ee\/en\/omadus\/love-cave\/\" target=\"_blank\" rel=\"noopener\">Love Cave<\/a> kollektsiooni rinnahoidja V-9821 &#8211; lumivalge puhtuse ja delikaatsuse v\u00f5lu. See erakordne avatud rinnakorviga rinnahoidja lumivalges on kui liblikavabaduse s\u00fcmboolika, millel on seljaosas pitsitiivad, tuues esile naiseliku elegantsi ja romantilise stiili. <\/strong><\/p>\n<p>Kvaliteetne pits ja pehme korv tugikaartega tagavad t\u00e4iusliku mugavuse ja praktilisuse, samas kui \u00f5lapaelad on t\u00e4ielikult reguleeritavad ja rinnahoidja tagak\u00fcljel on kolmeastmeline kinnitus.<\/p>\n<p>Rikasta oma garderoobi, kombineerides V-9821 rinnahoidjat valgete avatud <a href=\"https:\/\/pesu24.ee\/en\/stringid-puksikud\/lumivalged-avatud-stringid-axami-v-9828\/\" target=\"_blank\" rel=\"noopener\">V-9828 stringidega<\/a> ning Axami isehoidvate valgete sukkadega <a href=\"https:\/\/pesu24.ee\/en\/sukad\/isehoidvad-valged-sukad-axami-v-9794\/\" target=\"_blank\" rel=\"noopener\">V-9794<\/a>, et luua t\u00e4iuslik ja harmooniline komplekt. Saadaval suurustes XS kuni XL. Kui teie suurust pole saadaval, v\u00f5tke meiega julgelt \u00fchendust.<\/p>\n<p>Ja see ei ole veel k\u00f5ik &#8211; sooviksid erinevat v\u00e4limust? See t\u00e4iuslik pesukomplekt on saadaval ka s\u00fcgavas mustas, et pakkuda sulle rohkem valikuid s\u00f5ltuvalt sinu meeleolust ja s\u00fcndmusest.<\/p>\n<p><span style=\"color: #008000;\"><strong>DETAILS<\/strong><\/span><\/p>\n<ul>\n<li>komplektis lumivalge rinnahoidja<\/li>\n<li>avatud rinnakorv<\/li>\n<li>stringid ja sukad tuleb osta eraldi<\/li>\n<li>rinnakorv pehme, ilma polsterdusteta<\/li>\n<li>rinnakorv tugikaartega<\/li>\n<li>adjustable shoulder straps<\/li>\n<li>tagant astmelise kinnitusega<\/li>\n<\/ul>","protected":false},"excerpt":{"rendered":"<p>&#46;&#46;&#46;<\/p>","protected":false},"featured_media":26489,"comment_status":"open","ping_status":"closed","template":"","meta":{"_glsr_average":0,"_glsr_ranking":0,"_glsr_reviews":0},"product_brand":[502],"product_cat":[423],"product_tag":[333,445],"class_list":{"0":"post-26442","1":"product","2":"type-product","3":"status-publish","4":"has-post-thumbnail","6":"product_brand-axami","7":"product_cat-topid-rinnahoidjad","8":"product_tag-axami","9":"product_tag-love-cave","10":"pa_suurus-l","11":"pa_suurus-m","12":"pa_suurus-s","13":"pa_suurus-xl","14":"pa_varvus-valge","16":"first","17":"instock","18":"sold-individually","19":"taxable","20":"shipping-taxable","21":"purchasable","22":"product-type-variable"},"_links":{"self":[{"href":"https:\/\/pesu24.ee\/en\/wp-json\/wp\/v2\/product\/26442","targetHints":{"allow":["GET"]}}],"collection":[{"href":"https:\/\/pesu24.ee\/en\/wp-json\/wp\/v2\/product"}],"about":[{"href":"https:\/\/pesu24.ee\/en\/wp-json\/wp\/v2\/types\/product"}],"replies":[{"embeddable":true,"href":"https:\/\/pesu24.ee\/en\/wp-json\/wp\/v2\/comments?post=26442"}],"wp:featuredmedia":[{"embeddable":true,"href":"https:\/\/pesu24.ee\/en\/wp-json\/wp\/v2\/media\/26489"}],"wp:attachment":[{"href":"https:\/\/pesu24.ee\/en\/wp-json\/wp\/v2\/media?parent=26442"}],"wp:term":[{"taxonomy":"product_brand","embeddable":true,"href":"https:\/\/pesu24.ee\/en\/wp-json\/wp\/v2\/product_brand?post=26442"},{"taxonomy":"product_cat","embeddable":true,"href":"https:\/\/pesu24.ee\/en\/wp-json\/wp\/v2\/product_cat?post=26442"},{"taxonomy":"product_tag","embeddable":true,"href":"https:\/\/pesu24.ee\/en\/wp-json\/wp\/v2\/product_tag?post=26442"}],"curies":[{"name":"wp","href":"https:\/\/api.w.org\/{rel}","templated":true}]}}