{"id":26444,"date":"2025-08-19T00:42:16","date_gmt":"2025-08-18T21:42:16","guid":{"rendered":"https:\/\/pesu24.ee\/?post_type=product&#038;p=26444"},"modified":"2025-12-29T13:32:33","modified_gmt":"2025-12-29T10:32:33","slug":"tumemustast-pitsist-rinnahoidja-axami-v-9811","status":"publish","type":"product","link":"https:\/\/pesu24.ee\/en\/topid-rinnahoidjad\/tumemustast-pitsist-rinnahoidja-axami-v-9811\/","title":{"rendered":"Tumemustast pitsist rinnahoidja Axami V-9811"},"content":{"rendered":"<p><strong>Tutvuge Axami <a href=\"https:\/\/pesu24.ee\/en\/omadus\/love-cave\/\" target=\"_blank\" rel=\"noopener\">Love Cave<\/a> kollektsiooni rinnahoidjaga V-9811, mis n\u00fc\u00fcd on saadaval kirglikus mustas, tuues esile salap\u00e4ra ja naiseliku v\u00f5imu. See erakordne avatud tumemust rinnakorviga rinnahoidja on kui liblikavabaduse s\u00fcmboolika, millel on seljaosas pitsitiivad, r\u00f5hutades kirglikku elegantsi ja luksuslikku stiili.\u00a0<\/strong><\/p>\n<p>Kvaliteetne pits ja pehme korv tugikaartega tagavad t\u00e4iusliku mugavuse ja praktilisuse, samas kui \u00f5lapaelad on t\u00e4ielikult reguleeritavad ja rinnahoidja tagak\u00fcljel on kolmeastmeline kinnitus.<\/p>\n<p>Rikasta oma garderoobi, kombineerides V-9822 rinnahoidjat tumemustades avatud <a href=\"https:\/\/pesu24.ee\/en\/stringid-puksikud\/tumemustad-avatud-stringid-axami-v-9818\/\" target=\"_blank\" rel=\"noopener\">V-9818<\/a> stringidega ning <a href=\"https:\/\/pesu24.ee\/en\/sukad\/\" target=\"_blank\" rel=\"noopener\">Axami sukkadega<\/a>, et luua t\u00e4iuslik ja harmooniline komplekt. Saadaval suurustes XS kuni XL. Kui teie suurust pole saadaval, v\u00f5tke meiega julgelt \u00fchendust.<\/p>\n<p>Ja see ei ole veel k\u00f5ik &#8211; sooviksid erinevat v\u00e4limust? See kirglik pesukomplekt on saadaval ka \u00f5rnas lumivalges, et pakkuda sulle rohkem valikuid s\u00f5ltuvalt sinu meeleolust ja s\u00fcndmusest.<\/p>\n<p><span style=\"color: #008000;\"><strong>DETAILS<\/strong><\/span><\/p>\n<ul>\n<li>komplektis tumemust rinnahoidja<\/li>\n<li>avatud rinnakorv<\/li>\n<li>stringid tuleb osta eraldi<\/li>\n<li>rinnakorv pehme, ilma polsterdusteta<\/li>\n<li>rinnakorv tugikaartega<\/li>\n<li>adjustable shoulder straps<\/li>\n<li>tagant astmelise kinnitusega<\/li>\n<\/ul>\n<p>Tootefotode viimasel fotol on isehoidvad <a href=\"https:\/\/pesu24.ee\/en\/sukad\/sukad-axami-pampero-v-7064\/\" target=\"_blank\" rel=\"noopener\">Axami V-7064 sukad<\/a>.<\/p>","protected":false},"excerpt":{"rendered":"<p>&#46;&#46;&#46;<\/p>","protected":false},"featured_media":26501,"comment_status":"open","ping_status":"closed","template":"","meta":{"_glsr_average":0,"_glsr_ranking":0,"_glsr_reviews":0},"product_brand":[502],"product_cat":[423],"product_tag":[333,445],"class_list":{"0":"post-26444","1":"product","2":"type-product","3":"status-publish","4":"has-post-thumbnail","6":"product_brand-axami","7":"product_cat-topid-rinnahoidjad","8":"product_tag-axami","9":"product_tag-love-cave","10":"pa_suurus-l","11":"pa_suurus-m","12":"pa_suurus-s","13":"pa_suurus-xl","14":"pa_varvus-must","16":"first","17":"instock","18":"sold-individually","19":"taxable","20":"shipping-taxable","21":"purchasable","22":"product-type-variable"},"_links":{"self":[{"href":"https:\/\/pesu24.ee\/en\/wp-json\/wp\/v2\/product\/26444","targetHints":{"allow":["GET"]}}],"collection":[{"href":"https:\/\/pesu24.ee\/en\/wp-json\/wp\/v2\/product"}],"about":[{"href":"https:\/\/pesu24.ee\/en\/wp-json\/wp\/v2\/types\/product"}],"replies":[{"embeddable":true,"href":"https:\/\/pesu24.ee\/en\/wp-json\/wp\/v2\/comments?post=26444"}],"wp:featuredmedia":[{"embeddable":true,"href":"https:\/\/pesu24.ee\/en\/wp-json\/wp\/v2\/media\/26501"}],"wp:attachment":[{"href":"https:\/\/pesu24.ee\/en\/wp-json\/wp\/v2\/media?parent=26444"}],"wp:term":[{"taxonomy":"product_brand","embeddable":true,"href":"https:\/\/pesu24.ee\/en\/wp-json\/wp\/v2\/product_brand?post=26444"},{"taxonomy":"product_cat","embeddable":true,"href":"https:\/\/pesu24.ee\/en\/wp-json\/wp\/v2\/product_cat?post=26444"},{"taxonomy":"product_tag","embeddable":true,"href":"https:\/\/pesu24.ee\/en\/wp-json\/wp\/v2\/product_tag?post=26444"}],"curies":[{"name":"wp","href":"https:\/\/api.w.org\/{rel}","templated":true}]}}