{"id":26447,"date":"2025-12-07T00:42:16","date_gmt":"2025-12-06T21:42:16","guid":{"rendered":"https:\/\/pesu24.ee\/?post_type=product&#038;p=26447"},"modified":"2025-12-11T19:39:40","modified_gmt":"2025-12-11T16:39:40","slug":"avatud-rinnahoidja-axami-v-9891","status":"publish","type":"product","link":"https:\/\/pesu24.ee\/en\/topid-rinnahoidjad\/avatud-rinnahoidja-axami-v-9891\/","title":{"rendered":"Avatud rinnahoidja Axami V-9891"},"content":{"rendered":"<p><strong>Tutvuge <a href=\"https:\/\/pesu24.ee\/en\/omadus\/love-cave\/\" target=\"_blank\" rel=\"noopener\">Love Cave<\/a> pesukollektsiooni kuuluva Axami V-9891 rinnahoidjaga &#8211; t\u00f5elise kunstiteosega, mis on loodud iga naise jaoks, kes ihkab enesekindlust ja sensuaalsust. Bee\u017e toon kohtub musta pitsiga, et luua pilkup\u00fc\u00fcdev kontrast, mille tulemuseks on ainulaadne ja lummav disain.<\/strong><\/p>\n<p>See rinnahoidja on disainitud naisele, kes ei karda n\u00e4idata oma julget k\u00fclge. Avatud rinnakorv koos tugikaartega pakub ideaalset tuge, samal ajal r\u00f5hutades naise keha loomulikku ilu.<\/p>\n<p>Rinnahoidja tagant mitmeastmelise kinnitusega tagab t\u00e4iusliku sobivuse, samas kui \u00f5lapaeltelt leitavad reguleerimisv\u00f5imalused ja eemaldatavus v\u00f5imaldavad individuaalset kohandamist. Lase end hellitada k\u00f5rgkvaliteetsest materjalist, mis on sama pehme kui sulg ja samas vastupidav.<\/p>\n<p>Kombineeri see rinnahoidja tootefotodel olevate Axami <a href=\"https:\/\/pesu24.ee\/en\/stringid-puksikud\/stringid-axami-v-9898\/\" target=\"_blank\" rel=\"noopener\">V-9898 stringidega<\/a>, Axami <a href=\"https:\/\/pesu24.ee\/en\/aksessuaarid\/sukavoo-axami-v-9892\/\" target=\"_blank\" rel=\"noopener\">V-9892 sukav\u00f6\u00f6ga<\/a> ja omale <a href=\"https:\/\/pesu24.ee\/en\/sukad\/\">meelep\u00e4raste sukkadega<\/a>, et luua t\u00e4iuslik komplekt, mis on sama sensuaalne ja elegantne nagu sina ise.<\/p>\n<p>Laske end lummatada Axami luksusliku pesukollektsiooniga. See pole lihtsalt rinnahoidja, see on enesekindluse, elegantsi ja sensuaalsuse s\u00fcmbol.<\/p>\n<div class=\"omadused\">\n<p>Details<\/p>\n<ul>\n<li>Komplektis: rinnahoidja (stringid, sukav\u00f6\u00f6 ja sukad tuleb osta eraldi)<\/li>\n<li>V\u00e4rvus: bee\u017e \/ must<\/li>\n<li>Tugikaared: olemas<\/li>\n<li>Polsterdused: puuduvad<\/li>\n<li>Tagakinnitus: astmeline<\/li>\n<li>Kangas: 55% pol\u00fcamiid, 16% puuvill, 11% elastaan, 11% pol\u00fcester, 7% polu\u00fctraan<\/li>\n<li>\u00d5lapaelad: reguleeritavad ja eemaldatavad<\/li>\n<li>Erilised kaunistused: rinnakorvi keskel<\/li>\n<\/ul>\n<p>T\u00f5elistele daamidele, kes teavad, mida nad soovivad.<\/p>\n<\/div>\n<h2>Selle tootega sobivad kokku<\/h2>\n<div class=\"woocommerce columns-3\"><ul class=\"products columns-3\">\n<li class=\"product type-product post-27221 status-publish first instock product_cat-sukahoidjad product_tag-axami product_tag-love-cave has-post-thumbnail sold-individually taxable shipping-taxable purchasable product-type-variable woovr-active woovr-show-price\">\n\t<a href=\"https:\/\/pesu24.ee\/en\/sukahoidjad\/sukavoo-axami-v-9892\/\" class=\"woocommerce-LoopProduct-link woocommerce-loop-product__link\"><img loading=\"lazy\" decoding=\"async\" width=\"300\" height=\"300\" src=\"https:\/\/pesu24.ee\/wp-content\/uploads\/2025\/08\/axami-v-9892-1-300x300.jpg\" class=\"attachment-woocommerce_thumbnail size-woocommerce_thumbnail\" alt=\"Sukav\u00f6\u00f6 Axami V-9892\" srcset=\"https:\/\/pesu24.ee\/wp-content\/uploads\/2025\/08\/axami-v-9892-1-300x300.jpg 300w, https:\/\/pesu24.ee\/wp-content\/uploads\/2025\/08\/axami-v-9892-1-150x150.jpg 150w, https:\/\/pesu24.ee\/wp-content\/uploads\/2025\/08\/axami-v-9892-1-768x768.jpg 768w, https:\/\/pesu24.ee\/wp-content\/uploads\/2025\/08\/axami-v-9892-1-12x12.jpg 12w, https:\/\/pesu24.ee\/wp-content\/uploads\/2025\/08\/axami-v-9892-1-160x160.jpg 160w, https:\/\/pesu24.ee\/wp-content\/uploads\/2025\/08\/axami-v-9892-1-320x320.jpg 320w, https:\/\/pesu24.ee\/wp-content\/uploads\/2025\/08\/axami-v-9892-1-600x600.jpg 600w, https:\/\/pesu24.ee\/wp-content\/uploads\/2025\/08\/axami-v-9892-1-100x100.jpg 100w, https:\/\/pesu24.ee\/wp-content\/uploads\/2025\/08\/axami-v-9892-1-135x135.jpg 135w, https:\/\/pesu24.ee\/wp-content\/uploads\/2025\/08\/axami-v-9892-1.jpg 900w\" sizes=\"auto, (max-width: 300px) 100vw, 300px\" \/><div class=\"product-badges\">  <span class=\"badge badge--stock\"><span class=\"dot\" aria-hidden=\"true\"><\/span>Laos<\/span><\/div><h2 class=\"woocommerce-loop-product__title\">Sukav\u00f6\u00f6 Axami V-9892<\/h2>\n\t<span class=\"price\"><span class=\"woocommerce-Price-amount amount\"><bdi><span class=\"woocommerce-Price-currencySymbol\">&euro;<\/span>29.<span class=\"price-cents\">90<\/span><\/bdi><\/span><\/span>\n<\/a><a class=\"mw-size-hints mw-loop\" href=\"https:\/\/pesu24.ee\/en\/sukahoidjad\/sukavoo-axami-v-9892\/\" aria-label=\"Sukav\u00f6\u00f6 Axami V-9892 \u2013 vali suurus\"><div class=\"mw-sizes-line\"><span class=\"mw-sizes-label\">Size:<\/span> <span class=\"mw-sizes\"><span class=\"mw-size-badge\">S<\/span> <span class=\"mw-size-badge\">L<\/span> <span class=\"mw-size-badge\">XL<\/span><\/span><\/div><\/a><a href=\"https:\/\/pesu24.ee\/en\/sukahoidjad\/sukavoo-axami-v-9892\/\" aria-describedby=\"woocommerce_loop_add_to_cart_link_describedby_27221\" data-quantity=\"1\" class=\"button product_type_variable add_to_cart_button\" data-product_id=\"27221\" data-product_sku=\"\" aria-label=\"Select options for \u201cSukav\u00f6\u00f6 Axami V-9892\u201d\" rel=\"nofollow\" data-no-translation-aria-label=\"\">Select size<\/a>\t<span id=\"woocommerce_loop_add_to_cart_link_describedby_27221\" class=\"screen-reader-text\">\n\t\tThis product has multiple variants. The options may be chosen on the product page\t<\/span>\n<\/li>\n<li class=\"product type-product post-24273 status-publish instock product_cat-stringid-puksikud product_tag-axami product_tag-love-cave has-post-thumbnail sold-individually taxable shipping-taxable purchasable product-type-variable woovr-active woovr-show-price\">\n\t<a href=\"https:\/\/pesu24.ee\/en\/stringid-puksikud\/stringid-axami-v-9898\/\" class=\"woocommerce-LoopProduct-link woocommerce-loop-product__link\"><img loading=\"lazy\" decoding=\"async\" width=\"300\" height=\"300\" src=\"https:\/\/pesu24.ee\/wp-content\/uploads\/2025\/08\/axami-v-9898-1-300x300.jpg\" class=\"attachment-woocommerce_thumbnail size-woocommerce_thumbnail\" alt=\"Stringid Axami V-9898\" srcset=\"https:\/\/pesu24.ee\/wp-content\/uploads\/2025\/08\/axami-v-9898-1-300x300.jpg 300w, https:\/\/pesu24.ee\/wp-content\/uploads\/2025\/08\/axami-v-9898-1-150x150.jpg 150w, https:\/\/pesu24.ee\/wp-content\/uploads\/2025\/08\/axami-v-9898-1-768x768.jpg 768w, https:\/\/pesu24.ee\/wp-content\/uploads\/2025\/08\/axami-v-9898-1-12x12.jpg 12w, https:\/\/pesu24.ee\/wp-content\/uploads\/2025\/08\/axami-v-9898-1-160x160.jpg 160w, https:\/\/pesu24.ee\/wp-content\/uploads\/2025\/08\/axami-v-9898-1-320x320.jpg 320w, https:\/\/pesu24.ee\/wp-content\/uploads\/2025\/08\/axami-v-9898-1-600x600.jpg 600w, https:\/\/pesu24.ee\/wp-content\/uploads\/2025\/08\/axami-v-9898-1-100x100.jpg 100w, https:\/\/pesu24.ee\/wp-content\/uploads\/2025\/08\/axami-v-9898-1-135x135.jpg 135w, https:\/\/pesu24.ee\/wp-content\/uploads\/2025\/08\/axami-v-9898-1.jpg 900w\" sizes=\"auto, (max-width: 300px) 100vw, 300px\" \/><div class=\"product-badges\">  <span class=\"badge badge--stock\"><span class=\"dot\" aria-hidden=\"true\"><\/span>Laos<\/span><\/div><h2 class=\"woocommerce-loop-product__title\">Stringid Axami V-9898<\/h2>\n\t<span class=\"price\"><span class=\"woocommerce-Price-amount amount\"><bdi><span class=\"woocommerce-Price-currencySymbol\">&euro;<\/span>19.<span class=\"price-cents\">90<\/span><\/bdi><\/span><\/span>\n<\/a><a class=\"mw-size-hints mw-loop\" href=\"https:\/\/pesu24.ee\/en\/stringid-puksikud\/stringid-axami-v-9898\/\" aria-label=\"Stringid Axami V-9898 \u2013 vali suurus\"><div class=\"mw-sizes-line\"><span class=\"mw-sizes-label\">Size:<\/span> <span class=\"mw-sizes\"><span class=\"mw-size-badge\">S<\/span> <span class=\"mw-size-badge\">M<\/span> <span class=\"mw-size-badge\">L<\/span> <span class=\"mw-size-badge\">XL<\/span><\/span><\/div><\/a><a href=\"https:\/\/pesu24.ee\/en\/stringid-puksikud\/stringid-axami-v-9898\/\" aria-describedby=\"woocommerce_loop_add_to_cart_link_describedby_24273\" data-quantity=\"1\" class=\"button product_type_variable add_to_cart_button\" data-product_id=\"24273\" data-product_sku=\"\" aria-label=\"Select options for \u201cStringid Axami V-9898\u201d\" rel=\"nofollow\" data-no-translation-aria-label=\"\">Select size<\/a>\t<span id=\"woocommerce_loop_add_to_cart_link_describedby_24273\" class=\"screen-reader-text\">\n\t\tThis product has multiple variants. The options may be chosen on the product page\t<\/span>\n<\/li>\n<\/ul>\n<\/div>","protected":false},"excerpt":{"rendered":"<p>&#46;&#46;&#46;<\/p>","protected":false},"featured_media":30032,"comment_status":"open","ping_status":"closed","template":"","meta":{"_glsr_average":0,"_glsr_ranking":0,"_glsr_reviews":0},"product_brand":[502],"product_cat":[423],"product_tag":[333,445],"class_list":{"0":"post-26447","1":"product","2":"type-product","3":"status-publish","4":"has-post-thumbnail","6":"product_brand-axami","7":"product_cat-topid-rinnahoidjad","8":"product_tag-axami","9":"product_tag-love-cave","10":"pa_suurus-l","11":"pa_suurus-m","12":"pa_suurus-s","13":"pa_suurus-xl","14":"pa_varvus-must","16":"first","17":"instock","18":"sold-individually","19":"taxable","20":"shipping-taxable","21":"purchasable","22":"product-type-variable"},"_links":{"self":[{"href":"https:\/\/pesu24.ee\/en\/wp-json\/wp\/v2\/product\/26447","targetHints":{"allow":["GET"]}}],"collection":[{"href":"https:\/\/pesu24.ee\/en\/wp-json\/wp\/v2\/product"}],"about":[{"href":"https:\/\/pesu24.ee\/en\/wp-json\/wp\/v2\/types\/product"}],"replies":[{"embeddable":true,"href":"https:\/\/pesu24.ee\/en\/wp-json\/wp\/v2\/comments?post=26447"}],"wp:featuredmedia":[{"embeddable":true,"href":"https:\/\/pesu24.ee\/en\/wp-json\/wp\/v2\/media\/30032"}],"wp:attachment":[{"href":"https:\/\/pesu24.ee\/en\/wp-json\/wp\/v2\/media?parent=26447"}],"wp:term":[{"taxonomy":"product_brand","embeddable":true,"href":"https:\/\/pesu24.ee\/en\/wp-json\/wp\/v2\/product_brand?post=26447"},{"taxonomy":"product_cat","embeddable":true,"href":"https:\/\/pesu24.ee\/en\/wp-json\/wp\/v2\/product_cat?post=26447"},{"taxonomy":"product_tag","embeddable":true,"href":"https:\/\/pesu24.ee\/en\/wp-json\/wp\/v2\/product_tag?post=26447"}],"curies":[{"name":"wp","href":"https:\/\/api.w.org\/{rel}","templated":true}]}}